{"id":2377,"date":"2022-09-05T12:40:04","date_gmt":"2022-09-05T12:40:04","guid":{"rendered":"https:\/\/domano.ba\/?post_type=product&#038;p=2377"},"modified":"2024-09-02T00:00:04","modified_gmt":"2024-09-02T00:00:04","slug":"vino-domano-blatina","status":"publish","type":"product","link":"https:\/\/domano.ba\/en\/nasa-vina\/vrhunsko-crveno-suho-vino\/vino-domano-blatina\/","title":{"rendered":"Domano Blatina wine"},"content":{"rendered":"<div class=\"vc_row wpb_row vc_inner vc_row-fluid\">\n<div class=\"wpb_column vc_column_container vc_col-sm-9\">\n<div class=\"vc_column-inner\">\n<div class=\"wpb_wrapper\">\n<div class=\"wpb_text_column wpb_content_element\">\n<div class=\"wpb_wrapper\">\n<p><em><strong>STYLE:<\/strong><\/em><br \/>\nTop quality dry red wine<\/p>\n<\/div>\n<\/div>\n<\/div>\n<\/div>\n<\/div>\n<\/div>\n<div class=\"vc_row wpb_row vc_inner vc_row-fluid\">\n<div class=\"wpb_column vc_column_container vc_col-sm-9\">\n<div class=\"vc_column-inner\">\n<div class=\"wpb_wrapper\">\n<div class=\"wpb_text_column wpb_content_element\">\n<div class=\"wpb_wrapper\">\n<p><em><strong>SORT:<\/strong><\/em><br \/>\nBlatina<\/p>\n<\/div>\n<\/div>\n<\/div>\n<\/div>\n<\/div>\n<\/div>\n<div class=\"vc_row wpb_row vc_inner vc_row-fluid\">\n<div class=\"wpb_column vc_column_container vc_col-sm-9\">\n<div class=\"vc_column-inner\">\n<div class=\"wpb_wrapper\">\n<div class=\"wpb_text_column wpb_content_element\">\n<div class=\"wpb_wrapper\">\n<p><strong><em>ALCOHOL CONTENT:<\/em><\/strong><br \/>\n13%<\/p>\n<\/div>\n<\/div>\n<\/div>\n<\/div>\n<\/div>\n<\/div>\n<div class=\"vc_row wpb_row vc_inner vc_row-fluid\">\n<div class=\"wpb_column vc_column_container vc_col-sm-9\">\n<div class=\"vc_column-inner\">\n<div class=\"wpb_wrapper\">\n<div class=\"wpb_text_column wpb_content_element\">\n<div class=\"wpb_wrapper\">\n<p><strong><em>VINIFICATION PROCESS:<\/em><\/strong><br \/>\nManual harvesting, classic fermentation and maceration for 7 days at a temperature of 25 \u00b0C in a vinifier.<\/p>\n<\/div>\n<\/div>\n<\/div>\n<\/div>\n<\/div>\n<\/div>\n<div class=\"vc_row wpb_row vc_inner vc_row-fluid\">\n<div class=\"wpb_column vc_column_container vc_col-sm-9\">\n<div class=\"vc_column-inner\">\n<div class=\"wpb_wrapper\">\n<div class=\"wpb_text_column wpb_content_element\">\n<div class=\"wpb_wrapper\">\n<p><em><strong>MATURATION:<\/strong><\/em><br \/>\n15 months in a large oak barrel, then 3 months in the bottle.<\/p>\n<\/div>\n<\/div>\n<\/div>\n<\/div>\n<\/div>\n<\/div>\n<div class=\"vc_row wpb_row vc_inner vc_row-fluid\">\n<div class=\"wpb_column vc_column_container vc_col-sm-9\">\n<div class=\"vc_column-inner\">\n<div class=\"wpb_wrapper\">\n<div class=\"wpb_text_column wpb_content_element\">\n<div class=\"wpb_wrapper\">\n<p><strong><em>CHARACTERISTICS:<\/em><\/strong><br \/>\nTop quality red dry wine produced from the Blatina grape variety of the same name. Blatina is a ruby red color with a developed characteristic aroma, full and harmonious taste. It will show its Mediterranean playfulness only when drinking and is rewarded with an extraordinary fruity aroma of sour cherry, black cherry, blackberry and vanilla, as well as a pleasant dry taste, soft and supple, yet fiery. Blatina strengthens and invigorates, so whoever tastes it once, beckons to a permanent friendship.<\/p>\n<\/div>\n<\/div>\n<\/div>\n<\/div>\n<\/div>\n<\/div>\n<div class=\"vc_row wpb_row vc_inner vc_row-fluid\">\n<div class=\"wpb_column vc_column_container vc_col-sm-9\">\n<div class=\"vc_column-inner\">\n<div class=\"wpb_wrapper\">\n<div class=\"wpb_text_column wpb_content_element\">\n<div class=\"wpb_wrapper\">\n<p><strong><em>FOOD AND SERVING:<\/em><\/strong><br \/>\nIt goes well with red meat dishes, all kinds of game, steak, grilled dishes, tuna, octopus, strong cheeses (Livanjski) and prosciutto. Spices such as pepper, rosemary, cinnamon, mint go perfectly with this wine. Best served at 18 \u00b0C.<\/p>\n<\/div>\n<\/div>\n<\/div>\n<\/div>\n<\/div>\n<\/div>","protected":false},"excerpt":{"rendered":"<p>Top quality red dry wine produced from the Blatina grape variety of the same name. Blatina is a ruby red color with a developed characteristic aroma, full and harmonious taste. It will show its Mediterranean playfulness only when drinking and is rewarded with an extraordinary fruity aroma of sour cherry, black cherry, blackberry and vanilla, as well as a pleasant dry taste, soft and supple, yet fiery. Blatina strengthens and invigorates, so whoever tastes it once, beckons to a permanent friendship.<\/p>","protected":false},"featured_media":20067,"comment_status":"open","ping_status":"closed","template":"","meta":[],"product_cat":[217,192],"product_tag":[194,197,187],"class_list":{"0":"post-2377","1":"product","2":"type-product","3":"status-publish","4":"has-post-thumbnail","6":"product_cat-crvena-vina","7":"product_cat-vrhunsko-crveno-suho-vino","8":"product_tag-blatina","9":"product_tag-crveno-vino","10":"product_tag-vrhunsko","12":"first","13":"instock","14":"shipping-taxable","15":"purchasable","16":"product-type-simple"},"yoast_head":"<!-- This site is optimized with the Yoast SEO plugin v26.9 - https:\/\/yoast.com\/product\/yoast-seo-wordpress\/ -->\n<title>Vino Domano Blatina - Vina Domano - Vinarija Domanica d.o.o.<\/title>\n<meta name=\"description\" content=\"Vrhunsko crveno suho vino Domano Blatina proizvedeno od istoimene sorte gro\u017e\u0111a . Blatina je rubin crvene boje razvijenog karakteristi\u010dnog mirisa, punog...\" \/>\n<meta name=\"robots\" content=\"index, follow, max-snippet:-1, max-image-preview:large, max-video-preview:-1\" \/>\n<link rel=\"canonical\" href=\"https:\/\/domano.ba\/en\/nasa-vina\/vrhunsko-crveno-suho-vino\/vino-domano-blatina\/\" \/>\n<meta property=\"og:locale\" content=\"en_US\" \/>\n<meta property=\"og:type\" content=\"article\" \/>\n<meta property=\"og:title\" content=\"Vino Domano Blatina - Vina Domano - Vinarija Domanica d.o.o.\" \/>\n<meta property=\"og:description\" content=\"Vrhunsko crveno suho vino Domano Blatina proizvedeno od istoimene sorte gro\u017e\u0111a . Blatina je rubin crvene boje razvijenog karakteristi\u010dnog mirisa, punog...\" \/>\n<meta property=\"og:url\" content=\"https:\/\/domano.ba\/en\/nasa-vina\/vrhunsko-crveno-suho-vino\/vino-domano-blatina\/\" \/>\n<meta property=\"og:site_name\" content=\"Vina Domano - Vinarija Domanica d.o.o.\" \/>\n<meta property=\"article:modified_time\" content=\"2024-09-02T00:00:04+00:00\" \/>\n<meta property=\"og:image\" content=\"https:\/\/domano.ba\/wp-content\/uploads\/2022\/09\/blatina-vrhunsko.jpg\" \/>\n\t<meta property=\"og:image:width\" content=\"1200\" \/>\n\t<meta property=\"og:image:height\" content=\"1800\" \/>\n\t<meta property=\"og:image:type\" content=\"image\/jpeg\" \/>\n<meta name=\"twitter:card\" content=\"summary_large_image\" \/>\n<meta name=\"twitter:label1\" content=\"Est. reading time\" \/>\n\t<meta name=\"twitter:data1\" content=\"2 minutes\" \/>\n<script type=\"application\/ld+json\" class=\"yoast-schema-graph\">{\"@context\":\"https:\/\/schema.org\",\"@graph\":[{\"@type\":\"WebPage\",\"@id\":\"https:\/\/domano.ba\/nasa-vina\/vrhunsko-crveno-suho-vino\/vino-domano-blatina\/\",\"url\":\"https:\/\/domano.ba\/nasa-vina\/vrhunsko-crveno-suho-vino\/vino-domano-blatina\/\",\"name\":\"Vino Domano Blatina - Vina Domano - Vinarija Domanica d.o.o.\",\"isPartOf\":{\"@id\":\"https:\/\/domano.ba\/#website\"},\"primaryImageOfPage\":{\"@id\":\"https:\/\/domano.ba\/nasa-vina\/vrhunsko-crveno-suho-vino\/vino-domano-blatina\/#primaryimage\"},\"image\":{\"@id\":\"https:\/\/domano.ba\/nasa-vina\/vrhunsko-crveno-suho-vino\/vino-domano-blatina\/#primaryimage\"},\"thumbnailUrl\":\"https:\/\/domano.ba\/wp-content\/uploads\/2022\/09\/blatina-vrhunsko.jpg\",\"datePublished\":\"2022-09-05T12:40:04+00:00\",\"dateModified\":\"2024-09-02T00:00:04+00:00\",\"description\":\"Vrhunsko crveno suho vino Domano Blatina proizvedeno od istoimene sorte gro\u017e\u0111a . Blatina je rubin crvene boje razvijenog karakteristi\u010dnog mirisa, punog...\",\"breadcrumb\":{\"@id\":\"https:\/\/domano.ba\/nasa-vina\/vrhunsko-crveno-suho-vino\/vino-domano-blatina\/#breadcrumb\"},\"inLanguage\":\"en-US\",\"potentialAction\":[{\"@type\":\"ReadAction\",\"target\":[\"https:\/\/domano.ba\/nasa-vina\/vrhunsko-crveno-suho-vino\/vino-domano-blatina\/\"]}]},{\"@type\":\"ImageObject\",\"inLanguage\":\"en-US\",\"@id\":\"https:\/\/domano.ba\/nasa-vina\/vrhunsko-crveno-suho-vino\/vino-domano-blatina\/#primaryimage\",\"url\":\"https:\/\/domano.ba\/wp-content\/uploads\/2022\/09\/blatina-vrhunsko.jpg\",\"contentUrl\":\"https:\/\/domano.ba\/wp-content\/uploads\/2022\/09\/blatina-vrhunsko.jpg\",\"width\":1200,\"height\":1800,\"caption\":\"Vino Domano Blatina - Vrhunsko crveno suho vino - Vinarija.jpg\"},{\"@type\":\"BreadcrumbList\",\"@id\":\"https:\/\/domano.ba\/nasa-vina\/vrhunsko-crveno-suho-vino\/vino-domano-blatina\/#breadcrumb\",\"itemListElement\":[{\"@type\":\"ListItem\",\"position\":1,\"name\":\"Po\u010detna stranica\",\"item\":\"https:\/\/domano.ba\/\"},{\"@type\":\"ListItem\",\"position\":2,\"name\":\"Na\u0161a vina\",\"item\":\"https:\/\/domano.ba\/nasa-vina\/\"},{\"@type\":\"ListItem\",\"position\":3,\"name\":\"Vino Domano Blatina\"}]},{\"@type\":\"WebSite\",\"@id\":\"https:\/\/domano.ba\/#website\",\"url\":\"https:\/\/domano.ba\/\",\"name\":\"Vina Domano - Vinarija Domanica d.o.o.\",\"description\":\"Vina dubokih korijena - Mostar - \u010capljina\",\"publisher\":{\"@id\":\"https:\/\/domano.ba\/#organization\"},\"potentialAction\":[{\"@type\":\"SearchAction\",\"target\":{\"@type\":\"EntryPoint\",\"urlTemplate\":\"https:\/\/domano.ba\/?s={search_term_string}\"},\"query-input\":{\"@type\":\"PropertyValueSpecification\",\"valueRequired\":true,\"valueName\":\"search_term_string\"}}],\"inLanguage\":\"en-US\"},{\"@type\":\"Organization\",\"@id\":\"https:\/\/domano.ba\/#organization\",\"name\":\"Vina Domano - Vinarija Domanica d.o.o.\",\"url\":\"https:\/\/domano.ba\/\",\"logo\":{\"@type\":\"ImageObject\",\"inLanguage\":\"en-US\",\"@id\":\"https:\/\/domano.ba\/#\/schema\/logo\/image\/\",\"url\":\"https:\/\/domano.ba\/wp-content\/uploads\/2022\/09\/DOMANO-LOGO-01.png\",\"contentUrl\":\"https:\/\/domano.ba\/wp-content\/uploads\/2022\/09\/DOMANO-LOGO-01.png\",\"width\":1182,\"height\":1182,\"caption\":\"Vina Domano - Vinarija Domanica d.o.o.\"},\"image\":{\"@id\":\"https:\/\/domano.ba\/#\/schema\/logo\/image\/\"},\"sameAs\":[\"https:\/\/www.instagram.com\/vinadomano\/\"]}]}<\/script>\n<!-- \/ Yoast SEO plugin. -->","yoast_head_json":{"title":"Vino Domano Blatina - Vina Domano - Vinarija Domanica d.o.o.","description":"Vrhunsko crveno suho vino Domano Blatina proizvedeno od istoimene sorte gro\u017e\u0111a . Blatina je rubin crvene boje razvijenog karakteristi\u010dnog mirisa, punog...","robots":{"index":"index","follow":"follow","max-snippet":"max-snippet:-1","max-image-preview":"max-image-preview:large","max-video-preview":"max-video-preview:-1"},"canonical":"https:\/\/domano.ba\/en\/nasa-vina\/vrhunsko-crveno-suho-vino\/vino-domano-blatina\/","og_locale":"en_US","og_type":"article","og_title":"Vino Domano Blatina - Vina Domano - Vinarija Domanica d.o.o.","og_description":"Vrhunsko crveno suho vino Domano Blatina proizvedeno od istoimene sorte gro\u017e\u0111a . Blatina je rubin crvene boje razvijenog karakteristi\u010dnog mirisa, punog...","og_url":"https:\/\/domano.ba\/en\/nasa-vina\/vrhunsko-crveno-suho-vino\/vino-domano-blatina\/","og_site_name":"Vina Domano - Vinarija Domanica d.o.o.","article_modified_time":"2024-09-02T00:00:04+00:00","og_image":[{"width":1200,"height":1800,"url":"https:\/\/domano.ba\/wp-content\/uploads\/2022\/09\/blatina-vrhunsko.jpg","type":"image\/jpeg"}],"twitter_card":"summary_large_image","twitter_misc":{"Est. reading time":"2 minutes"},"schema":{"@context":"https:\/\/schema.org","@graph":[{"@type":"WebPage","@id":"https:\/\/domano.ba\/nasa-vina\/vrhunsko-crveno-suho-vino\/vino-domano-blatina\/","url":"https:\/\/domano.ba\/nasa-vina\/vrhunsko-crveno-suho-vino\/vino-domano-blatina\/","name":"Vino Domano Blatina - Vina Domano - Vinarija Domanica d.o.o.","isPartOf":{"@id":"https:\/\/domano.ba\/#website"},"primaryImageOfPage":{"@id":"https:\/\/domano.ba\/nasa-vina\/vrhunsko-crveno-suho-vino\/vino-domano-blatina\/#primaryimage"},"image":{"@id":"https:\/\/domano.ba\/nasa-vina\/vrhunsko-crveno-suho-vino\/vino-domano-blatina\/#primaryimage"},"thumbnailUrl":"https:\/\/domano.ba\/wp-content\/uploads\/2022\/09\/blatina-vrhunsko.jpg","datePublished":"2022-09-05T12:40:04+00:00","dateModified":"2024-09-02T00:00:04+00:00","description":"Vrhunsko crveno suho vino Domano Blatina proizvedeno od istoimene sorte gro\u017e\u0111a . Blatina je rubin crvene boje razvijenog karakteristi\u010dnog mirisa, punog...","breadcrumb":{"@id":"https:\/\/domano.ba\/nasa-vina\/vrhunsko-crveno-suho-vino\/vino-domano-blatina\/#breadcrumb"},"inLanguage":"en-US","potentialAction":[{"@type":"ReadAction","target":["https:\/\/domano.ba\/nasa-vina\/vrhunsko-crveno-suho-vino\/vino-domano-blatina\/"]}]},{"@type":"ImageObject","inLanguage":"en-US","@id":"https:\/\/domano.ba\/nasa-vina\/vrhunsko-crveno-suho-vino\/vino-domano-blatina\/#primaryimage","url":"https:\/\/domano.ba\/wp-content\/uploads\/2022\/09\/blatina-vrhunsko.jpg","contentUrl":"https:\/\/domano.ba\/wp-content\/uploads\/2022\/09\/blatina-vrhunsko.jpg","width":1200,"height":1800,"caption":"Vino Domano Blatina - Vrhunsko crveno suho vino - Vinarija.jpg"},{"@type":"BreadcrumbList","@id":"https:\/\/domano.ba\/nasa-vina\/vrhunsko-crveno-suho-vino\/vino-domano-blatina\/#breadcrumb","itemListElement":[{"@type":"ListItem","position":1,"name":"Po\u010detna stranica","item":"https:\/\/domano.ba\/"},{"@type":"ListItem","position":2,"name":"Na\u0161a vina","item":"https:\/\/domano.ba\/nasa-vina\/"},{"@type":"ListItem","position":3,"name":"Vino Domano Blatina"}]},{"@type":"WebSite","@id":"https:\/\/domano.ba\/#website","url":"https:\/\/domano.ba\/","name":"Vina Domano - Vinarija Domanica d.o.o.","description":"Vina dubokih korijena - Mostar - \u010capljina","publisher":{"@id":"https:\/\/domano.ba\/#organization"},"potentialAction":[{"@type":"SearchAction","target":{"@type":"EntryPoint","urlTemplate":"https:\/\/domano.ba\/?s={search_term_string}"},"query-input":{"@type":"PropertyValueSpecification","valueRequired":true,"valueName":"search_term_string"}}],"inLanguage":"en-US"},{"@type":"Organization","@id":"https:\/\/domano.ba\/#organization","name":"Vina Domano - Vinarija Domanica d.o.o.","url":"https:\/\/domano.ba\/","logo":{"@type":"ImageObject","inLanguage":"en-US","@id":"https:\/\/domano.ba\/#\/schema\/logo\/image\/","url":"https:\/\/domano.ba\/wp-content\/uploads\/2022\/09\/DOMANO-LOGO-01.png","contentUrl":"https:\/\/domano.ba\/wp-content\/uploads\/2022\/09\/DOMANO-LOGO-01.png","width":1182,"height":1182,"caption":"Vina Domano - Vinarija Domanica d.o.o."},"image":{"@id":"https:\/\/domano.ba\/#\/schema\/logo\/image\/"},"sameAs":["https:\/\/www.instagram.com\/vinadomano\/"]}]}},"_links":{"self":[{"href":"https:\/\/domano.ba\/en\/wp-json\/wp\/v2\/product\/2377","targetHints":{"allow":["GET"]}}],"collection":[{"href":"https:\/\/domano.ba\/en\/wp-json\/wp\/v2\/product"}],"about":[{"href":"https:\/\/domano.ba\/en\/wp-json\/wp\/v2\/types\/product"}],"replies":[{"embeddable":true,"href":"https:\/\/domano.ba\/en\/wp-json\/wp\/v2\/comments?post=2377"}],"wp:featuredmedia":[{"embeddable":true,"href":"https:\/\/domano.ba\/en\/wp-json\/wp\/v2\/media\/20067"}],"wp:attachment":[{"href":"https:\/\/domano.ba\/en\/wp-json\/wp\/v2\/media?parent=2377"}],"wp:term":[{"taxonomy":"product_cat","embeddable":true,"href":"https:\/\/domano.ba\/en\/wp-json\/wp\/v2\/product_cat?post=2377"},{"taxonomy":"product_tag","embeddable":true,"href":"https:\/\/domano.ba\/en\/wp-json\/wp\/v2\/product_tag?post=2377"}],"curies":[{"name":"wp","href":"https:\/\/api.w.org\/{rel}","templated":true}]}}