{"id":2346,"date":"2022-09-01T12:03:40","date_gmt":"2022-09-01T12:03:40","guid":{"rendered":"https:\/\/domano.ba\/?post_type=product&#038;p=2346"},"modified":"2024-09-02T00:00:04","modified_gmt":"2024-09-02T00:00:04","slug":"vino-domano-blatina-2","status":"publish","type":"product","link":"https:\/\/domano.ba\/en\/nasa-vina\/kvalitetno-crveno-suho-vino\/vino-domano-blatina-2\/","title":{"rendered":"Domano Blatina wine"},"content":{"rendered":"<p>The wine has an intense ruby red color with slightly lighter edges. On the scent you can feel the purity, fruitiness and complexity. He seems young. The aromas of red forest fruits, red currants and cherries are felt. The taste is quite fresh, warm, medium-bodied, where you can feel all the fruit spectrum, as well as the smell.<\/p>","protected":false},"excerpt":{"rendered":"<p>The wine has an intense ruby red color with slightly lighter edges. On the scent you can feel the purity, fruitiness and complexity. He seems young. The aromas of red forest fruits, red currants and cherries are felt. The taste is quite fresh, warm, medium-bodied, where you can feel all the fruit spectrum, as well as the smell.<\/p>","protected":false},"featured_media":20073,"comment_status":"open","ping_status":"closed","template":"","meta":[],"product_cat":[217,198],"product_tag":[194,196,190,199],"class_list":{"0":"post-2346","1":"product","2":"type-product","3":"status-publish","4":"has-post-thumbnail","6":"product_cat-crvena-vina","7":"product_cat-kvalitetno-crveno-suho-vino","8":"product_tag-blatina","9":"product_tag-crno-vino","10":"product_tag-kvalitetno","11":"product_tag-suho","13":"first","14":"instock","15":"shipping-taxable","16":"purchasable","17":"product-type-simple"},"yoast_head":"<!-- This site is optimized with the Yoast SEO plugin v26.9 - https:\/\/yoast.com\/product\/yoast-seo-wordpress\/ -->\n<title>Vino Domano Blatina - Vina Domano - Vinarija Domanica d.o.o.<\/title>\n<meta name=\"robots\" content=\"index, follow, max-snippet:-1, max-image-preview:large, max-video-preview:-1\" \/>\n<link rel=\"canonical\" href=\"https:\/\/domano.ba\/en\/nasa-vina\/kvalitetno-crveno-suho-vino\/vino-domano-blatina-2\/\" \/>\n<meta property=\"og:locale\" content=\"en_US\" \/>\n<meta property=\"og:type\" content=\"article\" \/>\n<meta property=\"og:title\" content=\"Vino Domano Blatina - Vina Domano - Vinarija Domanica d.o.o.\" \/>\n<meta property=\"og:description\" content=\"Vino ima intenzivnu rubin crvenu boju sa ne\u0161to svjetlijim rubovima. Na mirisu se osjeti \u010disto\u0107a, vo\u0107nost i kompleksnost. Djeluje mlado. Osjete se mirisi crvenog \u0161umskog vo\u0107a, crvenog ribizla i vi\u0161nje. Okus je dosta svje\u017e, topao, srednjeg tijela gdje se osjeti sav vo\u0107ni spektar kao i na mirisu.\" \/>\n<meta property=\"og:url\" content=\"https:\/\/domano.ba\/en\/nasa-vina\/kvalitetno-crveno-suho-vino\/vino-domano-blatina-2\/\" \/>\n<meta property=\"og:site_name\" content=\"Vina Domano - Vinarija Domanica d.o.o.\" \/>\n<meta property=\"article:modified_time\" content=\"2024-09-02T00:00:04+00:00\" \/>\n<meta property=\"og:image\" content=\"https:\/\/domano.ba\/wp-content\/uploads\/2022\/09\/blatina-kvalitetno.jpg\" \/>\n\t<meta property=\"og:image:width\" content=\"1200\" \/>\n\t<meta property=\"og:image:height\" content=\"1800\" \/>\n\t<meta property=\"og:image:type\" content=\"image\/jpeg\" \/>\n<meta name=\"twitter:card\" content=\"summary_large_image\" \/>\n<meta name=\"twitter:label1\" content=\"Est. reading time\" \/>\n\t<meta name=\"twitter:data1\" content=\"1 minute\" \/>\n<script type=\"application\/ld+json\" class=\"yoast-schema-graph\">{\"@context\":\"https:\/\/schema.org\",\"@graph\":[{\"@type\":\"WebPage\",\"@id\":\"https:\/\/domano.ba\/nasa-vina\/kvalitetno-crveno-suho-vino\/vino-domano-blatina-2\/\",\"url\":\"https:\/\/domano.ba\/nasa-vina\/kvalitetno-crveno-suho-vino\/vino-domano-blatina-2\/\",\"name\":\"Vino Domano Blatina - Vina Domano - Vinarija Domanica d.o.o.\",\"isPartOf\":{\"@id\":\"https:\/\/domano.ba\/#website\"},\"primaryImageOfPage\":{\"@id\":\"https:\/\/domano.ba\/nasa-vina\/kvalitetno-crveno-suho-vino\/vino-domano-blatina-2\/#primaryimage\"},\"image\":{\"@id\":\"https:\/\/domano.ba\/nasa-vina\/kvalitetno-crveno-suho-vino\/vino-domano-blatina-2\/#primaryimage\"},\"thumbnailUrl\":\"https:\/\/domano.ba\/wp-content\/uploads\/2022\/09\/blatina-kvalitetno.jpg\",\"datePublished\":\"2022-09-01T12:03:40+00:00\",\"dateModified\":\"2024-09-02T00:00:04+00:00\",\"breadcrumb\":{\"@id\":\"https:\/\/domano.ba\/nasa-vina\/kvalitetno-crveno-suho-vino\/vino-domano-blatina-2\/#breadcrumb\"},\"inLanguage\":\"en-US\",\"potentialAction\":[{\"@type\":\"ReadAction\",\"target\":[\"https:\/\/domano.ba\/nasa-vina\/kvalitetno-crveno-suho-vino\/vino-domano-blatina-2\/\"]}]},{\"@type\":\"ImageObject\",\"inLanguage\":\"en-US\",\"@id\":\"https:\/\/domano.ba\/nasa-vina\/kvalitetno-crveno-suho-vino\/vino-domano-blatina-2\/#primaryimage\",\"url\":\"https:\/\/domano.ba\/wp-content\/uploads\/2022\/09\/blatina-kvalitetno.jpg\",\"contentUrl\":\"https:\/\/domano.ba\/wp-content\/uploads\/2022\/09\/blatina-kvalitetno.jpg\",\"width\":1200,\"height\":1800,\"caption\":\"Vino Domano Blatina - Kvalitetno crveno suho vino - Vinarija\"},{\"@type\":\"BreadcrumbList\",\"@id\":\"https:\/\/domano.ba\/nasa-vina\/kvalitetno-crveno-suho-vino\/vino-domano-blatina-2\/#breadcrumb\",\"itemListElement\":[{\"@type\":\"ListItem\",\"position\":1,\"name\":\"Po\u010detna stranica\",\"item\":\"https:\/\/domano.ba\/\"},{\"@type\":\"ListItem\",\"position\":2,\"name\":\"Na\u0161a vina\",\"item\":\"https:\/\/domano.ba\/nasa-vina\/\"},{\"@type\":\"ListItem\",\"position\":3,\"name\":\"Vino Domano Blatina\"}]},{\"@type\":\"WebSite\",\"@id\":\"https:\/\/domano.ba\/#website\",\"url\":\"https:\/\/domano.ba\/\",\"name\":\"Vina Domano - Vinarija Domanica d.o.o.\",\"description\":\"Vina dubokih korijena - Mostar - \u010capljina\",\"publisher\":{\"@id\":\"https:\/\/domano.ba\/#organization\"},\"potentialAction\":[{\"@type\":\"SearchAction\",\"target\":{\"@type\":\"EntryPoint\",\"urlTemplate\":\"https:\/\/domano.ba\/?s={search_term_string}\"},\"query-input\":{\"@type\":\"PropertyValueSpecification\",\"valueRequired\":true,\"valueName\":\"search_term_string\"}}],\"inLanguage\":\"en-US\"},{\"@type\":\"Organization\",\"@id\":\"https:\/\/domano.ba\/#organization\",\"name\":\"Vina Domano - Vinarija Domanica d.o.o.\",\"url\":\"https:\/\/domano.ba\/\",\"logo\":{\"@type\":\"ImageObject\",\"inLanguage\":\"en-US\",\"@id\":\"https:\/\/domano.ba\/#\/schema\/logo\/image\/\",\"url\":\"https:\/\/domano.ba\/wp-content\/uploads\/2022\/09\/DOMANO-LOGO-01.png\",\"contentUrl\":\"https:\/\/domano.ba\/wp-content\/uploads\/2022\/09\/DOMANO-LOGO-01.png\",\"width\":1182,\"height\":1182,\"caption\":\"Vina Domano - Vinarija Domanica d.o.o.\"},\"image\":{\"@id\":\"https:\/\/domano.ba\/#\/schema\/logo\/image\/\"},\"sameAs\":[\"https:\/\/www.instagram.com\/vinadomano\/\"]}]}<\/script>\n<!-- \/ Yoast SEO plugin. -->","yoast_head_json":{"title":"Vino Domano Blatina - Vina Domano - Vinarija Domanica d.o.o.","robots":{"index":"index","follow":"follow","max-snippet":"max-snippet:-1","max-image-preview":"max-image-preview:large","max-video-preview":"max-video-preview:-1"},"canonical":"https:\/\/domano.ba\/en\/nasa-vina\/kvalitetno-crveno-suho-vino\/vino-domano-blatina-2\/","og_locale":"en_US","og_type":"article","og_title":"Vino Domano Blatina - Vina Domano - Vinarija Domanica d.o.o.","og_description":"Vino ima intenzivnu rubin crvenu boju sa ne\u0161to svjetlijim rubovima. Na mirisu se osjeti \u010disto\u0107a, vo\u0107nost i kompleksnost. Djeluje mlado. Osjete se mirisi crvenog \u0161umskog vo\u0107a, crvenog ribizla i vi\u0161nje. Okus je dosta svje\u017e, topao, srednjeg tijela gdje se osjeti sav vo\u0107ni spektar kao i na mirisu.","og_url":"https:\/\/domano.ba\/en\/nasa-vina\/kvalitetno-crveno-suho-vino\/vino-domano-blatina-2\/","og_site_name":"Vina Domano - Vinarija Domanica d.o.o.","article_modified_time":"2024-09-02T00:00:04+00:00","og_image":[{"width":1200,"height":1800,"url":"https:\/\/domano.ba\/wp-content\/uploads\/2022\/09\/blatina-kvalitetno.jpg","type":"image\/jpeg"}],"twitter_card":"summary_large_image","twitter_misc":{"Est. reading time":"1 minute"},"schema":{"@context":"https:\/\/schema.org","@graph":[{"@type":"WebPage","@id":"https:\/\/domano.ba\/nasa-vina\/kvalitetno-crveno-suho-vino\/vino-domano-blatina-2\/","url":"https:\/\/domano.ba\/nasa-vina\/kvalitetno-crveno-suho-vino\/vino-domano-blatina-2\/","name":"Vino Domano Blatina - Vina Domano - Vinarija Domanica d.o.o.","isPartOf":{"@id":"https:\/\/domano.ba\/#website"},"primaryImageOfPage":{"@id":"https:\/\/domano.ba\/nasa-vina\/kvalitetno-crveno-suho-vino\/vino-domano-blatina-2\/#primaryimage"},"image":{"@id":"https:\/\/domano.ba\/nasa-vina\/kvalitetno-crveno-suho-vino\/vino-domano-blatina-2\/#primaryimage"},"thumbnailUrl":"https:\/\/domano.ba\/wp-content\/uploads\/2022\/09\/blatina-kvalitetno.jpg","datePublished":"2022-09-01T12:03:40+00:00","dateModified":"2024-09-02T00:00:04+00:00","breadcrumb":{"@id":"https:\/\/domano.ba\/nasa-vina\/kvalitetno-crveno-suho-vino\/vino-domano-blatina-2\/#breadcrumb"},"inLanguage":"en-US","potentialAction":[{"@type":"ReadAction","target":["https:\/\/domano.ba\/nasa-vina\/kvalitetno-crveno-suho-vino\/vino-domano-blatina-2\/"]}]},{"@type":"ImageObject","inLanguage":"en-US","@id":"https:\/\/domano.ba\/nasa-vina\/kvalitetno-crveno-suho-vino\/vino-domano-blatina-2\/#primaryimage","url":"https:\/\/domano.ba\/wp-content\/uploads\/2022\/09\/blatina-kvalitetno.jpg","contentUrl":"https:\/\/domano.ba\/wp-content\/uploads\/2022\/09\/blatina-kvalitetno.jpg","width":1200,"height":1800,"caption":"Vino Domano Blatina - Kvalitetno crveno suho vino - Vinarija"},{"@type":"BreadcrumbList","@id":"https:\/\/domano.ba\/nasa-vina\/kvalitetno-crveno-suho-vino\/vino-domano-blatina-2\/#breadcrumb","itemListElement":[{"@type":"ListItem","position":1,"name":"Po\u010detna stranica","item":"https:\/\/domano.ba\/"},{"@type":"ListItem","position":2,"name":"Na\u0161a vina","item":"https:\/\/domano.ba\/nasa-vina\/"},{"@type":"ListItem","position":3,"name":"Vino Domano Blatina"}]},{"@type":"WebSite","@id":"https:\/\/domano.ba\/#website","url":"https:\/\/domano.ba\/","name":"Vina Domano - Vinarija Domanica d.o.o.","description":"Vina dubokih korijena - Mostar - \u010capljina","publisher":{"@id":"https:\/\/domano.ba\/#organization"},"potentialAction":[{"@type":"SearchAction","target":{"@type":"EntryPoint","urlTemplate":"https:\/\/domano.ba\/?s={search_term_string}"},"query-input":{"@type":"PropertyValueSpecification","valueRequired":true,"valueName":"search_term_string"}}],"inLanguage":"en-US"},{"@type":"Organization","@id":"https:\/\/domano.ba\/#organization","name":"Vina Domano - Vinarija Domanica d.o.o.","url":"https:\/\/domano.ba\/","logo":{"@type":"ImageObject","inLanguage":"en-US","@id":"https:\/\/domano.ba\/#\/schema\/logo\/image\/","url":"https:\/\/domano.ba\/wp-content\/uploads\/2022\/09\/DOMANO-LOGO-01.png","contentUrl":"https:\/\/domano.ba\/wp-content\/uploads\/2022\/09\/DOMANO-LOGO-01.png","width":1182,"height":1182,"caption":"Vina Domano - Vinarija Domanica d.o.o."},"image":{"@id":"https:\/\/domano.ba\/#\/schema\/logo\/image\/"},"sameAs":["https:\/\/www.instagram.com\/vinadomano\/"]}]}},"_links":{"self":[{"href":"https:\/\/domano.ba\/en\/wp-json\/wp\/v2\/product\/2346","targetHints":{"allow":["GET"]}}],"collection":[{"href":"https:\/\/domano.ba\/en\/wp-json\/wp\/v2\/product"}],"about":[{"href":"https:\/\/domano.ba\/en\/wp-json\/wp\/v2\/types\/product"}],"replies":[{"embeddable":true,"href":"https:\/\/domano.ba\/en\/wp-json\/wp\/v2\/comments?post=2346"}],"wp:featuredmedia":[{"embeddable":true,"href":"https:\/\/domano.ba\/en\/wp-json\/wp\/v2\/media\/20073"}],"wp:attachment":[{"href":"https:\/\/domano.ba\/en\/wp-json\/wp\/v2\/media?parent=2346"}],"wp:term":[{"taxonomy":"product_cat","embeddable":true,"href":"https:\/\/domano.ba\/en\/wp-json\/wp\/v2\/product_cat?post=2346"},{"taxonomy":"product_tag","embeddable":true,"href":"https:\/\/domano.ba\/en\/wp-json\/wp\/v2\/product_tag?post=2346"}],"curies":[{"name":"wp","href":"https:\/\/api.w.org\/{rel}","templated":true}]}}