{"id":2345,"date":"2022-09-05T12:38:03","date_gmt":"2022-09-05T12:38:03","guid":{"rendered":"https:\/\/domano.ba\/?post_type=product&#038;p=2345"},"modified":"2023-06-14T10:42:27","modified_gmt":"2023-06-14T10:42:27","slug":"pjenusac-domano-gold","status":"publish","type":"product","link":"https:\/\/domano.ba\/en\/nasa-vina\/pjenusac\/pjenusac-domano-gold\/","title":{"rendered":"Domano Gold sparkling wine"},"content":{"rendered":"<div class=\"vc_row wpb_row vc_inner vc_row-fluid\">\n<div class=\"wpb_column vc_column_container vc_col-sm-9\">\n<div class=\"vc_column-inner\">\n<div class=\"wpb_wrapper\">\n<div class=\"wpb_text_column wpb_content_element\">\n<div class=\"wpb_wrapper\">\n<div class=\"vc_row wpb_row vc_inner vc_row-fluid\">\n<div class=\"wpb_column vc_column_container vc_col-sm-9\">\n<div class=\"vc_column-inner\">\n<div class=\"wpb_wrapper\">\n<div class=\"wpb_text_column wpb_content_element\">\n<div class=\"wpb_wrapper\">\n<p><strong>Domano <em>GOLD<\/em><\/strong><\/p>\n<p>Sparkling wine with leaves <strong>23K<\/strong> gold.<\/p>\n<p>Sparkling wine with designation of geographical origin. Middle Neretva, Mostar vineyard. Made in BiH.<\/p>\n<p>The classic production method of boiling in a bottle. Sugar content from 5 to 15 g\/l.<\/p>\n<p><em>In a little bit of everything, wine varieties grow that do not give up at the first obstacle, tough and deep. And wine is the product of man - persistent and hardworking, who survives in the landscape of karst, water that appears and then disappears. To the multitude of sun that nourishes but also exhausts. In that demanding but beautiful symbiosis of land, vine and man, our<\/em> <em><strong>wines with deep roots are created.<\/strong><\/em>.<\/p>\n<p>&nbsp;<\/p>\n<p><em><strong>STYLE:<\/strong><\/em><br \/>\nSparkling white dry wine<\/p>\n<\/div>\n<\/div>\n<\/div>\n<\/div>\n<\/div>\n<\/div>\n<div class=\"vc_row wpb_row vc_inner vc_row-fluid\">\n<div class=\"wpb_column vc_column_container vc_col-sm-9\">\n<div class=\"vc_column-inner\">\n<div class=\"wpb_wrapper\">\n<div class=\"wpb_text_column wpb_content_element\">\n<div class=\"wpb_wrapper\">\n<p><em><strong>SORT:<\/strong><\/em><br \/>\n\u017dilavka<\/p>\n<\/div>\n<\/div>\n<\/div>\n<\/div>\n<\/div>\n<\/div>\n<div class=\"vc_row wpb_row vc_inner vc_row-fluid\">\n<div class=\"wpb_column vc_column_container vc_col-sm-9\">\n<div class=\"vc_column-inner\">\n<div class=\"wpb_wrapper\">\n<div class=\"wpb_text_column wpb_content_element\">\n<div class=\"wpb_wrapper\">\n<p><em><strong>ALCOHOL CONTENT:<\/strong><\/em><br \/>\n12%<\/p>\n<\/div>\n<\/div>\n<\/div>\n<\/div>\n<\/div>\n<\/div>\n<p><em><strong>VINIFICATION PROCESS:<\/strong><\/em><br \/>\nDomano is the first Herzegovinian sparkling wine produced using the classic method of fermentation in bottles, from grapes of the \u017dilavka variety. Domano is the pride of our winery. Grapes for sparkling wine are harvested earlier than for classic wine, and the goal is to obtain an optimal ratio of acids and sugars, with acids higher than 7.5 and sugars no higher than 18 degrees. Wine is made from such grapes by primary fermentation. Such wine is not pleasant to drink, and sparkling wine is made from it. Secondary fermentation, which creates sparkling wine, takes place in the bottle. In addition to the wine that was created through primary fermentation, yeasts and circulation liquor, which is a type of sugar syrup, are added to the bottle, and the bottle is aged horizontally in the cellar. During secondary fermentation, carbon dioxide is trapped in the bottle, which leads to the formation of bubbles. Sparkling wine ages up to 3 years on yeasts and lees in the bottle. After maturation in the bottle, it is necessary to remove all the sediment, so the bottles are placed on shelves where they are turned upside down at an angle of 450 and are shaken day by day with the aim of collecting the sediment in the neck of the bottle. Then the process of disgorging follows, during which the neck of the bottle is frozen and the resulting block of ice together with the sediment is removed by uncorking. A little expedient liqueur is added to the bottle, after which it is closed with a cork, mesh wire and a capsule.<\/p>\n<\/div>\n<\/div>\n<\/div>\n<\/div>\n<\/div>\n<\/div>\n<div class=\"vc_row wpb_row vc_inner vc_row-fluid\">\n<div class=\"wpb_column vc_column_container vc_col-sm-9\">\n<div class=\"vc_column-inner\">\n<div class=\"wpb_wrapper\">\n<div class=\"wpb_text_column wpb_content_element\">\n<div class=\"wpb_wrapper\">\n<p><em><strong>MATURATION:<\/strong><\/em><br \/>\nexcellent sparkling wine of excellent purity and freshness, which makes it light and pleasant in the glass. On the nose, it opens with floral aromas and light smoke, and later the bouquet is rounded off with grapefruit and lemon citrus. The taste is extremely mineral, luxurious, strong.<\/p>\n<\/div>\n<\/div>\n<\/div>\n<\/div>\n<\/div>\n<\/div>\n<div class=\"vc_row wpb_row vc_inner vc_row-fluid\">\n<div class=\"wpb_column vc_column_container vc_col-sm-9\">\n<div class=\"vc_column-inner\">\n<div class=\"wpb_wrapper\">\n<div class=\"wpb_text_column wpb_content_element\">\n<div class=\"wpb_wrapper\">\n<p><em><strong>CHARACTERISTICS:<\/strong><\/em><br \/>\nIt is greenish in color with a yellowish reflection. The deep and refined taste of \u017dilavka is dominated by citrus fruits such as grapefruit and lemon, followed by hints of vineyard peach and refined minerality. A fresh, elegant, well-structured wine that lingers in the mouth for a long time. It is in very good condition. Strong, potent and rich wine for connoisseurs.<\/p>\n<\/div>\n<\/div>\n<\/div>\n<\/div>\n<\/div>\n<\/div>\n<div class=\"vc_row wpb_row vc_inner vc_row-fluid\">\n<div class=\"wpb_column vc_column_container vc_col-sm-9\">\n<div class=\"vc_column-inner\">\n<div class=\"wpb_wrapper\">\n<div class=\"wpb_text_column wpb_content_element\">\n<div class=\"wpb_wrapper\">\n<p><em><strong>FOOD AND SERVING:<\/strong><\/em><br \/>\nbest served with egg omelette, dishes with mushrooms, pasta, oysters, caviar, lobster and with strawberries with whipped cream. Serve at 6-10 \u00b0C.<\/p>\n<\/div>\n<\/div>\n<\/div>\n<\/div>\n<\/div>\n<\/div>","protected":false},"excerpt":{"rendered":"<p>Domano <em>GOLD -\u00a0<\/em>Sparkling wine with 23K gold leaves.<\/p>\n<p>In a little bit of everything, wine varieties grow that do not give up at the first obstacle, tough and deep. And wine is the product of man - persistent and hardworking, who survives in the landscape of karst, water that appears and then disappears. To the multitude of sun that nourishes but also exhausts. In that demanding but beautiful symbiosis of land, vine and man, our <em><strong>wines with deep roots are created.<\/strong><\/em>.<\/p>","protected":false},"featured_media":20069,"comment_status":"open","ping_status":"closed","template":"","meta":[],"product_cat":[200],"product_tag":[203,202,201],"class_list":{"0":"post-2345","1":"product","2":"type-product","3":"status-publish","4":"has-post-thumbnail","6":"product_cat-pjenusac","7":"product_tag-brut","8":"product_tag-gold","9":"product_tag-pjenusac","11":"first","12":"instock","13":"featured","14":"shipping-taxable","15":"purchasable","16":"product-type-simple"},"yoast_head":"<!-- This site is optimized with the Yoast SEO plugin v26.9 - https:\/\/yoast.com\/product\/yoast-seo-wordpress\/ -->\n<title>Pjenu\u0161ac Domano Gold - Vina Domano - Vinarija Domanica d.o.o.<\/title>\n<meta name=\"description\" content=\"Pjenu\u0161ac Domano Gold s listi\u0107ima 23K zlata - Vinarije Domanica iz Domanovi\u0107a izvrsne \u010disto\u0107e i svje\u017eine \u0161to ga \u010dini laganim i ugodnim u \u010da\u0161i...\" \/>\n<meta name=\"robots\" content=\"index, follow, max-snippet:-1, max-image-preview:large, max-video-preview:-1\" \/>\n<link rel=\"canonical\" href=\"https:\/\/domano.ba\/en\/nasa-vina\/pjenusac\/pjenusac-domano-gold\/\" \/>\n<meta property=\"og:locale\" content=\"en_US\" \/>\n<meta property=\"og:type\" content=\"article\" \/>\n<meta property=\"og:title\" content=\"Pjenu\u0161ac Domano Gold - Vina Domano - Vinarija Domanica d.o.o.\" \/>\n<meta property=\"og:description\" content=\"Pjenu\u0161ac Domano Gold s listi\u0107ima 23K zlata - Vinarije Domanica iz Domanovi\u0107a izvrsne \u010disto\u0107e i svje\u017eine \u0161to ga \u010dini laganim i ugodnim u \u010da\u0161i...\" \/>\n<meta property=\"og:url\" content=\"https:\/\/domano.ba\/en\/nasa-vina\/pjenusac\/pjenusac-domano-gold\/\" \/>\n<meta property=\"og:site_name\" content=\"Vina Domano - Vinarija Domanica d.o.o.\" \/>\n<meta property=\"article:modified_time\" content=\"2023-06-14T10:42:27+00:00\" \/>\n<meta property=\"og:image\" content=\"https:\/\/domano.ba\/wp-content\/uploads\/2022\/09\/domano-gold.jpg\" \/>\n\t<meta property=\"og:image:width\" content=\"1200\" \/>\n\t<meta property=\"og:image:height\" content=\"1800\" \/>\n\t<meta property=\"og:image:type\" content=\"image\/jpeg\" \/>\n<meta name=\"twitter:card\" content=\"summary_large_image\" \/>\n<meta name=\"twitter:label1\" content=\"Est. reading time\" \/>\n\t<meta name=\"twitter:data1\" content=\"3 minutes\" \/>\n<script type=\"application\/ld+json\" class=\"yoast-schema-graph\">{\"@context\":\"https:\/\/schema.org\",\"@graph\":[{\"@type\":\"WebPage\",\"@id\":\"https:\/\/domano.ba\/nasa-vina\/pjenusac\/pjenusac-domano-gold\/\",\"url\":\"https:\/\/domano.ba\/nasa-vina\/pjenusac\/pjenusac-domano-gold\/\",\"name\":\"Pjenu\u0161ac Domano Gold - Vina Domano - Vinarija Domanica d.o.o.\",\"isPartOf\":{\"@id\":\"https:\/\/domano.ba\/#website\"},\"primaryImageOfPage\":{\"@id\":\"https:\/\/domano.ba\/nasa-vina\/pjenusac\/pjenusac-domano-gold\/#primaryimage\"},\"image\":{\"@id\":\"https:\/\/domano.ba\/nasa-vina\/pjenusac\/pjenusac-domano-gold\/#primaryimage\"},\"thumbnailUrl\":\"https:\/\/domano.ba\/wp-content\/uploads\/2022\/09\/domano-gold.jpg\",\"datePublished\":\"2022-09-05T12:38:03+00:00\",\"dateModified\":\"2023-06-14T10:42:27+00:00\",\"description\":\"Pjenu\u0161ac Domano Gold s listi\u0107ima 23K zlata - Vinarije Domanica iz Domanovi\u0107a izvrsne \u010disto\u0107e i svje\u017eine \u0161to ga \u010dini laganim i ugodnim u \u010da\u0161i...\",\"breadcrumb\":{\"@id\":\"https:\/\/domano.ba\/nasa-vina\/pjenusac\/pjenusac-domano-gold\/#breadcrumb\"},\"inLanguage\":\"en-US\",\"potentialAction\":[{\"@type\":\"ReadAction\",\"target\":[\"https:\/\/domano.ba\/nasa-vina\/pjenusac\/pjenusac-domano-gold\/\"]}]},{\"@type\":\"ImageObject\",\"inLanguage\":\"en-US\",\"@id\":\"https:\/\/domano.ba\/nasa-vina\/pjenusac\/pjenusac-domano-gold\/#primaryimage\",\"url\":\"https:\/\/domano.ba\/wp-content\/uploads\/2022\/09\/domano-gold.jpg\",\"contentUrl\":\"https:\/\/domano.ba\/wp-content\/uploads\/2022\/09\/domano-gold.jpg\",\"width\":1200,\"height\":1800,\"caption\":\"Pjenu\u0161ac Domano Gold - klasi\u010dna metoda BRUT Vinarija Domano\"},{\"@type\":\"BreadcrumbList\",\"@id\":\"https:\/\/domano.ba\/nasa-vina\/pjenusac\/pjenusac-domano-gold\/#breadcrumb\",\"itemListElement\":[{\"@type\":\"ListItem\",\"position\":1,\"name\":\"Po\u010detna stranica\",\"item\":\"https:\/\/domano.ba\/\"},{\"@type\":\"ListItem\",\"position\":2,\"name\":\"Na\u0161a vina\",\"item\":\"https:\/\/domano.ba\/nasa-vina\/\"},{\"@type\":\"ListItem\",\"position\":3,\"name\":\"Pjenu\u0161ac Domano Gold\"}]},{\"@type\":\"WebSite\",\"@id\":\"https:\/\/domano.ba\/#website\",\"url\":\"https:\/\/domano.ba\/\",\"name\":\"Vina Domano - Vinarija Domanica d.o.o.\",\"description\":\"Vina dubokih korijena - Mostar - \u010capljina\",\"publisher\":{\"@id\":\"https:\/\/domano.ba\/#organization\"},\"potentialAction\":[{\"@type\":\"SearchAction\",\"target\":{\"@type\":\"EntryPoint\",\"urlTemplate\":\"https:\/\/domano.ba\/?s={search_term_string}\"},\"query-input\":{\"@type\":\"PropertyValueSpecification\",\"valueRequired\":true,\"valueName\":\"search_term_string\"}}],\"inLanguage\":\"en-US\"},{\"@type\":\"Organization\",\"@id\":\"https:\/\/domano.ba\/#organization\",\"name\":\"Vina Domano - Vinarija Domanica d.o.o.\",\"url\":\"https:\/\/domano.ba\/\",\"logo\":{\"@type\":\"ImageObject\",\"inLanguage\":\"en-US\",\"@id\":\"https:\/\/domano.ba\/#\/schema\/logo\/image\/\",\"url\":\"https:\/\/domano.ba\/wp-content\/uploads\/2022\/09\/DOMANO-LOGO-01.png\",\"contentUrl\":\"https:\/\/domano.ba\/wp-content\/uploads\/2022\/09\/DOMANO-LOGO-01.png\",\"width\":1182,\"height\":1182,\"caption\":\"Vina Domano - Vinarija Domanica d.o.o.\"},\"image\":{\"@id\":\"https:\/\/domano.ba\/#\/schema\/logo\/image\/\"},\"sameAs\":[\"https:\/\/www.instagram.com\/vinadomano\/\"]}]}<\/script>\n<!-- \/ Yoast SEO plugin. -->","yoast_head_json":{"title":"Pjenu\u0161ac Domano Gold - Vina Domano - Vinarija Domanica d.o.o.","description":"Pjenu\u0161ac Domano Gold s listi\u0107ima 23K zlata - Vinarije Domanica iz Domanovi\u0107a izvrsne \u010disto\u0107e i svje\u017eine \u0161to ga \u010dini laganim i ugodnim u \u010da\u0161i...","robots":{"index":"index","follow":"follow","max-snippet":"max-snippet:-1","max-image-preview":"max-image-preview:large","max-video-preview":"max-video-preview:-1"},"canonical":"https:\/\/domano.ba\/en\/nasa-vina\/pjenusac\/pjenusac-domano-gold\/","og_locale":"en_US","og_type":"article","og_title":"Pjenu\u0161ac Domano Gold - Vina Domano - Vinarija Domanica d.o.o.","og_description":"Pjenu\u0161ac Domano Gold s listi\u0107ima 23K zlata - Vinarije Domanica iz Domanovi\u0107a izvrsne \u010disto\u0107e i svje\u017eine \u0161to ga \u010dini laganim i ugodnim u \u010da\u0161i...","og_url":"https:\/\/domano.ba\/en\/nasa-vina\/pjenusac\/pjenusac-domano-gold\/","og_site_name":"Vina Domano - Vinarija Domanica d.o.o.","article_modified_time":"2023-06-14T10:42:27+00:00","og_image":[{"width":1200,"height":1800,"url":"https:\/\/domano.ba\/wp-content\/uploads\/2022\/09\/domano-gold.jpg","type":"image\/jpeg"}],"twitter_card":"summary_large_image","twitter_misc":{"Est. reading time":"3 minutes"},"schema":{"@context":"https:\/\/schema.org","@graph":[{"@type":"WebPage","@id":"https:\/\/domano.ba\/nasa-vina\/pjenusac\/pjenusac-domano-gold\/","url":"https:\/\/domano.ba\/nasa-vina\/pjenusac\/pjenusac-domano-gold\/","name":"Pjenu\u0161ac Domano Gold - Vina Domano - Vinarija Domanica d.o.o.","isPartOf":{"@id":"https:\/\/domano.ba\/#website"},"primaryImageOfPage":{"@id":"https:\/\/domano.ba\/nasa-vina\/pjenusac\/pjenusac-domano-gold\/#primaryimage"},"image":{"@id":"https:\/\/domano.ba\/nasa-vina\/pjenusac\/pjenusac-domano-gold\/#primaryimage"},"thumbnailUrl":"https:\/\/domano.ba\/wp-content\/uploads\/2022\/09\/domano-gold.jpg","datePublished":"2022-09-05T12:38:03+00:00","dateModified":"2023-06-14T10:42:27+00:00","description":"Pjenu\u0161ac Domano Gold s listi\u0107ima 23K zlata - Vinarije Domanica iz Domanovi\u0107a izvrsne \u010disto\u0107e i svje\u017eine \u0161to ga \u010dini laganim i ugodnim u \u010da\u0161i...","breadcrumb":{"@id":"https:\/\/domano.ba\/nasa-vina\/pjenusac\/pjenusac-domano-gold\/#breadcrumb"},"inLanguage":"en-US","potentialAction":[{"@type":"ReadAction","target":["https:\/\/domano.ba\/nasa-vina\/pjenusac\/pjenusac-domano-gold\/"]}]},{"@type":"ImageObject","inLanguage":"en-US","@id":"https:\/\/domano.ba\/nasa-vina\/pjenusac\/pjenusac-domano-gold\/#primaryimage","url":"https:\/\/domano.ba\/wp-content\/uploads\/2022\/09\/domano-gold.jpg","contentUrl":"https:\/\/domano.ba\/wp-content\/uploads\/2022\/09\/domano-gold.jpg","width":1200,"height":1800,"caption":"Pjenu\u0161ac Domano Gold - klasi\u010dna metoda BRUT Vinarija Domano"},{"@type":"BreadcrumbList","@id":"https:\/\/domano.ba\/nasa-vina\/pjenusac\/pjenusac-domano-gold\/#breadcrumb","itemListElement":[{"@type":"ListItem","position":1,"name":"Po\u010detna stranica","item":"https:\/\/domano.ba\/"},{"@type":"ListItem","position":2,"name":"Na\u0161a vina","item":"https:\/\/domano.ba\/nasa-vina\/"},{"@type":"ListItem","position":3,"name":"Pjenu\u0161ac Domano Gold"}]},{"@type":"WebSite","@id":"https:\/\/domano.ba\/#website","url":"https:\/\/domano.ba\/","name":"Vina Domano - Vinarija Domanica d.o.o.","description":"Vina dubokih korijena - Mostar - \u010capljina","publisher":{"@id":"https:\/\/domano.ba\/#organization"},"potentialAction":[{"@type":"SearchAction","target":{"@type":"EntryPoint","urlTemplate":"https:\/\/domano.ba\/?s={search_term_string}"},"query-input":{"@type":"PropertyValueSpecification","valueRequired":true,"valueName":"search_term_string"}}],"inLanguage":"en-US"},{"@type":"Organization","@id":"https:\/\/domano.ba\/#organization","name":"Vina Domano - Vinarija Domanica d.o.o.","url":"https:\/\/domano.ba\/","logo":{"@type":"ImageObject","inLanguage":"en-US","@id":"https:\/\/domano.ba\/#\/schema\/logo\/image\/","url":"https:\/\/domano.ba\/wp-content\/uploads\/2022\/09\/DOMANO-LOGO-01.png","contentUrl":"https:\/\/domano.ba\/wp-content\/uploads\/2022\/09\/DOMANO-LOGO-01.png","width":1182,"height":1182,"caption":"Vina Domano - Vinarija Domanica d.o.o."},"image":{"@id":"https:\/\/domano.ba\/#\/schema\/logo\/image\/"},"sameAs":["https:\/\/www.instagram.com\/vinadomano\/"]}]}},"_links":{"self":[{"href":"https:\/\/domano.ba\/en\/wp-json\/wp\/v2\/product\/2345","targetHints":{"allow":["GET"]}}],"collection":[{"href":"https:\/\/domano.ba\/en\/wp-json\/wp\/v2\/product"}],"about":[{"href":"https:\/\/domano.ba\/en\/wp-json\/wp\/v2\/types\/product"}],"replies":[{"embeddable":true,"href":"https:\/\/domano.ba\/en\/wp-json\/wp\/v2\/comments?post=2345"}],"wp:featuredmedia":[{"embeddable":true,"href":"https:\/\/domano.ba\/en\/wp-json\/wp\/v2\/media\/20069"}],"wp:attachment":[{"href":"https:\/\/domano.ba\/en\/wp-json\/wp\/v2\/media?parent=2345"}],"wp:term":[{"taxonomy":"product_cat","embeddable":true,"href":"https:\/\/domano.ba\/en\/wp-json\/wp\/v2\/product_cat?post=2345"},{"taxonomy":"product_tag","embeddable":true,"href":"https:\/\/domano.ba\/en\/wp-json\/wp\/v2\/product_tag?post=2345"}],"curies":[{"name":"wp","href":"https:\/\/api.w.org\/{rel}","templated":true}]}}