{"id":20122,"date":"2024-03-05T08:20:52","date_gmt":"2024-03-05T08:20:52","guid":{"rendered":"https:\/\/domano.ba\/?post_type=product&#038;p=20122"},"modified":"2025-12-16T00:00:05","modified_gmt":"2025-12-16T00:00:05","slug":"domano-merlot-2020","status":"publish","type":"product","link":"https:\/\/domano.ba\/en\/nasa-vina\/vrhunsko-crveno-suho-vino\/domano-merlot-2020\/","title":{"rendered":"Domano Merlot 2021"},"content":{"rendered":"<p>STYLE:<br \/>\nTop quality dry red wine<br \/>\nSORT:<br \/>\nMerlot 100 %<br \/>\nALCOHOL CONTENT:<br \/>\n13,5 %<br \/>\nVINIFICATION PROCESS:<br \/>\nRu\u010dno brani grozdovi optimalne zrelosti pobrani su u jutarnjim satima .Nakon odstranjivanja peteljke i muljanja, proces maceracije i fermentacije trajao je 14 dana. Nakon zavr\u0161ene fermentacije, vino je odle\u017eavalo u hrastovim ba\u010dvama 24 mjeseca, nakon \u010dega je preto\u010deno u inox i nakon odre\u0111enog perioda napunjeno u boce.<br \/>\nCHARACTERISTICS:<br \/>\nVino bogato aromama zrelog tamnog vo\u0107a. Srednje bogatog tijela sa izbalansiranim bar\u0161unastim taninima i zemljanim notama . Dugog i elegantnog zavr\u0161etka.<br \/>\nPOSLU\u017dIVANJE:<br \/>\nPoslu\u017eiti na temperaturi od 15-18 \u00b0C<br \/>\nNajbolje poslu\u017eiti uz pr\u0161ut,tvrde zrele sireve, gula\u0161e od crvenog mesa ili ro\u0161tilj.<\/p>","protected":false},"excerpt":{"rendered":"<p>STIL: Vrhunsko crveno suho vino SORTNI SASTAV: Merlot 100 % SADR\u017dAJ ALKOHOLA: 13,5 % PROCES&hellip;<\/p>","protected":false},"featured_media":20123,"comment_status":"closed","ping_status":"closed","template":"","meta":[],"product_cat":[217,205,192],"product_tag":[197,220,199,187],"class_list":{"0":"post-20122","1":"product","2":"type-product","3":"status-publish","4":"has-post-thumbnail","6":"product_cat-crvena-vina","7":"product_cat-suho-vino","8":"product_cat-vrhunsko-crveno-suho-vino","9":"product_tag-crveno-vino","10":"product_tag-merlot","11":"product_tag-suho","12":"product_tag-vrhunsko","14":"first","15":"instock","16":"shipping-taxable","17":"purchasable","18":"product-type-simple"},"yoast_head":"<!-- This site is optimized with the Yoast SEO plugin v26.9 - https:\/\/yoast.com\/product\/yoast-seo-wordpress\/ -->\n<title>Domano Merlot 2021 - Vina Domano - Vinarija Domanica d.o.o.<\/title>\n<meta name=\"robots\" content=\"index, follow, max-snippet:-1, max-image-preview:large, max-video-preview:-1\" \/>\n<link rel=\"canonical\" href=\"https:\/\/domano.ba\/en\/nasa-vina\/vrhunsko-crveno-suho-vino\/domano-merlot-2020\/\" \/>\n<meta property=\"og:locale\" content=\"en_US\" \/>\n<meta property=\"og:type\" content=\"article\" \/>\n<meta property=\"og:title\" content=\"Domano Merlot 2021 - Vina Domano - Vinarija Domanica d.o.o.\" \/>\n<meta property=\"og:description\" content=\"STIL: Vrhunsko crveno suho vino SORTNI SASTAV: Merlot 100 % SADR\u017dAJ ALKOHOLA: 13,5 % PROCES&hellip;\" \/>\n<meta property=\"og:url\" content=\"https:\/\/domano.ba\/en\/nasa-vina\/vrhunsko-crveno-suho-vino\/domano-merlot-2020\/\" \/>\n<meta property=\"og:site_name\" content=\"Vina Domano - Vinarija Domanica d.o.o.\" \/>\n<meta property=\"article:modified_time\" content=\"2025-12-16T00:00:05+00:00\" \/>\n<meta property=\"og:image\" content=\"https:\/\/domano.ba\/wp-content\/uploads\/2024\/03\/Merlot-jpg.webp\" \/>\n\t<meta property=\"og:image:width\" content=\"1200\" \/>\n\t<meta property=\"og:image:height\" content=\"1800\" \/>\n\t<meta property=\"og:image:type\" content=\"image\/jpeg\" \/>\n<meta name=\"twitter:card\" content=\"summary_large_image\" \/>\n<meta name=\"twitter:label1\" content=\"Est. reading time\" \/>\n\t<meta name=\"twitter:data1\" content=\"1 minute\" \/>\n<script type=\"application\/ld+json\" class=\"yoast-schema-graph\">{\"@context\":\"https:\/\/schema.org\",\"@graph\":[{\"@type\":\"WebPage\",\"@id\":\"https:\/\/domano.ba\/nasa-vina\/vrhunsko-crveno-suho-vino\/domano-merlot-2020\/\",\"url\":\"https:\/\/domano.ba\/nasa-vina\/vrhunsko-crveno-suho-vino\/domano-merlot-2020\/\",\"name\":\"Domano Merlot 2021 - Vina Domano - Vinarija Domanica d.o.o.\",\"isPartOf\":{\"@id\":\"https:\/\/domano.ba\/#website\"},\"primaryImageOfPage\":{\"@id\":\"https:\/\/domano.ba\/nasa-vina\/vrhunsko-crveno-suho-vino\/domano-merlot-2020\/#primaryimage\"},\"image\":{\"@id\":\"https:\/\/domano.ba\/nasa-vina\/vrhunsko-crveno-suho-vino\/domano-merlot-2020\/#primaryimage\"},\"thumbnailUrl\":\"https:\/\/domano.ba\/wp-content\/uploads\/2024\/03\/Merlot-jpg.webp\",\"datePublished\":\"2024-03-05T08:20:52+00:00\",\"dateModified\":\"2025-12-16T00:00:05+00:00\",\"breadcrumb\":{\"@id\":\"https:\/\/domano.ba\/nasa-vina\/vrhunsko-crveno-suho-vino\/domano-merlot-2020\/#breadcrumb\"},\"inLanguage\":\"en-US\",\"potentialAction\":[{\"@type\":\"ReadAction\",\"target\":[\"https:\/\/domano.ba\/nasa-vina\/vrhunsko-crveno-suho-vino\/domano-merlot-2020\/\"]}]},{\"@type\":\"ImageObject\",\"inLanguage\":\"en-US\",\"@id\":\"https:\/\/domano.ba\/nasa-vina\/vrhunsko-crveno-suho-vino\/domano-merlot-2020\/#primaryimage\",\"url\":\"https:\/\/domano.ba\/wp-content\/uploads\/2024\/03\/Merlot-jpg.webp\",\"contentUrl\":\"https:\/\/domano.ba\/wp-content\/uploads\/2024\/03\/Merlot-jpg.webp\",\"width\":1200,\"height\":1800,\"caption\":\"Vino Domano Merlot\"},{\"@type\":\"BreadcrumbList\",\"@id\":\"https:\/\/domano.ba\/nasa-vina\/vrhunsko-crveno-suho-vino\/domano-merlot-2020\/#breadcrumb\",\"itemListElement\":[{\"@type\":\"ListItem\",\"position\":1,\"name\":\"Po\u010detna stranica\",\"item\":\"https:\/\/domano.ba\/\"},{\"@type\":\"ListItem\",\"position\":2,\"name\":\"Na\u0161a vina\",\"item\":\"https:\/\/domano.ba\/nasa-vina\/\"},{\"@type\":\"ListItem\",\"position\":3,\"name\":\"Domano Merlot 2021\"}]},{\"@type\":\"WebSite\",\"@id\":\"https:\/\/domano.ba\/#website\",\"url\":\"https:\/\/domano.ba\/\",\"name\":\"Vina Domano - Vinarija Domanica d.o.o.\",\"description\":\"Vina dubokih korijena - Mostar - \u010capljina\",\"publisher\":{\"@id\":\"https:\/\/domano.ba\/#organization\"},\"potentialAction\":[{\"@type\":\"SearchAction\",\"target\":{\"@type\":\"EntryPoint\",\"urlTemplate\":\"https:\/\/domano.ba\/?s={search_term_string}\"},\"query-input\":{\"@type\":\"PropertyValueSpecification\",\"valueRequired\":true,\"valueName\":\"search_term_string\"}}],\"inLanguage\":\"en-US\"},{\"@type\":\"Organization\",\"@id\":\"https:\/\/domano.ba\/#organization\",\"name\":\"Vina Domano - Vinarija Domanica d.o.o.\",\"url\":\"https:\/\/domano.ba\/\",\"logo\":{\"@type\":\"ImageObject\",\"inLanguage\":\"en-US\",\"@id\":\"https:\/\/domano.ba\/#\/schema\/logo\/image\/\",\"url\":\"https:\/\/domano.ba\/wp-content\/uploads\/2022\/09\/DOMANO-LOGO-01.png\",\"contentUrl\":\"https:\/\/domano.ba\/wp-content\/uploads\/2022\/09\/DOMANO-LOGO-01.png\",\"width\":1182,\"height\":1182,\"caption\":\"Vina Domano - Vinarija Domanica d.o.o.\"},\"image\":{\"@id\":\"https:\/\/domano.ba\/#\/schema\/logo\/image\/\"},\"sameAs\":[\"https:\/\/www.instagram.com\/vinadomano\/\"]}]}<\/script>\n<!-- \/ Yoast SEO plugin. -->","yoast_head_json":{"title":"Domano Merlot 2021 - Vina Domano - Vinarija Domanica d.o.o.","robots":{"index":"index","follow":"follow","max-snippet":"max-snippet:-1","max-image-preview":"max-image-preview:large","max-video-preview":"max-video-preview:-1"},"canonical":"https:\/\/domano.ba\/en\/nasa-vina\/vrhunsko-crveno-suho-vino\/domano-merlot-2020\/","og_locale":"en_US","og_type":"article","og_title":"Domano Merlot 2021 - Vina Domano - Vinarija Domanica d.o.o.","og_description":"STIL: Vrhunsko crveno suho vino SORTNI SASTAV: Merlot 100 % SADR\u017dAJ ALKOHOLA: 13,5 % PROCES&hellip;","og_url":"https:\/\/domano.ba\/en\/nasa-vina\/vrhunsko-crveno-suho-vino\/domano-merlot-2020\/","og_site_name":"Vina Domano - Vinarija Domanica d.o.o.","article_modified_time":"2025-12-16T00:00:05+00:00","og_image":[{"width":1200,"height":1800,"url":"https:\/\/domano.ba\/wp-content\/uploads\/2024\/03\/Merlot-jpg.webp","type":"image\/jpeg"}],"twitter_card":"summary_large_image","twitter_misc":{"Est. reading time":"1 minute"},"schema":{"@context":"https:\/\/schema.org","@graph":[{"@type":"WebPage","@id":"https:\/\/domano.ba\/nasa-vina\/vrhunsko-crveno-suho-vino\/domano-merlot-2020\/","url":"https:\/\/domano.ba\/nasa-vina\/vrhunsko-crveno-suho-vino\/domano-merlot-2020\/","name":"Domano Merlot 2021 - Vina Domano - Vinarija Domanica d.o.o.","isPartOf":{"@id":"https:\/\/domano.ba\/#website"},"primaryImageOfPage":{"@id":"https:\/\/domano.ba\/nasa-vina\/vrhunsko-crveno-suho-vino\/domano-merlot-2020\/#primaryimage"},"image":{"@id":"https:\/\/domano.ba\/nasa-vina\/vrhunsko-crveno-suho-vino\/domano-merlot-2020\/#primaryimage"},"thumbnailUrl":"https:\/\/domano.ba\/wp-content\/uploads\/2024\/03\/Merlot-jpg.webp","datePublished":"2024-03-05T08:20:52+00:00","dateModified":"2025-12-16T00:00:05+00:00","breadcrumb":{"@id":"https:\/\/domano.ba\/nasa-vina\/vrhunsko-crveno-suho-vino\/domano-merlot-2020\/#breadcrumb"},"inLanguage":"en-US","potentialAction":[{"@type":"ReadAction","target":["https:\/\/domano.ba\/nasa-vina\/vrhunsko-crveno-suho-vino\/domano-merlot-2020\/"]}]},{"@type":"ImageObject","inLanguage":"en-US","@id":"https:\/\/domano.ba\/nasa-vina\/vrhunsko-crveno-suho-vino\/domano-merlot-2020\/#primaryimage","url":"https:\/\/domano.ba\/wp-content\/uploads\/2024\/03\/Merlot-jpg.webp","contentUrl":"https:\/\/domano.ba\/wp-content\/uploads\/2024\/03\/Merlot-jpg.webp","width":1200,"height":1800,"caption":"Vino Domano Merlot"},{"@type":"BreadcrumbList","@id":"https:\/\/domano.ba\/nasa-vina\/vrhunsko-crveno-suho-vino\/domano-merlot-2020\/#breadcrumb","itemListElement":[{"@type":"ListItem","position":1,"name":"Po\u010detna stranica","item":"https:\/\/domano.ba\/"},{"@type":"ListItem","position":2,"name":"Na\u0161a vina","item":"https:\/\/domano.ba\/nasa-vina\/"},{"@type":"ListItem","position":3,"name":"Domano Merlot 2021"}]},{"@type":"WebSite","@id":"https:\/\/domano.ba\/#website","url":"https:\/\/domano.ba\/","name":"Vina Domano - Vinarija Domanica d.o.o.","description":"Vina dubokih korijena - Mostar - \u010capljina","publisher":{"@id":"https:\/\/domano.ba\/#organization"},"potentialAction":[{"@type":"SearchAction","target":{"@type":"EntryPoint","urlTemplate":"https:\/\/domano.ba\/?s={search_term_string}"},"query-input":{"@type":"PropertyValueSpecification","valueRequired":true,"valueName":"search_term_string"}}],"inLanguage":"en-US"},{"@type":"Organization","@id":"https:\/\/domano.ba\/#organization","name":"Vina Domano - Vinarija Domanica d.o.o.","url":"https:\/\/domano.ba\/","logo":{"@type":"ImageObject","inLanguage":"en-US","@id":"https:\/\/domano.ba\/#\/schema\/logo\/image\/","url":"https:\/\/domano.ba\/wp-content\/uploads\/2022\/09\/DOMANO-LOGO-01.png","contentUrl":"https:\/\/domano.ba\/wp-content\/uploads\/2022\/09\/DOMANO-LOGO-01.png","width":1182,"height":1182,"caption":"Vina Domano - Vinarija Domanica d.o.o."},"image":{"@id":"https:\/\/domano.ba\/#\/schema\/logo\/image\/"},"sameAs":["https:\/\/www.instagram.com\/vinadomano\/"]}]}},"_links":{"self":[{"href":"https:\/\/domano.ba\/en\/wp-json\/wp\/v2\/product\/20122","targetHints":{"allow":["GET"]}}],"collection":[{"href":"https:\/\/domano.ba\/en\/wp-json\/wp\/v2\/product"}],"about":[{"href":"https:\/\/domano.ba\/en\/wp-json\/wp\/v2\/types\/product"}],"replies":[{"embeddable":true,"href":"https:\/\/domano.ba\/en\/wp-json\/wp\/v2\/comments?post=20122"}],"wp:featuredmedia":[{"embeddable":true,"href":"https:\/\/domano.ba\/en\/wp-json\/wp\/v2\/media\/20123"}],"wp:attachment":[{"href":"https:\/\/domano.ba\/en\/wp-json\/wp\/v2\/media?parent=20122"}],"wp:term":[{"taxonomy":"product_cat","embeddable":true,"href":"https:\/\/domano.ba\/en\/wp-json\/wp\/v2\/product_cat?post=20122"},{"taxonomy":"product_tag","embeddable":true,"href":"https:\/\/domano.ba\/en\/wp-json\/wp\/v2\/product_tag?post=20122"}],"curies":[{"name":"wp","href":"https:\/\/api.w.org\/{rel}","templated":true}]}}