{"id":20098,"date":"2023-11-23T13:05:03","date_gmt":"2023-11-23T13:05:03","guid":{"rendered":"https:\/\/domano.ba\/?post_type=product&#038;p=20098"},"modified":"2025-08-08T07:33:11","modified_gmt":"2025-08-08T07:33:11","slug":"poklon-set-domano-blatina-zilavka","status":"publish","type":"product","link":"https:\/\/domano.ba\/en\/nasa-vina\/kvalitetno-bijelo-suho-vino\/poklon-set-domano-blatina-zilavka\/","title":{"rendered":"Domano gift set: Blatina + \u017dilavka"},"content":{"rendered":"<p><strong>\u017dilavka<\/strong>: The wine is yellow-green in color with a clean aroma. The fragrance abounds with the aromas of meadow flowers and roses, and the scents of citrus and quince are discernible. The taste is fresh, slightly sour.<\/p>\n<p><strong>Blatina<\/strong>: The wine has an intense ruby red color with slightly lighter edges. On the scent you can feel the purity, fruitiness and complexity. It seems young. The aromas of red forest fruits, red currants and cherries are felt. The taste is quite fresh, warm, medium-bodied, where you can feel all the fruit spectrum, as well as the smell.<\/p>\n<p>&nbsp;<\/p>","protected":false},"excerpt":{"rendered":"<p>\u017dilavka: Vino je \u017euto zelene boje \u010dista mirisa. Miris obiluje aromama livadskog cvije\u0107a i ru\u017ea&hellip;<\/p>","protected":false},"featured_media":20099,"comment_status":"closed","ping_status":"closed","template":"","meta":[],"product_cat":[188,198,205],"product_tag":[194,190,199,185],"class_list":{"0":"post-20098","1":"product","2":"type-product","3":"status-publish","4":"has-post-thumbnail","6":"product_cat-kvalitetno-bijelo-suho-vino","7":"product_cat-kvalitetno-crveno-suho-vino","8":"product_cat-suho-vino","9":"product_tag-blatina","10":"product_tag-kvalitetno","11":"product_tag-suho","12":"product_tag-zilavka","14":"first","15":"instock","16":"featured","17":"shipping-taxable","18":"purchasable","19":"product-type-simple"},"yoast_head":"<!-- This site is optimized with the Yoast SEO plugin v26.9 - https:\/\/yoast.com\/product\/yoast-seo-wordpress\/ -->\n<title>Poklon set Domano: Blatina + \u017dilavka - Vina Domano - Vinarija Domanica d.o.o.<\/title>\n<meta name=\"robots\" content=\"index, follow, max-snippet:-1, max-image-preview:large, max-video-preview:-1\" \/>\n<link rel=\"canonical\" href=\"https:\/\/domano.ba\/en\/nasa-vina\/kvalitetno-bijelo-suho-vino\/poklon-set-domano-blatina-zilavka\/\" \/>\n<meta property=\"og:locale\" content=\"en_US\" \/>\n<meta property=\"og:type\" content=\"article\" \/>\n<meta property=\"og:title\" content=\"Poklon set Domano: Blatina + \u017dilavka - Vina Domano - Vinarija Domanica d.o.o.\" \/>\n<meta property=\"og:description\" content=\"\u017dilavka: Vino je \u017euto zelene boje \u010dista mirisa. Miris obiluje aromama livadskog cvije\u0107a i ru\u017ea&hellip;\" \/>\n<meta property=\"og:url\" content=\"https:\/\/domano.ba\/en\/nasa-vina\/kvalitetno-bijelo-suho-vino\/poklon-set-domano-blatina-zilavka\/\" \/>\n<meta property=\"og:site_name\" content=\"Vina Domano - Vinarija Domanica d.o.o.\" \/>\n<meta property=\"article:modified_time\" content=\"2025-08-08T07:33:11+00:00\" \/>\n<meta property=\"og:image\" content=\"https:\/\/domano.ba\/wp-content\/uploads\/2023\/11\/DOUPACK-NEW-z-b-002-jpg.webp\" \/>\n\t<meta property=\"og:image:width\" content=\"1200\" \/>\n\t<meta property=\"og:image:height\" content=\"1800\" \/>\n\t<meta property=\"og:image:type\" content=\"image\/jpeg\" \/>\n<meta name=\"twitter:card\" content=\"summary_large_image\" \/>\n<meta name=\"twitter:label1\" content=\"Est. reading time\" \/>\n\t<meta name=\"twitter:data1\" content=\"1 minute\" \/>\n<script type=\"application\/ld+json\" class=\"yoast-schema-graph\">{\"@context\":\"https:\/\/schema.org\",\"@graph\":[{\"@type\":\"WebPage\",\"@id\":\"https:\/\/domano.ba\/nasa-vina\/kvalitetno-bijelo-suho-vino\/poklon-set-domano-blatina-zilavka\/\",\"url\":\"https:\/\/domano.ba\/nasa-vina\/kvalitetno-bijelo-suho-vino\/poklon-set-domano-blatina-zilavka\/\",\"name\":\"Poklon set Domano: Blatina + \u017dilavka - Vina Domano - Vinarija Domanica d.o.o.\",\"isPartOf\":{\"@id\":\"https:\/\/domano.ba\/#website\"},\"primaryImageOfPage\":{\"@id\":\"https:\/\/domano.ba\/nasa-vina\/kvalitetno-bijelo-suho-vino\/poklon-set-domano-blatina-zilavka\/#primaryimage\"},\"image\":{\"@id\":\"https:\/\/domano.ba\/nasa-vina\/kvalitetno-bijelo-suho-vino\/poklon-set-domano-blatina-zilavka\/#primaryimage\"},\"thumbnailUrl\":\"https:\/\/domano.ba\/wp-content\/uploads\/2023\/11\/DOUPACK-NEW-z-b-002-jpg.webp\",\"datePublished\":\"2023-11-23T13:05:03+00:00\",\"dateModified\":\"2025-08-08T07:33:11+00:00\",\"breadcrumb\":{\"@id\":\"https:\/\/domano.ba\/nasa-vina\/kvalitetno-bijelo-suho-vino\/poklon-set-domano-blatina-zilavka\/#breadcrumb\"},\"inLanguage\":\"en-US\",\"potentialAction\":[{\"@type\":\"ReadAction\",\"target\":[\"https:\/\/domano.ba\/nasa-vina\/kvalitetno-bijelo-suho-vino\/poklon-set-domano-blatina-zilavka\/\"]}]},{\"@type\":\"ImageObject\",\"inLanguage\":\"en-US\",\"@id\":\"https:\/\/domano.ba\/nasa-vina\/kvalitetno-bijelo-suho-vino\/poklon-set-domano-blatina-zilavka\/#primaryimage\",\"url\":\"https:\/\/domano.ba\/wp-content\/uploads\/2023\/11\/DOUPACK-NEW-z-b-002-jpg.webp\",\"contentUrl\":\"https:\/\/domano.ba\/wp-content\/uploads\/2023\/11\/DOUPACK-NEW-z-b-002-jpg.webp\",\"width\":1200,\"height\":1800},{\"@type\":\"BreadcrumbList\",\"@id\":\"https:\/\/domano.ba\/nasa-vina\/kvalitetno-bijelo-suho-vino\/poklon-set-domano-blatina-zilavka\/#breadcrumb\",\"itemListElement\":[{\"@type\":\"ListItem\",\"position\":1,\"name\":\"Po\u010detna stranica\",\"item\":\"https:\/\/domano.ba\/\"},{\"@type\":\"ListItem\",\"position\":2,\"name\":\"Na\u0161a vina\",\"item\":\"https:\/\/domano.ba\/nasa-vina\/\"},{\"@type\":\"ListItem\",\"position\":3,\"name\":\"Poklon set Domano: Blatina + \u017dilavka\"}]},{\"@type\":\"WebSite\",\"@id\":\"https:\/\/domano.ba\/#website\",\"url\":\"https:\/\/domano.ba\/\",\"name\":\"Vina Domano - Vinarija Domanica d.o.o.\",\"description\":\"Vina dubokih korijena - Mostar - \u010capljina\",\"publisher\":{\"@id\":\"https:\/\/domano.ba\/#organization\"},\"potentialAction\":[{\"@type\":\"SearchAction\",\"target\":{\"@type\":\"EntryPoint\",\"urlTemplate\":\"https:\/\/domano.ba\/?s={search_term_string}\"},\"query-input\":{\"@type\":\"PropertyValueSpecification\",\"valueRequired\":true,\"valueName\":\"search_term_string\"}}],\"inLanguage\":\"en-US\"},{\"@type\":\"Organization\",\"@id\":\"https:\/\/domano.ba\/#organization\",\"name\":\"Vina Domano - Vinarija Domanica d.o.o.\",\"url\":\"https:\/\/domano.ba\/\",\"logo\":{\"@type\":\"ImageObject\",\"inLanguage\":\"en-US\",\"@id\":\"https:\/\/domano.ba\/#\/schema\/logo\/image\/\",\"url\":\"https:\/\/domano.ba\/wp-content\/uploads\/2022\/09\/DOMANO-LOGO-01.png\",\"contentUrl\":\"https:\/\/domano.ba\/wp-content\/uploads\/2022\/09\/DOMANO-LOGO-01.png\",\"width\":1182,\"height\":1182,\"caption\":\"Vina Domano - Vinarija Domanica d.o.o.\"},\"image\":{\"@id\":\"https:\/\/domano.ba\/#\/schema\/logo\/image\/\"},\"sameAs\":[\"https:\/\/www.instagram.com\/vinadomano\/\"]}]}<\/script>\n<!-- \/ Yoast SEO plugin. -->","yoast_head_json":{"title":"Poklon set Domano: Blatina + \u017dilavka - Vina Domano - Vinarija Domanica d.o.o.","robots":{"index":"index","follow":"follow","max-snippet":"max-snippet:-1","max-image-preview":"max-image-preview:large","max-video-preview":"max-video-preview:-1"},"canonical":"https:\/\/domano.ba\/en\/nasa-vina\/kvalitetno-bijelo-suho-vino\/poklon-set-domano-blatina-zilavka\/","og_locale":"en_US","og_type":"article","og_title":"Poklon set Domano: Blatina + \u017dilavka - Vina Domano - Vinarija Domanica d.o.o.","og_description":"\u017dilavka: Vino je \u017euto zelene boje \u010dista mirisa. Miris obiluje aromama livadskog cvije\u0107a i ru\u017ea&hellip;","og_url":"https:\/\/domano.ba\/en\/nasa-vina\/kvalitetno-bijelo-suho-vino\/poklon-set-domano-blatina-zilavka\/","og_site_name":"Vina Domano - Vinarija Domanica d.o.o.","article_modified_time":"2025-08-08T07:33:11+00:00","og_image":[{"width":1200,"height":1800,"url":"https:\/\/domano.ba\/wp-content\/uploads\/2023\/11\/DOUPACK-NEW-z-b-002-jpg.webp","type":"image\/jpeg"}],"twitter_card":"summary_large_image","twitter_misc":{"Est. reading time":"1 minute"},"schema":{"@context":"https:\/\/schema.org","@graph":[{"@type":"WebPage","@id":"https:\/\/domano.ba\/nasa-vina\/kvalitetno-bijelo-suho-vino\/poklon-set-domano-blatina-zilavka\/","url":"https:\/\/domano.ba\/nasa-vina\/kvalitetno-bijelo-suho-vino\/poklon-set-domano-blatina-zilavka\/","name":"Poklon set Domano: Blatina + \u017dilavka - Vina Domano - Vinarija Domanica d.o.o.","isPartOf":{"@id":"https:\/\/domano.ba\/#website"},"primaryImageOfPage":{"@id":"https:\/\/domano.ba\/nasa-vina\/kvalitetno-bijelo-suho-vino\/poklon-set-domano-blatina-zilavka\/#primaryimage"},"image":{"@id":"https:\/\/domano.ba\/nasa-vina\/kvalitetno-bijelo-suho-vino\/poklon-set-domano-blatina-zilavka\/#primaryimage"},"thumbnailUrl":"https:\/\/domano.ba\/wp-content\/uploads\/2023\/11\/DOUPACK-NEW-z-b-002-jpg.webp","datePublished":"2023-11-23T13:05:03+00:00","dateModified":"2025-08-08T07:33:11+00:00","breadcrumb":{"@id":"https:\/\/domano.ba\/nasa-vina\/kvalitetno-bijelo-suho-vino\/poklon-set-domano-blatina-zilavka\/#breadcrumb"},"inLanguage":"en-US","potentialAction":[{"@type":"ReadAction","target":["https:\/\/domano.ba\/nasa-vina\/kvalitetno-bijelo-suho-vino\/poklon-set-domano-blatina-zilavka\/"]}]},{"@type":"ImageObject","inLanguage":"en-US","@id":"https:\/\/domano.ba\/nasa-vina\/kvalitetno-bijelo-suho-vino\/poklon-set-domano-blatina-zilavka\/#primaryimage","url":"https:\/\/domano.ba\/wp-content\/uploads\/2023\/11\/DOUPACK-NEW-z-b-002-jpg.webp","contentUrl":"https:\/\/domano.ba\/wp-content\/uploads\/2023\/11\/DOUPACK-NEW-z-b-002-jpg.webp","width":1200,"height":1800},{"@type":"BreadcrumbList","@id":"https:\/\/domano.ba\/nasa-vina\/kvalitetno-bijelo-suho-vino\/poklon-set-domano-blatina-zilavka\/#breadcrumb","itemListElement":[{"@type":"ListItem","position":1,"name":"Po\u010detna stranica","item":"https:\/\/domano.ba\/"},{"@type":"ListItem","position":2,"name":"Na\u0161a vina","item":"https:\/\/domano.ba\/nasa-vina\/"},{"@type":"ListItem","position":3,"name":"Poklon set Domano: Blatina + \u017dilavka"}]},{"@type":"WebSite","@id":"https:\/\/domano.ba\/#website","url":"https:\/\/domano.ba\/","name":"Vina Domano - Vinarija Domanica d.o.o.","description":"Vina dubokih korijena - Mostar - \u010capljina","publisher":{"@id":"https:\/\/domano.ba\/#organization"},"potentialAction":[{"@type":"SearchAction","target":{"@type":"EntryPoint","urlTemplate":"https:\/\/domano.ba\/?s={search_term_string}"},"query-input":{"@type":"PropertyValueSpecification","valueRequired":true,"valueName":"search_term_string"}}],"inLanguage":"en-US"},{"@type":"Organization","@id":"https:\/\/domano.ba\/#organization","name":"Vina Domano - Vinarija Domanica d.o.o.","url":"https:\/\/domano.ba\/","logo":{"@type":"ImageObject","inLanguage":"en-US","@id":"https:\/\/domano.ba\/#\/schema\/logo\/image\/","url":"https:\/\/domano.ba\/wp-content\/uploads\/2022\/09\/DOMANO-LOGO-01.png","contentUrl":"https:\/\/domano.ba\/wp-content\/uploads\/2022\/09\/DOMANO-LOGO-01.png","width":1182,"height":1182,"caption":"Vina Domano - Vinarija Domanica d.o.o."},"image":{"@id":"https:\/\/domano.ba\/#\/schema\/logo\/image\/"},"sameAs":["https:\/\/www.instagram.com\/vinadomano\/"]}]}},"_links":{"self":[{"href":"https:\/\/domano.ba\/en\/wp-json\/wp\/v2\/product\/20098","targetHints":{"allow":["GET"]}}],"collection":[{"href":"https:\/\/domano.ba\/en\/wp-json\/wp\/v2\/product"}],"about":[{"href":"https:\/\/domano.ba\/en\/wp-json\/wp\/v2\/types\/product"}],"replies":[{"embeddable":true,"href":"https:\/\/domano.ba\/en\/wp-json\/wp\/v2\/comments?post=20098"}],"wp:featuredmedia":[{"embeddable":true,"href":"https:\/\/domano.ba\/en\/wp-json\/wp\/v2\/media\/20099"}],"wp:attachment":[{"href":"https:\/\/domano.ba\/en\/wp-json\/wp\/v2\/media?parent=20098"}],"wp:term":[{"taxonomy":"product_cat","embeddable":true,"href":"https:\/\/domano.ba\/en\/wp-json\/wp\/v2\/product_cat?post=20098"},{"taxonomy":"product_tag","embeddable":true,"href":"https:\/\/domano.ba\/en\/wp-json\/wp\/v2\/product_tag?post=20098"}],"curies":[{"name":"wp","href":"https:\/\/api.w.org\/{rel}","templated":true}]}}