{"id":19973,"date":"2022-12-06T14:10:58","date_gmt":"2022-12-06T14:10:58","guid":{"rendered":"https:\/\/domano.ba\/?post_type=product&#038;p=19973"},"modified":"2026-01-16T00:07:48","modified_gmt":"2026-01-16T00:07:48","slug":"domano-cuvee-white","status":"publish","type":"product","link":"https:\/\/domano.ba\/en\/nasa-vina\/vrhunsko-bijelo-suho-vino\/domano-cuvee-white\/","title":{"rendered":"Cuv\u00e9e Domano white"},"content":{"rendered":"<div class=\"vc_row wpb_row vc_inner vc_row-fluid\">\n<div class=\"wpb_column vc_column_container vc_col-sm-9\">\n<div class=\"vc_column-inner\">\n<div class=\"wpb_wrapper\">\n<div class=\"wpb_text_column wpb_content_element\">\n<div class=\"wpb_wrapper\">\n<p><em><strong>STYLE:<\/strong><\/em><br \/>\nTop quality dry white wine<\/p>\n<\/div>\n<\/div>\n<\/div>\n<\/div>\n<\/div>\n<\/div>\n<div class=\"vc_row wpb_row vc_inner vc_row-fluid\">\n<div class=\"wpb_column vc_column_container vc_col-sm-9\">\n<div class=\"vc_column-inner\">\n<div class=\"wpb_wrapper\">\n<div class=\"wpb_text_column wpb_content_element\">\n<div class=\"wpb_wrapper\">\n<p><em><strong>SORT:<\/strong><\/em><br \/>\n<em>\u017dilavka i Chardonnay <\/em><\/p>\n<\/div>\n<\/div>\n<\/div>\n<\/div>\n<\/div>\n<\/div>\n<div class=\"vc_row wpb_row vc_inner vc_row-fluid\">\n<div class=\"wpb_column vc_column_container vc_col-sm-9\">\n<div class=\"vc_column-inner\">\n<div class=\"wpb_wrapper\">\n<div class=\"wpb_text_column wpb_content_element\">\n<div class=\"wpb_wrapper\">\n<p><strong><em>ALCOHOL CONTENT:<\/em><\/strong><br \/>\n13%<\/p>\n<\/div>\n<\/div>\n<\/div>\n<\/div>\n<\/div>\n<\/div>\n<div class=\"vc_row wpb_row vc_inner vc_row-fluid\">\n<div class=\"wpb_column vc_column_container vc_col-sm-9\">\n<div class=\"vc_column-inner\">\n<div class=\"wpb_wrapper\">\n<div class=\"wpb_text_column wpb_content_element\">\n<div class=\"wpb_wrapper\">\n<p><strong><em>VINIFICATION PROCESS:<\/em><\/strong><br \/>\nhand harvesting, maceration for 4-6 hours, cooling to a temperature of 6 \u00b0C through a heat exchanger, clarification and decanting, controlled fermentation for 30 days at 16 \u00b0C.<\/p>\n<\/div>\n<\/div>\n<\/div>\n<\/div>\n<\/div>\n<\/div>\n<div class=\"vc_row wpb_row vc_inner vc_row-fluid\">\n<div class=\"wpb_column vc_column_container vc_col-sm-9\">\n<div class=\"vc_column-inner\">\n<div class=\"wpb_wrapper\">\n<div class=\"wpb_text_column wpb_content_element\">\n<div class=\"wpb_wrapper\">\n<p><strong><em>MATURATION:<\/em><\/strong><br \/>\n<em>Selected grape bunches of \u017dilavka were pressed followed by fermentation and maturation in stainless steel tanks, while the chardonnay fermented and matured on the lees in a 500-liter wooden barrel for a full 12 months.<\/em><\/p>\n<p><em><strong><span style=\"letter-spacing: 0px;\">CHARACTERISTICS:<\/span><\/strong><\/em><\/p>\n<\/div>\n<\/div>\n<\/div>\n<\/div>\n<\/div>\n<\/div>\n<div class=\"vc_row wpb_row vc_inner vc_row-fluid\">\n<div class=\"wpb_column vc_column_container vc_col-sm-9\">\n<div class=\"vc_column-inner\">\n<div class=\"wpb_wrapper\">\n<div class=\"wpb_text_column wpb_content_element\">\n<div class=\"wpb_wrapper\">\n<p><em>Golden yellow color and a very pronounced, layered aroma of ripe fruit, with notes of vanilla and wood. Complex and rich taste.<\/em><\/p>\n<\/div>\n<\/div>\n<\/div>\n<\/div>\n<\/div>\n<\/div>\n<div class=\"vc_row wpb_row vc_inner vc_row-fluid\">\n<div class=\"wpb_column vc_column_container vc_col-sm-9\">\n<div class=\"vc_column-inner\">\n<div class=\"wpb_wrapper\">\n<div class=\"wpb_text_column wpb_content_element\">\n<div class=\"wpb_wrapper\">\n<p><em><strong>FOOD AND SERVING:<\/strong><\/em><br \/>\nIt is recommended to drink with lamb, boiled or roasted on a spit, then with eel and with other freshwater and sea fish, with cheese from bellows and prosciutto. It is drunk chilled at a temperature of 10-12 \u00b0C.<\/p>\n<\/div>\n<\/div>\n<\/div>\n<\/div>\n<\/div>\n<\/div>","protected":false},"excerpt":{"rendered":"<p><em>The limited series of this wine was created by blending \u017dilavka and Chardonnay varieties in equal proportions.\n*Selected grape bunches of \u017dilavka were pressed followed by fermentation and maturation in stainless steel tanks, while the chardonnay fermented and matured on the lees in a 500-liter wooden barrel for a full 12 months.\nAfter coupage, the wine was bottled and aged for some time before being released on the market. Golden yellow color and a very pronounced, layered aroma of ripe fruit, with hints of vanilla and wood. Complex and rich taste.<\/em><\/p>","protected":false},"featured_media":20065,"comment_status":"open","ping_status":"closed","template":"","meta":[],"product_cat":[216,184],"product_tag":[186,211,187,185],"class_list":{"0":"post-19973","1":"product","2":"type-product","3":"status-publish","4":"has-post-thumbnail","6":"product_cat-bijela-vina","7":"product_cat-vrhunsko-bijelo-suho-vino","8":"product_tag-bijelo","9":"product_tag-cuvee","10":"product_tag-vrhunsko","11":"product_tag-zilavka","13":"first","14":"instock","15":"featured","16":"shipping-taxable","17":"purchasable","18":"product-type-simple"},"yoast_head":"<!-- This site is optimized with the Yoast SEO plugin v26.9 - https:\/\/yoast.com\/product\/yoast-seo-wordpress\/ -->\n<title>Domano cuv\u00e9e white - Vina Domano - Vinarija Domanica d.o.o.<\/title>\n<meta name=\"description\" content=\"Suho bijelo vino nastalo od najboljih grozdova \u017eilavke iz na\u0161ih vinograda. Zlatno\u017eute boje. Limitirana serija ovog vina je nastala kupa\u017eom sorti \u017dilavka i Chardonnay u jednakom omjeru.\" \/>\n<meta name=\"robots\" content=\"index, follow, max-snippet:-1, max-image-preview:large, max-video-preview:-1\" \/>\n<link rel=\"canonical\" href=\"https:\/\/domano.ba\/en\/nasa-vina\/vrhunsko-bijelo-suho-vino\/domano-cuvee-white\/\" \/>\n<meta property=\"og:locale\" content=\"en_US\" \/>\n<meta property=\"og:type\" content=\"article\" \/>\n<meta property=\"og:title\" content=\"Domano cuv\u00e9e white - Vina Domano - Vinarija Domanica d.o.o.\" \/>\n<meta property=\"og:description\" content=\"Suho bijelo vino nastalo od najboljih grozdova \u017eilavke iz na\u0161ih vinograda. Zlatno\u017eute boje. Limitirana serija ovog vina je nastala kupa\u017eom sorti \u017dilavka i Chardonnay u jednakom omjeru.\" \/>\n<meta property=\"og:url\" content=\"https:\/\/domano.ba\/en\/nasa-vina\/vrhunsko-bijelo-suho-vino\/domano-cuvee-white\/\" \/>\n<meta property=\"og:site_name\" content=\"Vina Domano - Vinarija Domanica d.o.o.\" \/>\n<meta property=\"article:modified_time\" content=\"2026-01-16T00:07:48+00:00\" \/>\n<meta property=\"og:image\" content=\"https:\/\/domano.ba\/wp-content\/uploads\/2022\/12\/cuvee-white.jpg\" \/>\n\t<meta property=\"og:image:width\" content=\"1200\" \/>\n\t<meta property=\"og:image:height\" content=\"1800\" \/>\n\t<meta property=\"og:image:type\" content=\"image\/jpeg\" \/>\n<meta name=\"twitter:card\" content=\"summary_large_image\" \/>\n<meta name=\"twitter:label1\" content=\"Est. reading time\" \/>\n\t<meta name=\"twitter:data1\" content=\"1 minute\" \/>\n<script type=\"application\/ld+json\" class=\"yoast-schema-graph\">{\"@context\":\"https:\/\/schema.org\",\"@graph\":[{\"@type\":\"WebPage\",\"@id\":\"https:\/\/domano.ba\/nasa-vina\/vrhunsko-bijelo-suho-vino\/domano-cuvee-white\/\",\"url\":\"https:\/\/domano.ba\/nasa-vina\/vrhunsko-bijelo-suho-vino\/domano-cuvee-white\/\",\"name\":\"Domano cuv\u00e9e white - Vina Domano - Vinarija Domanica d.o.o.\",\"isPartOf\":{\"@id\":\"https:\/\/domano.ba\/#website\"},\"primaryImageOfPage\":{\"@id\":\"https:\/\/domano.ba\/nasa-vina\/vrhunsko-bijelo-suho-vino\/domano-cuvee-white\/#primaryimage\"},\"image\":{\"@id\":\"https:\/\/domano.ba\/nasa-vina\/vrhunsko-bijelo-suho-vino\/domano-cuvee-white\/#primaryimage\"},\"thumbnailUrl\":\"https:\/\/domano.ba\/wp-content\/uploads\/2022\/12\/cuvee-white.jpg\",\"datePublished\":\"2022-12-06T14:10:58+00:00\",\"dateModified\":\"2026-01-16T00:07:48+00:00\",\"description\":\"Suho bijelo vino nastalo od najboljih grozdova \u017eilavke iz na\u0161ih vinograda. Zlatno\u017eute boje. Limitirana serija ovog vina je nastala kupa\u017eom sorti \u017dilavka i Chardonnay u jednakom omjeru.\",\"breadcrumb\":{\"@id\":\"https:\/\/domano.ba\/nasa-vina\/vrhunsko-bijelo-suho-vino\/domano-cuvee-white\/#breadcrumb\"},\"inLanguage\":\"en-US\",\"potentialAction\":[{\"@type\":\"ReadAction\",\"target\":[\"https:\/\/domano.ba\/nasa-vina\/vrhunsko-bijelo-suho-vino\/domano-cuvee-white\/\"]}]},{\"@type\":\"ImageObject\",\"inLanguage\":\"en-US\",\"@id\":\"https:\/\/domano.ba\/nasa-vina\/vrhunsko-bijelo-suho-vino\/domano-cuvee-white\/#primaryimage\",\"url\":\"https:\/\/domano.ba\/wp-content\/uploads\/2022\/12\/cuvee-white.jpg\",\"contentUrl\":\"https:\/\/domano.ba\/wp-content\/uploads\/2022\/12\/cuvee-white.jpg\",\"width\":1200,\"height\":1800,\"caption\":\"Vino Domano CUVEE white - Vrhunsko sugo bijelo vino - Vinarija\"},{\"@type\":\"BreadcrumbList\",\"@id\":\"https:\/\/domano.ba\/nasa-vina\/vrhunsko-bijelo-suho-vino\/domano-cuvee-white\/#breadcrumb\",\"itemListElement\":[{\"@type\":\"ListItem\",\"position\":1,\"name\":\"Po\u010detna stranica\",\"item\":\"https:\/\/domano.ba\/\"},{\"@type\":\"ListItem\",\"position\":2,\"name\":\"Na\u0161a vina\",\"item\":\"https:\/\/domano.ba\/nasa-vina\/\"},{\"@type\":\"ListItem\",\"position\":3,\"name\":\"Domano cuv\u00e9e white\"}]},{\"@type\":\"WebSite\",\"@id\":\"https:\/\/domano.ba\/#website\",\"url\":\"https:\/\/domano.ba\/\",\"name\":\"Vina Domano - Vinarija Domanica d.o.o.\",\"description\":\"Vina dubokih korijena - Mostar - \u010capljina\",\"publisher\":{\"@id\":\"https:\/\/domano.ba\/#organization\"},\"potentialAction\":[{\"@type\":\"SearchAction\",\"target\":{\"@type\":\"EntryPoint\",\"urlTemplate\":\"https:\/\/domano.ba\/?s={search_term_string}\"},\"query-input\":{\"@type\":\"PropertyValueSpecification\",\"valueRequired\":true,\"valueName\":\"search_term_string\"}}],\"inLanguage\":\"en-US\"},{\"@type\":\"Organization\",\"@id\":\"https:\/\/domano.ba\/#organization\",\"name\":\"Vina Domano - Vinarija Domanica d.o.o.\",\"url\":\"https:\/\/domano.ba\/\",\"logo\":{\"@type\":\"ImageObject\",\"inLanguage\":\"en-US\",\"@id\":\"https:\/\/domano.ba\/#\/schema\/logo\/image\/\",\"url\":\"https:\/\/domano.ba\/wp-content\/uploads\/2022\/09\/DOMANO-LOGO-01.png\",\"contentUrl\":\"https:\/\/domano.ba\/wp-content\/uploads\/2022\/09\/DOMANO-LOGO-01.png\",\"width\":1182,\"height\":1182,\"caption\":\"Vina Domano - Vinarija Domanica d.o.o.\"},\"image\":{\"@id\":\"https:\/\/domano.ba\/#\/schema\/logo\/image\/\"},\"sameAs\":[\"https:\/\/www.instagram.com\/vinadomano\/\"]}]}<\/script>\n<!-- \/ Yoast SEO plugin. -->","yoast_head_json":{"title":"Domano cuv\u00e9e white - Vina Domano - Vinarija Domanica d.o.o.","description":"Suho bijelo vino nastalo od najboljih grozdova \u017eilavke iz na\u0161ih vinograda. Zlatno\u017eute boje. Limitirana serija ovog vina je nastala kupa\u017eom sorti \u017dilavka i Chardonnay u jednakom omjeru.","robots":{"index":"index","follow":"follow","max-snippet":"max-snippet:-1","max-image-preview":"max-image-preview:large","max-video-preview":"max-video-preview:-1"},"canonical":"https:\/\/domano.ba\/en\/nasa-vina\/vrhunsko-bijelo-suho-vino\/domano-cuvee-white\/","og_locale":"en_US","og_type":"article","og_title":"Domano cuv\u00e9e white - Vina Domano - Vinarija Domanica d.o.o.","og_description":"Suho bijelo vino nastalo od najboljih grozdova \u017eilavke iz na\u0161ih vinograda. Zlatno\u017eute boje. Limitirana serija ovog vina je nastala kupa\u017eom sorti \u017dilavka i Chardonnay u jednakom omjeru.","og_url":"https:\/\/domano.ba\/en\/nasa-vina\/vrhunsko-bijelo-suho-vino\/domano-cuvee-white\/","og_site_name":"Vina Domano - Vinarija Domanica d.o.o.","article_modified_time":"2026-01-16T00:07:48+00:00","og_image":[{"width":1200,"height":1800,"url":"https:\/\/domano.ba\/wp-content\/uploads\/2022\/12\/cuvee-white.jpg","type":"image\/jpeg"}],"twitter_card":"summary_large_image","twitter_misc":{"Est. reading time":"1 minute"},"schema":{"@context":"https:\/\/schema.org","@graph":[{"@type":"WebPage","@id":"https:\/\/domano.ba\/nasa-vina\/vrhunsko-bijelo-suho-vino\/domano-cuvee-white\/","url":"https:\/\/domano.ba\/nasa-vina\/vrhunsko-bijelo-suho-vino\/domano-cuvee-white\/","name":"Domano cuv\u00e9e white - Vina Domano - Vinarija Domanica d.o.o.","isPartOf":{"@id":"https:\/\/domano.ba\/#website"},"primaryImageOfPage":{"@id":"https:\/\/domano.ba\/nasa-vina\/vrhunsko-bijelo-suho-vino\/domano-cuvee-white\/#primaryimage"},"image":{"@id":"https:\/\/domano.ba\/nasa-vina\/vrhunsko-bijelo-suho-vino\/domano-cuvee-white\/#primaryimage"},"thumbnailUrl":"https:\/\/domano.ba\/wp-content\/uploads\/2022\/12\/cuvee-white.jpg","datePublished":"2022-12-06T14:10:58+00:00","dateModified":"2026-01-16T00:07:48+00:00","description":"Suho bijelo vino nastalo od najboljih grozdova \u017eilavke iz na\u0161ih vinograda. Zlatno\u017eute boje. Limitirana serija ovog vina je nastala kupa\u017eom sorti \u017dilavka i Chardonnay u jednakom omjeru.","breadcrumb":{"@id":"https:\/\/domano.ba\/nasa-vina\/vrhunsko-bijelo-suho-vino\/domano-cuvee-white\/#breadcrumb"},"inLanguage":"en-US","potentialAction":[{"@type":"ReadAction","target":["https:\/\/domano.ba\/nasa-vina\/vrhunsko-bijelo-suho-vino\/domano-cuvee-white\/"]}]},{"@type":"ImageObject","inLanguage":"en-US","@id":"https:\/\/domano.ba\/nasa-vina\/vrhunsko-bijelo-suho-vino\/domano-cuvee-white\/#primaryimage","url":"https:\/\/domano.ba\/wp-content\/uploads\/2022\/12\/cuvee-white.jpg","contentUrl":"https:\/\/domano.ba\/wp-content\/uploads\/2022\/12\/cuvee-white.jpg","width":1200,"height":1800,"caption":"Vino Domano CUVEE white - Vrhunsko sugo bijelo vino - Vinarija"},{"@type":"BreadcrumbList","@id":"https:\/\/domano.ba\/nasa-vina\/vrhunsko-bijelo-suho-vino\/domano-cuvee-white\/#breadcrumb","itemListElement":[{"@type":"ListItem","position":1,"name":"Po\u010detna stranica","item":"https:\/\/domano.ba\/"},{"@type":"ListItem","position":2,"name":"Na\u0161a vina","item":"https:\/\/domano.ba\/nasa-vina\/"},{"@type":"ListItem","position":3,"name":"Domano cuv\u00e9e white"}]},{"@type":"WebSite","@id":"https:\/\/domano.ba\/#website","url":"https:\/\/domano.ba\/","name":"Vina Domano - Vinarija Domanica d.o.o.","description":"Vina dubokih korijena - Mostar - \u010capljina","publisher":{"@id":"https:\/\/domano.ba\/#organization"},"potentialAction":[{"@type":"SearchAction","target":{"@type":"EntryPoint","urlTemplate":"https:\/\/domano.ba\/?s={search_term_string}"},"query-input":{"@type":"PropertyValueSpecification","valueRequired":true,"valueName":"search_term_string"}}],"inLanguage":"en-US"},{"@type":"Organization","@id":"https:\/\/domano.ba\/#organization","name":"Vina Domano - Vinarija Domanica d.o.o.","url":"https:\/\/domano.ba\/","logo":{"@type":"ImageObject","inLanguage":"en-US","@id":"https:\/\/domano.ba\/#\/schema\/logo\/image\/","url":"https:\/\/domano.ba\/wp-content\/uploads\/2022\/09\/DOMANO-LOGO-01.png","contentUrl":"https:\/\/domano.ba\/wp-content\/uploads\/2022\/09\/DOMANO-LOGO-01.png","width":1182,"height":1182,"caption":"Vina Domano - Vinarija Domanica d.o.o."},"image":{"@id":"https:\/\/domano.ba\/#\/schema\/logo\/image\/"},"sameAs":["https:\/\/www.instagram.com\/vinadomano\/"]}]}},"_links":{"self":[{"href":"https:\/\/domano.ba\/en\/wp-json\/wp\/v2\/product\/19973","targetHints":{"allow":["GET"]}}],"collection":[{"href":"https:\/\/domano.ba\/en\/wp-json\/wp\/v2\/product"}],"about":[{"href":"https:\/\/domano.ba\/en\/wp-json\/wp\/v2\/types\/product"}],"replies":[{"embeddable":true,"href":"https:\/\/domano.ba\/en\/wp-json\/wp\/v2\/comments?post=19973"}],"wp:featuredmedia":[{"embeddable":true,"href":"https:\/\/domano.ba\/en\/wp-json\/wp\/v2\/media\/20065"}],"wp:attachment":[{"href":"https:\/\/domano.ba\/en\/wp-json\/wp\/v2\/media?parent=19973"}],"wp:term":[{"taxonomy":"product_cat","embeddable":true,"href":"https:\/\/domano.ba\/en\/wp-json\/wp\/v2\/product_cat?post=19973"},{"taxonomy":"product_tag","embeddable":true,"href":"https:\/\/domano.ba\/en\/wp-json\/wp\/v2\/product_tag?post=19973"}],"curies":[{"name":"wp","href":"https:\/\/api.w.org\/{rel}","templated":true}]}}