{"id":19969,"date":"2022-12-06T13:52:52","date_gmt":"2022-12-06T13:52:52","guid":{"rendered":"https:\/\/domano.ba\/?post_type=product&#038;p=19969"},"modified":"2023-11-23T13:10:57","modified_gmt":"2023-11-23T13:10:57","slug":"domano-zilavka-selekcija","status":"publish","type":"product","link":"https:\/\/domano.ba\/en\/nasa-vina\/vrhunsko-bijelo-suho-vino\/domano-zilavka-selekcija\/","title":{"rendered":"Domano \u017dilavka Selection"},"content":{"rendered":"<div class=\"vc_row wpb_row vc_inner vc_row-fluid\">\n<div class=\"wpb_column vc_column_container vc_col-sm-9\">\n<div class=\"vc_column-inner\">\n<div class=\"wpb_wrapper\">\n<div class=\"wpb_text_column wpb_content_element\">\n<div class=\"wpb_wrapper\">\n<p><em><strong>STYLE:<\/strong><\/em><br \/>\nTop quality dry white wine<\/p>\n<\/div>\n<\/div>\n<\/div>\n<\/div>\n<\/div>\n<\/div>\n<div class=\"vc_row wpb_row vc_inner vc_row-fluid\">\n<div class=\"wpb_column vc_column_container vc_col-sm-9\">\n<div class=\"vc_column-inner\">\n<div class=\"wpb_wrapper\">\n<div class=\"wpb_text_column wpb_content_element\">\n<div class=\"wpb_wrapper\">\n<p><em><strong>SORT:<\/strong><\/em><br \/>\n\u017dilavka<\/p>\n<\/div>\n<\/div>\n<\/div>\n<\/div>\n<\/div>\n<\/div>\n<div class=\"vc_row wpb_row vc_inner vc_row-fluid\">\n<div class=\"wpb_column vc_column_container vc_col-sm-9\">\n<div class=\"vc_column-inner\">\n<div class=\"wpb_wrapper\">\n<div class=\"wpb_text_column wpb_content_element\">\n<div class=\"wpb_wrapper\">\n<p><strong><em>ALCOHOL CONTENT:<\/em><\/strong><br \/>\n13%<\/p>\n<\/div>\n<\/div>\n<\/div>\n<\/div>\n<\/div>\n<\/div>\n<div class=\"vc_row wpb_row vc_inner vc_row-fluid\">\n<div class=\"wpb_column vc_column_container vc_col-sm-9\">\n<div class=\"vc_column-inner\">\n<div class=\"wpb_wrapper\">\n<div class=\"wpb_text_column wpb_content_element\">\n<div class=\"wpb_wrapper\">\n<p><strong><em>VINIFICATION PROCESS:<\/em><\/strong><br \/>\nhand harvesting, maceration for 4-6 hours, cooling to a temperature of 6 \u00b0C through a heat exchanger, clarification and decanting, controlled fermentation for 30 days at 16 \u00b0C.<\/p>\n<\/div>\n<\/div>\n<\/div>\n<\/div>\n<\/div>\n<\/div>\n<div class=\"vc_row wpb_row vc_inner vc_row-fluid\">\n<div class=\"wpb_column vc_column_container vc_col-sm-9\">\n<div class=\"vc_column-inner\">\n<div class=\"wpb_wrapper\">\n<div class=\"wpb_text_column wpb_content_element\">\n<div class=\"wpb_wrapper\">\n<p><strong><em>MATURATION:<\/em><\/strong><br \/>\n<em>After fermentation, it matured on fine lees for 12 months, after which it was bottled.<\/em><\/p>\n<p><em><strong><span style=\"letter-spacing: 0px;\">CHARACTERISTICS:<\/span><\/strong><\/em><\/p>\n<\/div>\n<\/div>\n<\/div>\n<\/div>\n<\/div>\n<\/div>\n<div class=\"vc_row wpb_row vc_inner vc_row-fluid\">\n<div class=\"wpb_column vc_column_container vc_col-sm-9\">\n<div class=\"vc_column-inner\">\n<div class=\"wpb_wrapper\">\n<div class=\"wpb_text_column wpb_content_element\">\n<div class=\"wpb_wrapper\">\n<p><em>Golden yellow in color and a wonderful ripe fruity aroma. On the palate it is layered and delicious with a long finish.<\/em><\/p>\n<\/div>\n<\/div>\n<\/div>\n<\/div>\n<\/div>\n<\/div>\n<div class=\"vc_row wpb_row vc_inner vc_row-fluid\">\n<div class=\"wpb_column vc_column_container vc_col-sm-9\">\n<div class=\"vc_column-inner\">\n<div class=\"wpb_wrapper\">\n<div class=\"wpb_text_column wpb_content_element\">\n<div class=\"wpb_wrapper\">\n<p><em><strong>FOOD AND SERVING:<\/strong><\/em><br \/>\nIt is recommended to drink with lamb, boiled or roasted on a spit, then with eel and with other freshwater and sea fish, with cheese from bellows and prosciutto. It is drunk chilled at a temperature of 10-12 \u00b0C.<\/p>\n<\/div>\n<\/div>\n<\/div>\n<\/div>\n<\/div>\n<\/div>","protected":false},"excerpt":{"rendered":"<p><em>Dry white wine made from the best grapes from our vineyards. After fermentation, it matured on fine lees for 12 months, after which it was bottled. Golden yellow in color and a wonderful ripe fruity aroma. On the palate it is layered and delicious with a long finish.<\/em><\/p>","protected":false},"featured_media":20063,"comment_status":"open","ping_status":"closed","template":"","meta":[],"product_cat":[216,184],"product_tag":[186,210,187,185],"class_list":{"0":"post-19969","1":"product","2":"type-product","3":"status-publish","4":"has-post-thumbnail","6":"product_cat-bijela-vina","7":"product_cat-vrhunsko-bijelo-suho-vino","8":"product_tag-bijelo","9":"product_tag-selekcija","10":"product_tag-vrhunsko","11":"product_tag-zilavka","13":"first","14":"instock","15":"shipping-taxable","16":"purchasable","17":"product-type-simple"},"yoast_head":"<!-- This site is optimized with the Yoast SEO plugin v26.9 - https:\/\/yoast.com\/product\/yoast-seo-wordpress\/ -->\n<title>Domano \u017dilavka Selekcija - Vina Domano - Vinarija Domanica d.o.o.<\/title>\n<meta name=\"description\" content=\"Suho bijelo vino nastalo od najboljih grozdova \u017eilavke iz na\u0161ih vinograda. Zlatno\u017eute boje. Na nepcu je slojevito i slasno s dugotrajnim zavr\u0161etkom.\" \/>\n<meta name=\"robots\" content=\"index, follow, max-snippet:-1, max-image-preview:large, max-video-preview:-1\" \/>\n<link rel=\"canonical\" href=\"https:\/\/domano.ba\/en\/nasa-vina\/vrhunsko-bijelo-suho-vino\/domano-zilavka-selekcija\/\" \/>\n<meta property=\"og:locale\" content=\"en_US\" \/>\n<meta property=\"og:type\" content=\"article\" \/>\n<meta property=\"og:title\" content=\"Domano \u017dilavka Selekcija - Vina Domano - Vinarija Domanica d.o.o.\" \/>\n<meta property=\"og:description\" content=\"Suho bijelo vino nastalo od najboljih grozdova \u017eilavke iz na\u0161ih vinograda. Zlatno\u017eute boje. Na nepcu je slojevito i slasno s dugotrajnim zavr\u0161etkom.\" \/>\n<meta property=\"og:url\" content=\"https:\/\/domano.ba\/en\/nasa-vina\/vrhunsko-bijelo-suho-vino\/domano-zilavka-selekcija\/\" \/>\n<meta property=\"og:site_name\" content=\"Vina Domano - Vinarija Domanica d.o.o.\" \/>\n<meta property=\"article:modified_time\" content=\"2023-11-23T13:10:57+00:00\" \/>\n<meta property=\"og:image\" content=\"https:\/\/domano.ba\/wp-content\/uploads\/2022\/12\/zilavka-selekcija.jpg\" \/>\n\t<meta property=\"og:image:width\" content=\"1200\" \/>\n\t<meta property=\"og:image:height\" content=\"1800\" \/>\n\t<meta property=\"og:image:type\" content=\"image\/jpeg\" \/>\n<meta name=\"twitter:card\" content=\"summary_large_image\" \/>\n<meta name=\"twitter:label1\" content=\"Est. reading time\" \/>\n\t<meta name=\"twitter:data1\" content=\"1 minute\" \/>\n<script type=\"application\/ld+json\" class=\"yoast-schema-graph\">{\"@context\":\"https:\/\/schema.org\",\"@graph\":[{\"@type\":\"WebPage\",\"@id\":\"https:\/\/domano.ba\/nasa-vina\/vrhunsko-bijelo-suho-vino\/domano-zilavka-selekcija\/\",\"url\":\"https:\/\/domano.ba\/nasa-vina\/vrhunsko-bijelo-suho-vino\/domano-zilavka-selekcija\/\",\"name\":\"Domano \u017dilavka Selekcija - Vina Domano - Vinarija Domanica d.o.o.\",\"isPartOf\":{\"@id\":\"https:\/\/domano.ba\/#website\"},\"primaryImageOfPage\":{\"@id\":\"https:\/\/domano.ba\/nasa-vina\/vrhunsko-bijelo-suho-vino\/domano-zilavka-selekcija\/#primaryimage\"},\"image\":{\"@id\":\"https:\/\/domano.ba\/nasa-vina\/vrhunsko-bijelo-suho-vino\/domano-zilavka-selekcija\/#primaryimage\"},\"thumbnailUrl\":\"https:\/\/domano.ba\/wp-content\/uploads\/2022\/12\/zilavka-selekcija.jpg\",\"datePublished\":\"2022-12-06T13:52:52+00:00\",\"dateModified\":\"2023-11-23T13:10:57+00:00\",\"description\":\"Suho bijelo vino nastalo od najboljih grozdova \u017eilavke iz na\u0161ih vinograda. Zlatno\u017eute boje. Na nepcu je slojevito i slasno s dugotrajnim zavr\u0161etkom.\",\"breadcrumb\":{\"@id\":\"https:\/\/domano.ba\/nasa-vina\/vrhunsko-bijelo-suho-vino\/domano-zilavka-selekcija\/#breadcrumb\"},\"inLanguage\":\"en-US\",\"potentialAction\":[{\"@type\":\"ReadAction\",\"target\":[\"https:\/\/domano.ba\/nasa-vina\/vrhunsko-bijelo-suho-vino\/domano-zilavka-selekcija\/\"]}]},{\"@type\":\"ImageObject\",\"inLanguage\":\"en-US\",\"@id\":\"https:\/\/domano.ba\/nasa-vina\/vrhunsko-bijelo-suho-vino\/domano-zilavka-selekcija\/#primaryimage\",\"url\":\"https:\/\/domano.ba\/wp-content\/uploads\/2022\/12\/zilavka-selekcija.jpg\",\"contentUrl\":\"https:\/\/domano.ba\/wp-content\/uploads\/2022\/12\/zilavka-selekcija.jpg\",\"width\":1200,\"height\":1800,\"caption\":\"\u017eilavka domano selekcija - vinarija domanica\"},{\"@type\":\"BreadcrumbList\",\"@id\":\"https:\/\/domano.ba\/nasa-vina\/vrhunsko-bijelo-suho-vino\/domano-zilavka-selekcija\/#breadcrumb\",\"itemListElement\":[{\"@type\":\"ListItem\",\"position\":1,\"name\":\"Po\u010detna stranica\",\"item\":\"https:\/\/domano.ba\/\"},{\"@type\":\"ListItem\",\"position\":2,\"name\":\"Na\u0161a vina\",\"item\":\"https:\/\/domano.ba\/nasa-vina\/\"},{\"@type\":\"ListItem\",\"position\":3,\"name\":\"Domano \u017dilavka Selekcija\"}]},{\"@type\":\"WebSite\",\"@id\":\"https:\/\/domano.ba\/#website\",\"url\":\"https:\/\/domano.ba\/\",\"name\":\"Vina Domano - Vinarija Domanica d.o.o.\",\"description\":\"Vina dubokih korijena - Mostar - \u010capljina\",\"publisher\":{\"@id\":\"https:\/\/domano.ba\/#organization\"},\"potentialAction\":[{\"@type\":\"SearchAction\",\"target\":{\"@type\":\"EntryPoint\",\"urlTemplate\":\"https:\/\/domano.ba\/?s={search_term_string}\"},\"query-input\":{\"@type\":\"PropertyValueSpecification\",\"valueRequired\":true,\"valueName\":\"search_term_string\"}}],\"inLanguage\":\"en-US\"},{\"@type\":\"Organization\",\"@id\":\"https:\/\/domano.ba\/#organization\",\"name\":\"Vina Domano - Vinarija Domanica d.o.o.\",\"url\":\"https:\/\/domano.ba\/\",\"logo\":{\"@type\":\"ImageObject\",\"inLanguage\":\"en-US\",\"@id\":\"https:\/\/domano.ba\/#\/schema\/logo\/image\/\",\"url\":\"https:\/\/domano.ba\/wp-content\/uploads\/2022\/09\/DOMANO-LOGO-01.png\",\"contentUrl\":\"https:\/\/domano.ba\/wp-content\/uploads\/2022\/09\/DOMANO-LOGO-01.png\",\"width\":1182,\"height\":1182,\"caption\":\"Vina Domano - Vinarija Domanica d.o.o.\"},\"image\":{\"@id\":\"https:\/\/domano.ba\/#\/schema\/logo\/image\/\"},\"sameAs\":[\"https:\/\/www.instagram.com\/vinadomano\/\"]}]}<\/script>\n<!-- \/ Yoast SEO plugin. -->","yoast_head_json":{"title":"Domano \u017dilavka Selekcija - Vina Domano - Vinarija Domanica d.o.o.","description":"Suho bijelo vino nastalo od najboljih grozdova \u017eilavke iz na\u0161ih vinograda. Zlatno\u017eute boje. Na nepcu je slojevito i slasno s dugotrajnim zavr\u0161etkom.","robots":{"index":"index","follow":"follow","max-snippet":"max-snippet:-1","max-image-preview":"max-image-preview:large","max-video-preview":"max-video-preview:-1"},"canonical":"https:\/\/domano.ba\/en\/nasa-vina\/vrhunsko-bijelo-suho-vino\/domano-zilavka-selekcija\/","og_locale":"en_US","og_type":"article","og_title":"Domano \u017dilavka Selekcija - Vina Domano - Vinarija Domanica d.o.o.","og_description":"Suho bijelo vino nastalo od najboljih grozdova \u017eilavke iz na\u0161ih vinograda. Zlatno\u017eute boje. Na nepcu je slojevito i slasno s dugotrajnim zavr\u0161etkom.","og_url":"https:\/\/domano.ba\/en\/nasa-vina\/vrhunsko-bijelo-suho-vino\/domano-zilavka-selekcija\/","og_site_name":"Vina Domano - Vinarija Domanica d.o.o.","article_modified_time":"2023-11-23T13:10:57+00:00","og_image":[{"width":1200,"height":1800,"url":"https:\/\/domano.ba\/wp-content\/uploads\/2022\/12\/zilavka-selekcija.jpg","type":"image\/jpeg"}],"twitter_card":"summary_large_image","twitter_misc":{"Est. reading time":"1 minute"},"schema":{"@context":"https:\/\/schema.org","@graph":[{"@type":"WebPage","@id":"https:\/\/domano.ba\/nasa-vina\/vrhunsko-bijelo-suho-vino\/domano-zilavka-selekcija\/","url":"https:\/\/domano.ba\/nasa-vina\/vrhunsko-bijelo-suho-vino\/domano-zilavka-selekcija\/","name":"Domano \u017dilavka Selekcija - Vina Domano - Vinarija Domanica d.o.o.","isPartOf":{"@id":"https:\/\/domano.ba\/#website"},"primaryImageOfPage":{"@id":"https:\/\/domano.ba\/nasa-vina\/vrhunsko-bijelo-suho-vino\/domano-zilavka-selekcija\/#primaryimage"},"image":{"@id":"https:\/\/domano.ba\/nasa-vina\/vrhunsko-bijelo-suho-vino\/domano-zilavka-selekcija\/#primaryimage"},"thumbnailUrl":"https:\/\/domano.ba\/wp-content\/uploads\/2022\/12\/zilavka-selekcija.jpg","datePublished":"2022-12-06T13:52:52+00:00","dateModified":"2023-11-23T13:10:57+00:00","description":"Suho bijelo vino nastalo od najboljih grozdova \u017eilavke iz na\u0161ih vinograda. Zlatno\u017eute boje. Na nepcu je slojevito i slasno s dugotrajnim zavr\u0161etkom.","breadcrumb":{"@id":"https:\/\/domano.ba\/nasa-vina\/vrhunsko-bijelo-suho-vino\/domano-zilavka-selekcija\/#breadcrumb"},"inLanguage":"en-US","potentialAction":[{"@type":"ReadAction","target":["https:\/\/domano.ba\/nasa-vina\/vrhunsko-bijelo-suho-vino\/domano-zilavka-selekcija\/"]}]},{"@type":"ImageObject","inLanguage":"en-US","@id":"https:\/\/domano.ba\/nasa-vina\/vrhunsko-bijelo-suho-vino\/domano-zilavka-selekcija\/#primaryimage","url":"https:\/\/domano.ba\/wp-content\/uploads\/2022\/12\/zilavka-selekcija.jpg","contentUrl":"https:\/\/domano.ba\/wp-content\/uploads\/2022\/12\/zilavka-selekcija.jpg","width":1200,"height":1800,"caption":"\u017eilavka domano selekcija - vinarija domanica"},{"@type":"BreadcrumbList","@id":"https:\/\/domano.ba\/nasa-vina\/vrhunsko-bijelo-suho-vino\/domano-zilavka-selekcija\/#breadcrumb","itemListElement":[{"@type":"ListItem","position":1,"name":"Po\u010detna stranica","item":"https:\/\/domano.ba\/"},{"@type":"ListItem","position":2,"name":"Na\u0161a vina","item":"https:\/\/domano.ba\/nasa-vina\/"},{"@type":"ListItem","position":3,"name":"Domano \u017dilavka Selekcija"}]},{"@type":"WebSite","@id":"https:\/\/domano.ba\/#website","url":"https:\/\/domano.ba\/","name":"Vina Domano - Vinarija Domanica d.o.o.","description":"Vina dubokih korijena - Mostar - \u010capljina","publisher":{"@id":"https:\/\/domano.ba\/#organization"},"potentialAction":[{"@type":"SearchAction","target":{"@type":"EntryPoint","urlTemplate":"https:\/\/domano.ba\/?s={search_term_string}"},"query-input":{"@type":"PropertyValueSpecification","valueRequired":true,"valueName":"search_term_string"}}],"inLanguage":"en-US"},{"@type":"Organization","@id":"https:\/\/domano.ba\/#organization","name":"Vina Domano - Vinarija Domanica d.o.o.","url":"https:\/\/domano.ba\/","logo":{"@type":"ImageObject","inLanguage":"en-US","@id":"https:\/\/domano.ba\/#\/schema\/logo\/image\/","url":"https:\/\/domano.ba\/wp-content\/uploads\/2022\/09\/DOMANO-LOGO-01.png","contentUrl":"https:\/\/domano.ba\/wp-content\/uploads\/2022\/09\/DOMANO-LOGO-01.png","width":1182,"height":1182,"caption":"Vina Domano - Vinarija Domanica d.o.o."},"image":{"@id":"https:\/\/domano.ba\/#\/schema\/logo\/image\/"},"sameAs":["https:\/\/www.instagram.com\/vinadomano\/"]}]}},"_links":{"self":[{"href":"https:\/\/domano.ba\/en\/wp-json\/wp\/v2\/product\/19969","targetHints":{"allow":["GET"]}}],"collection":[{"href":"https:\/\/domano.ba\/en\/wp-json\/wp\/v2\/product"}],"about":[{"href":"https:\/\/domano.ba\/en\/wp-json\/wp\/v2\/types\/product"}],"replies":[{"embeddable":true,"href":"https:\/\/domano.ba\/en\/wp-json\/wp\/v2\/comments?post=19969"}],"wp:featuredmedia":[{"embeddable":true,"href":"https:\/\/domano.ba\/en\/wp-json\/wp\/v2\/media\/20063"}],"wp:attachment":[{"href":"https:\/\/domano.ba\/en\/wp-json\/wp\/v2\/media?parent=19969"}],"wp:term":[{"taxonomy":"product_cat","embeddable":true,"href":"https:\/\/domano.ba\/en\/wp-json\/wp\/v2\/product_cat?post=19969"},{"taxonomy":"product_tag","embeddable":true,"href":"https:\/\/domano.ba\/en\/wp-json\/wp\/v2\/product_tag?post=19969"}],"curies":[{"name":"wp","href":"https:\/\/api.w.org\/{rel}","templated":true}]}}