{"id":19754,"date":"2022-09-05T12:36:07","date_gmt":"2022-09-05T12:36:07","guid":{"rendered":"https:\/\/domano.ba\/?post_type=product&#038;p=19754"},"modified":"2023-06-14T10:45:29","modified_gmt":"2023-06-14T10:45:29","slug":"vino-domano-rose","status":"publish","type":"product","link":"https:\/\/domano.ba\/en\/nasa-vina\/suho-vino\/vino-domano-rose\/","title":{"rendered":"Domano Rose wine"},"content":{"rendered":"<div class=\"vc_row wpb_row vc_inner vc_row-fluid\">\n<div class=\"wpb_column vc_column_container vc_col-sm-9\">\n<div class=\"vc_column-inner\">\n<div class=\"wpb_wrapper\">\n<div class=\"wpb_text_column wpb_content_element\">\n<div class=\"wpb_wrapper\">\n<div class=\"vc_row wpb_row vc_inner vc_row-fluid\">\n<div class=\"wpb_column vc_column_container vc_col-sm-9\">\n<div class=\"vc_column-inner\">\n<div class=\"wpb_wrapper\">\n<div class=\"wpb_text_column wpb_content_element\">\n<div class=\"wpb_wrapper\">\n<p><em><strong>STYLE:<\/strong><\/em><br \/>\nTop quality dry wine<\/p>\n<\/div>\n<\/div>\n<\/div>\n<\/div>\n<\/div>\n<\/div>\n<div class=\"vc_row wpb_row vc_inner vc_row-fluid\">\n<div class=\"wpb_column vc_column_container vc_col-sm-9\">\n<div class=\"vc_column-inner\">\n<div class=\"wpb_wrapper\">\n<div class=\"wpb_text_column wpb_content_element\">\n<div class=\"wpb_wrapper\">\n<p><strong><em>SORT:<\/em><\/strong><br \/>\nCabernet Sauvignon, Blatina<\/p>\n<\/div>\n<\/div>\n<\/div>\n<\/div>\n<\/div>\n<\/div>\n<div class=\"vc_row wpb_row vc_inner vc_row-fluid\">\n<div class=\"wpb_column vc_column_container vc_col-sm-9\">\n<div class=\"vc_column-inner\">\n<div class=\"wpb_wrapper\">\n<div class=\"wpb_text_column wpb_content_element\">\n<div class=\"wpb_wrapper\">\n<p><strong><em>ALCOHOL CONTENT:<\/em><\/strong><br \/>\n13,5%<\/p>\n<\/div>\n<\/div>\n<\/div>\n<\/div>\n<\/div>\n<\/div>\n<div class=\"vc_row wpb_row vc_inner vc_row-fluid\">\n<div class=\"wpb_column vc_column_container vc_col-sm-9\">\n<div class=\"vc_column-inner\">\n<div class=\"wpb_wrapper\">\n<div class=\"wpb_text_column wpb_content_element\">\n<div class=\"wpb_wrapper\">\n<p><strong><em>VINIFICATION PROCESS:<\/em><\/strong><br \/>\nIt is a wine made from black grapes using white wine technology. Hand harvesting, maceration for 24 hours, cooling to a temperature of 6 \u00b0C through a heat exchanger, clarification and decanting, controlled fermentation for 30 days at 16\u00b0C.<\/p>\n<\/div>\n<\/div>\n<\/div>\n<\/div>\n<\/div>\n<\/div>\n<div class=\"vc_row wpb_row vc_inner vc_row-fluid\">\n<div class=\"wpb_column vc_column_container vc_col-sm-9\">\n<div class=\"vc_column-inner\">\n<div class=\"wpb_wrapper\">\n<div class=\"wpb_text_column wpb_content_element\">\n<div class=\"wpb_wrapper\">\n<p><strong><em>MATURATION:<\/em><\/strong><br \/>\n6 months in a stainless steel container, 1-2 months in a bottle<\/p>\n<\/div>\n<\/div>\n<\/div>\n<\/div>\n<\/div>\n<\/div>\n<div class=\"vc_row wpb_row vc_inner vc_row-fluid\">\n<div class=\"wpb_column vc_column_container vc_col-sm-9\">\n<div class=\"vc_column-inner\">\n<div class=\"wpb_wrapper\">\n<div class=\"wpb_text_column wpb_content_element\">\n<div class=\"wpb_wrapper\">\n<p><strong><em>CHARACTERISTICS:<\/em><\/strong><br \/>\nIt is characterized by a crystal-clear pink color. Harmonious and full flavor is accompanied by a pleasant freshness with the scent of raspberry, currant, strawberry and cherry. Ideal for hot days, with lighter summer food, it is a real refreshment.<\/p>\n<\/div>\n<\/div>\n<\/div>\n<\/div>\n<\/div>\n<\/div>\n<div class=\"vc_row wpb_row vc_inner vc_row-fluid\">\n<div class=\"wpb_column vc_column_container vc_col-sm-9\">\n<div class=\"vc_column-inner\">\n<div class=\"wpb_wrapper\">\n<div class=\"wpb_text_column wpb_content_element\">\n<div class=\"wpb_wrapper\">\n<p><strong><em>FOOD AND SERVING:<\/em><\/strong><br \/>\nIt goes well with fish, risottos, and fruit salads. It is drunk chilled at a temperature of 8-10 \u00b0C.<\/p>\n<\/div>\n<\/div>\n<\/div>\n<\/div>\n<\/div>\n<\/div>\n<\/div>\n<\/div>\n<\/div>\n<\/div>\n<\/div>\n<\/div>","protected":false},"excerpt":{"rendered":"<div class=\"woocommerce-product-details__short-description\">\n<div class=\"views-field views-field-field-karakteristike\">\n<div class=\"field-content\">It is characterized by a crystal-clear pink color. Harmonious and full flavor is accompanied by a pleasant freshness with the scent of raspberry, currant, strawberry and cherry. Ideal for hot days, with lighter summer food, it is a real refreshment.<\/div>\n<\/div>\n<\/div>\n<form class=\"cart\" action=\"https:\/\/www.vinazadro.com\/trgovina\/cz-selekcija\/cz-rose\/\" enctype=\"multipart\/form-data\" method=\"post\" data-trp-original-action=\"https:\/\/www.vinazadro.com\/trgovina\/cz-selekcija\/cz-rose\/\">\n<div class=\"qodef-quantity-buttons quantity\"><\/div>\n<input type=\"hidden\" name=\"trp-form-language\" value=\"en\"\/><\/form>","protected":false},"featured_media":20071,"comment_status":"open","ping_status":"closed","template":"","meta":[],"product_cat":[206,205],"product_tag":[207,208],"class_list":{"0":"post-19754","1":"product","2":"type-product","3":"status-publish","4":"has-post-thumbnail","6":"product_cat-rose-vino","7":"product_cat-suho-vino","8":"product_tag-rose","9":"product_tag-suho-vino","11":"first","12":"instock","13":"shipping-taxable","14":"purchasable","15":"product-type-simple"},"yoast_head":"<!-- This site is optimized with the Yoast SEO plugin v26.9 - https:\/\/yoast.com\/product\/yoast-seo-wordpress\/ -->\n<title>Vino Domano Rose - Vina Domano - Vinarija Domanica d.o.o.<\/title>\n<meta name=\"robots\" content=\"index, follow, max-snippet:-1, max-image-preview:large, max-video-preview:-1\" \/>\n<link rel=\"canonical\" href=\"https:\/\/domano.ba\/en\/nasa-vina\/suho-vino\/vino-domano-rose\/\" \/>\n<meta property=\"og:locale\" content=\"en_US\" \/>\n<meta property=\"og:type\" content=\"article\" \/>\n<meta property=\"og:title\" content=\"Vino Domano Rose - Vina Domano - Vinarija Domanica d.o.o.\" \/>\n<meta property=\"og:description\" content=\"Odlikuje se kristalno \u010distom ru\u017ei\u010dastom bojom. Harmoni\u010dan, skladan i pun okus prati ugodna svje\u017eina s mirisom maline, ribiza, jagode i vi\u0161nje. Idealno prija za vru\u0107e dane, uz laganiju ljetnu hranu, pravo je osvje\u017eenje.\" \/>\n<meta property=\"og:url\" content=\"https:\/\/domano.ba\/en\/nasa-vina\/suho-vino\/vino-domano-rose\/\" \/>\n<meta property=\"og:site_name\" content=\"Vina Domano - Vinarija Domanica d.o.o.\" \/>\n<meta property=\"article:modified_time\" content=\"2023-06-14T10:45:29+00:00\" \/>\n<meta property=\"og:image\" content=\"https:\/\/domano.ba\/wp-content\/uploads\/2022\/09\/rose.jpg\" \/>\n\t<meta property=\"og:image:width\" content=\"1200\" \/>\n\t<meta property=\"og:image:height\" content=\"1800\" \/>\n\t<meta property=\"og:image:type\" content=\"image\/jpeg\" \/>\n<meta name=\"twitter:card\" content=\"summary_large_image\" \/>\n<meta name=\"twitter:label1\" content=\"Est. reading time\" \/>\n\t<meta name=\"twitter:data1\" content=\"1 minute\" \/>\n<script type=\"application\/ld+json\" class=\"yoast-schema-graph\">{\"@context\":\"https:\/\/schema.org\",\"@graph\":[{\"@type\":\"WebPage\",\"@id\":\"https:\/\/domano.ba\/nasa-vina\/suho-vino\/vino-domano-rose\/\",\"url\":\"https:\/\/domano.ba\/nasa-vina\/suho-vino\/vino-domano-rose\/\",\"name\":\"Vino Domano Rose - Vina Domano - Vinarija Domanica d.o.o.\",\"isPartOf\":{\"@id\":\"https:\/\/domano.ba\/#website\"},\"primaryImageOfPage\":{\"@id\":\"https:\/\/domano.ba\/nasa-vina\/suho-vino\/vino-domano-rose\/#primaryimage\"},\"image\":{\"@id\":\"https:\/\/domano.ba\/nasa-vina\/suho-vino\/vino-domano-rose\/#primaryimage\"},\"thumbnailUrl\":\"https:\/\/domano.ba\/wp-content\/uploads\/2022\/09\/rose.jpg\",\"datePublished\":\"2022-09-05T12:36:07+00:00\",\"dateModified\":\"2023-06-14T10:45:29+00:00\",\"breadcrumb\":{\"@id\":\"https:\/\/domano.ba\/nasa-vina\/suho-vino\/vino-domano-rose\/#breadcrumb\"},\"inLanguage\":\"en-US\",\"potentialAction\":[{\"@type\":\"ReadAction\",\"target\":[\"https:\/\/domano.ba\/nasa-vina\/suho-vino\/vino-domano-rose\/\"]}]},{\"@type\":\"ImageObject\",\"inLanguage\":\"en-US\",\"@id\":\"https:\/\/domano.ba\/nasa-vina\/suho-vino\/vino-domano-rose\/#primaryimage\",\"url\":\"https:\/\/domano.ba\/wp-content\/uploads\/2022\/09\/rose.jpg\",\"contentUrl\":\"https:\/\/domano.ba\/wp-content\/uploads\/2022\/09\/rose.jpg\",\"width\":1200,\"height\":1800,\"caption\":\"Vino Domano Rose - suho vino - Vinarija\"},{\"@type\":\"BreadcrumbList\",\"@id\":\"https:\/\/domano.ba\/nasa-vina\/suho-vino\/vino-domano-rose\/#breadcrumb\",\"itemListElement\":[{\"@type\":\"ListItem\",\"position\":1,\"name\":\"Po\u010detna stranica\",\"item\":\"https:\/\/domano.ba\/\"},{\"@type\":\"ListItem\",\"position\":2,\"name\":\"Na\u0161a vina\",\"item\":\"https:\/\/domano.ba\/nasa-vina\/\"},{\"@type\":\"ListItem\",\"position\":3,\"name\":\"Vino Domano Rose\"}]},{\"@type\":\"WebSite\",\"@id\":\"https:\/\/domano.ba\/#website\",\"url\":\"https:\/\/domano.ba\/\",\"name\":\"Vina Domano - Vinarija Domanica d.o.o.\",\"description\":\"Vina dubokih korijena - Mostar - \u010capljina\",\"publisher\":{\"@id\":\"https:\/\/domano.ba\/#organization\"},\"potentialAction\":[{\"@type\":\"SearchAction\",\"target\":{\"@type\":\"EntryPoint\",\"urlTemplate\":\"https:\/\/domano.ba\/?s={search_term_string}\"},\"query-input\":{\"@type\":\"PropertyValueSpecification\",\"valueRequired\":true,\"valueName\":\"search_term_string\"}}],\"inLanguage\":\"en-US\"},{\"@type\":\"Organization\",\"@id\":\"https:\/\/domano.ba\/#organization\",\"name\":\"Vina Domano - Vinarija Domanica d.o.o.\",\"url\":\"https:\/\/domano.ba\/\",\"logo\":{\"@type\":\"ImageObject\",\"inLanguage\":\"en-US\",\"@id\":\"https:\/\/domano.ba\/#\/schema\/logo\/image\/\",\"url\":\"https:\/\/domano.ba\/wp-content\/uploads\/2022\/09\/DOMANO-LOGO-01.png\",\"contentUrl\":\"https:\/\/domano.ba\/wp-content\/uploads\/2022\/09\/DOMANO-LOGO-01.png\",\"width\":1182,\"height\":1182,\"caption\":\"Vina Domano - Vinarija Domanica d.o.o.\"},\"image\":{\"@id\":\"https:\/\/domano.ba\/#\/schema\/logo\/image\/\"},\"sameAs\":[\"https:\/\/www.instagram.com\/vinadomano\/\"]}]}<\/script>\n<!-- \/ Yoast SEO plugin. -->","yoast_head_json":{"title":"Vino Domano Rose - Vina Domano - Vinarija Domanica d.o.o.","robots":{"index":"index","follow":"follow","max-snippet":"max-snippet:-1","max-image-preview":"max-image-preview:large","max-video-preview":"max-video-preview:-1"},"canonical":"https:\/\/domano.ba\/en\/nasa-vina\/suho-vino\/vino-domano-rose\/","og_locale":"en_US","og_type":"article","og_title":"Vino Domano Rose - Vina Domano - Vinarija Domanica d.o.o.","og_description":"Odlikuje se kristalno \u010distom ru\u017ei\u010dastom bojom. Harmoni\u010dan, skladan i pun okus prati ugodna svje\u017eina s mirisom maline, ribiza, jagode i vi\u0161nje. Idealno prija za vru\u0107e dane, uz laganiju ljetnu hranu, pravo je osvje\u017eenje.","og_url":"https:\/\/domano.ba\/en\/nasa-vina\/suho-vino\/vino-domano-rose\/","og_site_name":"Vina Domano - Vinarija Domanica d.o.o.","article_modified_time":"2023-06-14T10:45:29+00:00","og_image":[{"width":1200,"height":1800,"url":"https:\/\/domano.ba\/wp-content\/uploads\/2022\/09\/rose.jpg","type":"image\/jpeg"}],"twitter_card":"summary_large_image","twitter_misc":{"Est. reading time":"1 minute"},"schema":{"@context":"https:\/\/schema.org","@graph":[{"@type":"WebPage","@id":"https:\/\/domano.ba\/nasa-vina\/suho-vino\/vino-domano-rose\/","url":"https:\/\/domano.ba\/nasa-vina\/suho-vino\/vino-domano-rose\/","name":"Vino Domano Rose - Vina Domano - Vinarija Domanica d.o.o.","isPartOf":{"@id":"https:\/\/domano.ba\/#website"},"primaryImageOfPage":{"@id":"https:\/\/domano.ba\/nasa-vina\/suho-vino\/vino-domano-rose\/#primaryimage"},"image":{"@id":"https:\/\/domano.ba\/nasa-vina\/suho-vino\/vino-domano-rose\/#primaryimage"},"thumbnailUrl":"https:\/\/domano.ba\/wp-content\/uploads\/2022\/09\/rose.jpg","datePublished":"2022-09-05T12:36:07+00:00","dateModified":"2023-06-14T10:45:29+00:00","breadcrumb":{"@id":"https:\/\/domano.ba\/nasa-vina\/suho-vino\/vino-domano-rose\/#breadcrumb"},"inLanguage":"en-US","potentialAction":[{"@type":"ReadAction","target":["https:\/\/domano.ba\/nasa-vina\/suho-vino\/vino-domano-rose\/"]}]},{"@type":"ImageObject","inLanguage":"en-US","@id":"https:\/\/domano.ba\/nasa-vina\/suho-vino\/vino-domano-rose\/#primaryimage","url":"https:\/\/domano.ba\/wp-content\/uploads\/2022\/09\/rose.jpg","contentUrl":"https:\/\/domano.ba\/wp-content\/uploads\/2022\/09\/rose.jpg","width":1200,"height":1800,"caption":"Vino Domano Rose - suho vino - Vinarija"},{"@type":"BreadcrumbList","@id":"https:\/\/domano.ba\/nasa-vina\/suho-vino\/vino-domano-rose\/#breadcrumb","itemListElement":[{"@type":"ListItem","position":1,"name":"Po\u010detna stranica","item":"https:\/\/domano.ba\/"},{"@type":"ListItem","position":2,"name":"Na\u0161a vina","item":"https:\/\/domano.ba\/nasa-vina\/"},{"@type":"ListItem","position":3,"name":"Vino Domano Rose"}]},{"@type":"WebSite","@id":"https:\/\/domano.ba\/#website","url":"https:\/\/domano.ba\/","name":"Vina Domano - Vinarija Domanica d.o.o.","description":"Vina dubokih korijena - Mostar - \u010capljina","publisher":{"@id":"https:\/\/domano.ba\/#organization"},"potentialAction":[{"@type":"SearchAction","target":{"@type":"EntryPoint","urlTemplate":"https:\/\/domano.ba\/?s={search_term_string}"},"query-input":{"@type":"PropertyValueSpecification","valueRequired":true,"valueName":"search_term_string"}}],"inLanguage":"en-US"},{"@type":"Organization","@id":"https:\/\/domano.ba\/#organization","name":"Vina Domano - Vinarija Domanica d.o.o.","url":"https:\/\/domano.ba\/","logo":{"@type":"ImageObject","inLanguage":"en-US","@id":"https:\/\/domano.ba\/#\/schema\/logo\/image\/","url":"https:\/\/domano.ba\/wp-content\/uploads\/2022\/09\/DOMANO-LOGO-01.png","contentUrl":"https:\/\/domano.ba\/wp-content\/uploads\/2022\/09\/DOMANO-LOGO-01.png","width":1182,"height":1182,"caption":"Vina Domano - Vinarija Domanica d.o.o."},"image":{"@id":"https:\/\/domano.ba\/#\/schema\/logo\/image\/"},"sameAs":["https:\/\/www.instagram.com\/vinadomano\/"]}]}},"_links":{"self":[{"href":"https:\/\/domano.ba\/en\/wp-json\/wp\/v2\/product\/19754","targetHints":{"allow":["GET"]}}],"collection":[{"href":"https:\/\/domano.ba\/en\/wp-json\/wp\/v2\/product"}],"about":[{"href":"https:\/\/domano.ba\/en\/wp-json\/wp\/v2\/types\/product"}],"replies":[{"embeddable":true,"href":"https:\/\/domano.ba\/en\/wp-json\/wp\/v2\/comments?post=19754"}],"wp:featuredmedia":[{"embeddable":true,"href":"https:\/\/domano.ba\/en\/wp-json\/wp\/v2\/media\/20071"}],"wp:attachment":[{"href":"https:\/\/domano.ba\/en\/wp-json\/wp\/v2\/media?parent=19754"}],"wp:term":[{"taxonomy":"product_cat","embeddable":true,"href":"https:\/\/domano.ba\/en\/wp-json\/wp\/v2\/product_cat?post=19754"},{"taxonomy":"product_tag","embeddable":true,"href":"https:\/\/domano.ba\/en\/wp-json\/wp\/v2\/product_tag?post=19754"}],"curies":[{"name":"wp","href":"https:\/\/api.w.org\/{rel}","templated":true}]}}