{"id":19753,"date":"2022-09-05T12:39:41","date_gmt":"2022-09-05T12:39:41","guid":{"rendered":"https:\/\/domano.ba\/?post_type=product&#038;p=19753"},"modified":"2026-01-16T00:07:48","modified_gmt":"2026-01-16T00:07:48","slug":"vino-domano-chardonnay","status":"publish","type":"product","link":"https:\/\/domano.ba\/en\/nasa-vina\/vrhunsko-bijelo-suho-vino\/vino-domano-chardonnay\/","title":{"rendered":"Domano Wine Chardonnay"},"content":{"rendered":"<div class=\"vc_row wpb_row vc_inner vc_row-fluid\">\n<div class=\"wpb_column vc_column_container vc_col-sm-9\">\n<div class=\"vc_column-inner\">\n<div class=\"wpb_wrapper\">\n<div class=\"wpb_text_column wpb_content_element\">\n<div class=\"wpb_wrapper\">\n<p><strong><em>STYLE:<\/em><\/strong><br \/>\nTop quality dry white wine<\/p>\n<\/div>\n<\/div>\n<\/div>\n<\/div>\n<\/div>\n<\/div>\n<div class=\"vc_row wpb_row vc_inner vc_row-fluid\">\n<div class=\"wpb_column vc_column_container vc_col-sm-9\">\n<div class=\"vc_column-inner\">\n<div class=\"wpb_wrapper\">\n<div class=\"wpb_text_column wpb_content_element\">\n<div class=\"wpb_wrapper\">\n<p><strong><em>SORT:<\/em><\/strong><br \/>\nChardonnay<\/p>\n<\/div>\n<\/div>\n<\/div>\n<\/div>\n<\/div>\n<\/div>\n<div class=\"vc_row wpb_row vc_inner vc_row-fluid\">\n<div class=\"wpb_column vc_column_container vc_col-sm-9\">\n<div class=\"vc_column-inner\">\n<div class=\"wpb_wrapper\">\n<div class=\"wpb_text_column wpb_content_element\">\n<div class=\"wpb_wrapper\">\n<p><strong><em>ALCOHOL CONTENT:<\/em><\/strong><br \/>\n13,5%<\/p>\n<\/div>\n<\/div>\n<\/div>\n<\/div>\n<\/div>\n<\/div>\n<div class=\"vc_row wpb_row vc_inner vc_row-fluid\">\n<div class=\"wpb_column vc_column_container vc_col-sm-9\">\n<div class=\"vc_column-inner\">\n<div class=\"wpb_wrapper\">\n<div class=\"wpb_text_column wpb_content_element\">\n<div class=\"wpb_wrapper\">\n<p><strong><em>VINIFICATION PROCESS:<\/em><\/strong><br \/>\nhand harvesting, maceration for 4-6 hours, cooling to a temperature of 6 C0 through a heat exchanger, clarification and decanting, controlled fermentation for 30 days at 16 \u00b0C.<\/p>\n<\/div>\n<\/div>\n<\/div>\n<\/div>\n<\/div>\n<\/div>\n<div class=\"vc_row wpb_row vc_inner vc_row-fluid\">\n<div class=\"wpb_column vc_column_container vc_col-sm-9\">\n<div class=\"vc_column-inner\">\n<div class=\"wpb_wrapper\">\n<div class=\"wpb_text_column wpb_content_element\">\n<div class=\"wpb_wrapper\">\n<p><strong><em>MATURATION:<\/em><\/strong><br \/>\n6 months in a stainless steel container, 1-2 months in a bottle<\/p>\n<\/div>\n<\/div>\n<\/div>\n<\/div>\n<\/div>\n<\/div>\n<div class=\"vc_row wpb_row vc_inner vc_row-fluid\">\n<div class=\"wpb_column vc_column_container vc_col-sm-9\">\n<div class=\"vc_column-inner\">\n<div class=\"wpb_wrapper\">\n<div class=\"wpb_text_column wpb_content_element\">\n<div class=\"wpb_wrapper\">\n<p><em><strong>CHARACTERISTICS:<\/strong><\/em><br \/>\nThe elegant green-yellow color indicates the high quality of the wine. The scent has a fruity character, and it emphasizes tropical fruits such as melon and pineapple and stone fruit peach with notes of vanilla. The wine is dry, harmonious, full, creamy, with excellent body structure. Pleasant acids give a subtle freshness to this rich, dense wine whose finish lasts for a very long time with a feeling of comfort and satisfaction.<\/p>\n<\/div>\n<\/div>\n<\/div>\n<\/div>\n<\/div>\n<\/div>\n<div class=\"vc_row wpb_row vc_inner vc_row-fluid\">\n<div class=\"wpb_column vc_column_container vc_col-sm-9\">\n<div class=\"vc_column-inner\">\n<div class=\"wpb_wrapper\">\n<div class=\"wpb_text_column wpb_content_element\">\n<div class=\"wpb_wrapper\">\n<p><strong><em>FOOD AND SERVING:<\/em><\/strong><br \/>\nChardonnay is recommended with soft cheeses such as Brie and Camembert, and with Caesar salad or pesto genevese pasta, seafood dishes, pear and apple pies and cakes. Serve at a temperature of 10-12 \u00b0C.<\/p>\n<\/div>\n<\/div>\n<\/div>\n<\/div>\n<\/div>\n<\/div>\n<div class=\"vc_empty_space\"><\/div>\n<div class=\"vc_row wpb_row vc_inner vc_row-fluid\">\n<div class=\"wpb_column vc_column_container vc_col-sm-9\">\n<div class=\"vc_column-inner\">\n<div class=\"wpb_wrapper\">\n<div class=\"wpb_text_column wpb_content_element\">\n<div class=\"wpb_wrapper\">\n<p><em><strong>PRIZES:<\/strong><\/em><br \/>\nDECENTER 2017 World Wine Awards CZ Chardonnay \u2013 RECOMMENDATION<\/p>\n<\/div>\n<\/div>\n<\/div>\n<\/div>\n<\/div>\n<\/div>","protected":false},"excerpt":{"rendered":"<p>The elegant green-yellow color indicates the high quality of the wine. The scent has a fruity character, and it emphasizes tropical fruits such as melon and pineapple and stone fruit peach with notes of vanilla. The wine is dry, harmonious, full, creamy, with excellent body structure. Pleasant acids give a subtle freshness to this rich, dense wine whose finish lasts for a very long time with a feeling of comfort and satisfaction.<\/p>","protected":false},"featured_media":20068,"comment_status":"open","ping_status":"closed","template":"","meta":[],"product_cat":[216,184],"product_tag":[186,204,187],"class_list":{"0":"post-19753","1":"product","2":"type-product","3":"status-publish","4":"has-post-thumbnail","6":"product_cat-bijela-vina","7":"product_cat-vrhunsko-bijelo-suho-vino","8":"product_tag-bijelo","9":"product_tag-chardonnay","10":"product_tag-vrhunsko","12":"first","13":"instock","14":"shipping-taxable","15":"purchasable","16":"product-type-simple"},"yoast_head":"<!-- This site is optimized with the Yoast SEO plugin v26.9 - https:\/\/yoast.com\/product\/yoast-seo-wordpress\/ -->\n<title>Vino Domano Chardonnay - Vina Domano - Vinarija Domanica d.o.o.<\/title>\n<meta name=\"description\" content=\"Elegantna zeleno-\u017euta boja upu\u0107uje na visoku kvalitetu vina Chardonnay. Miris je vo\u0107nog karaktera, a u njemu je nagla\u0161eno tropsko vo\u0107e poput dinje ...\" \/>\n<meta name=\"robots\" content=\"index, follow, max-snippet:-1, max-image-preview:large, max-video-preview:-1\" \/>\n<link rel=\"canonical\" href=\"https:\/\/domano.ba\/en\/nasa-vina\/vrhunsko-bijelo-suho-vino\/vino-domano-chardonnay\/\" \/>\n<meta property=\"og:locale\" content=\"en_US\" \/>\n<meta property=\"og:type\" content=\"article\" \/>\n<meta property=\"og:title\" content=\"Vino Domano Chardonnay - Vina Domano - Vinarija Domanica d.o.o.\" \/>\n<meta property=\"og:description\" content=\"Elegantna zeleno-\u017euta boja upu\u0107uje na visoku kvalitetu vina Chardonnay. Miris je vo\u0107nog karaktera, a u njemu je nagla\u0161eno tropsko vo\u0107e poput dinje ...\" \/>\n<meta property=\"og:url\" content=\"https:\/\/domano.ba\/en\/nasa-vina\/vrhunsko-bijelo-suho-vino\/vino-domano-chardonnay\/\" \/>\n<meta property=\"og:site_name\" content=\"Vina Domano - Vinarija Domanica d.o.o.\" \/>\n<meta property=\"article:modified_time\" content=\"2026-01-16T00:07:48+00:00\" \/>\n<meta property=\"og:image\" content=\"https:\/\/domano.ba\/wp-content\/uploads\/2022\/09\/chardonnay.jpg\" \/>\n\t<meta property=\"og:image:width\" content=\"1200\" \/>\n\t<meta property=\"og:image:height\" content=\"1800\" \/>\n\t<meta property=\"og:image:type\" content=\"image\/jpeg\" \/>\n<meta name=\"twitter:card\" content=\"summary_large_image\" \/>\n<meta name=\"twitter:label1\" content=\"Est. reading time\" \/>\n\t<meta name=\"twitter:data1\" content=\"2 minutes\" \/>\n<script type=\"application\/ld+json\" class=\"yoast-schema-graph\">{\"@context\":\"https:\/\/schema.org\",\"@graph\":[{\"@type\":\"WebPage\",\"@id\":\"https:\/\/domano.ba\/nasa-vina\/vrhunsko-bijelo-suho-vino\/vino-domano-chardonnay\/\",\"url\":\"https:\/\/domano.ba\/nasa-vina\/vrhunsko-bijelo-suho-vino\/vino-domano-chardonnay\/\",\"name\":\"Vino Domano Chardonnay - Vina Domano - Vinarija Domanica d.o.o.\",\"isPartOf\":{\"@id\":\"https:\/\/domano.ba\/#website\"},\"primaryImageOfPage\":{\"@id\":\"https:\/\/domano.ba\/nasa-vina\/vrhunsko-bijelo-suho-vino\/vino-domano-chardonnay\/#primaryimage\"},\"image\":{\"@id\":\"https:\/\/domano.ba\/nasa-vina\/vrhunsko-bijelo-suho-vino\/vino-domano-chardonnay\/#primaryimage\"},\"thumbnailUrl\":\"https:\/\/domano.ba\/wp-content\/uploads\/2022\/09\/chardonnay.jpg\",\"datePublished\":\"2022-09-05T12:39:41+00:00\",\"dateModified\":\"2026-01-16T00:07:48+00:00\",\"description\":\"Elegantna zeleno-\u017euta boja upu\u0107uje na visoku kvalitetu vina Chardonnay. Miris je vo\u0107nog karaktera, a u njemu je nagla\u0161eno tropsko vo\u0107e poput dinje ...\",\"breadcrumb\":{\"@id\":\"https:\/\/domano.ba\/nasa-vina\/vrhunsko-bijelo-suho-vino\/vino-domano-chardonnay\/#breadcrumb\"},\"inLanguage\":\"en-US\",\"potentialAction\":[{\"@type\":\"ReadAction\",\"target\":[\"https:\/\/domano.ba\/nasa-vina\/vrhunsko-bijelo-suho-vino\/vino-domano-chardonnay\/\"]}]},{\"@type\":\"ImageObject\",\"inLanguage\":\"en-US\",\"@id\":\"https:\/\/domano.ba\/nasa-vina\/vrhunsko-bijelo-suho-vino\/vino-domano-chardonnay\/#primaryimage\",\"url\":\"https:\/\/domano.ba\/wp-content\/uploads\/2022\/09\/chardonnay.jpg\",\"contentUrl\":\"https:\/\/domano.ba\/wp-content\/uploads\/2022\/09\/chardonnay.jpg\",\"width\":1200,\"height\":1800,\"caption\":\"Vino Domano Chardonnay - Vrhunsko bijelo suho vino - Vinarija\"},{\"@type\":\"BreadcrumbList\",\"@id\":\"https:\/\/domano.ba\/nasa-vina\/vrhunsko-bijelo-suho-vino\/vino-domano-chardonnay\/#breadcrumb\",\"itemListElement\":[{\"@type\":\"ListItem\",\"position\":1,\"name\":\"Po\u010detna stranica\",\"item\":\"https:\/\/domano.ba\/\"},{\"@type\":\"ListItem\",\"position\":2,\"name\":\"Na\u0161a vina\",\"item\":\"https:\/\/domano.ba\/nasa-vina\/\"},{\"@type\":\"ListItem\",\"position\":3,\"name\":\"Vino Domano Chardonnay\"}]},{\"@type\":\"WebSite\",\"@id\":\"https:\/\/domano.ba\/#website\",\"url\":\"https:\/\/domano.ba\/\",\"name\":\"Vina Domano - Vinarija Domanica d.o.o.\",\"description\":\"Vina dubokih korijena - Mostar - \u010capljina\",\"publisher\":{\"@id\":\"https:\/\/domano.ba\/#organization\"},\"potentialAction\":[{\"@type\":\"SearchAction\",\"target\":{\"@type\":\"EntryPoint\",\"urlTemplate\":\"https:\/\/domano.ba\/?s={search_term_string}\"},\"query-input\":{\"@type\":\"PropertyValueSpecification\",\"valueRequired\":true,\"valueName\":\"search_term_string\"}}],\"inLanguage\":\"en-US\"},{\"@type\":\"Organization\",\"@id\":\"https:\/\/domano.ba\/#organization\",\"name\":\"Vina Domano - Vinarija Domanica d.o.o.\",\"url\":\"https:\/\/domano.ba\/\",\"logo\":{\"@type\":\"ImageObject\",\"inLanguage\":\"en-US\",\"@id\":\"https:\/\/domano.ba\/#\/schema\/logo\/image\/\",\"url\":\"https:\/\/domano.ba\/wp-content\/uploads\/2022\/09\/DOMANO-LOGO-01.png\",\"contentUrl\":\"https:\/\/domano.ba\/wp-content\/uploads\/2022\/09\/DOMANO-LOGO-01.png\",\"width\":1182,\"height\":1182,\"caption\":\"Vina Domano - Vinarija Domanica d.o.o.\"},\"image\":{\"@id\":\"https:\/\/domano.ba\/#\/schema\/logo\/image\/\"},\"sameAs\":[\"https:\/\/www.instagram.com\/vinadomano\/\"]}]}<\/script>\n<!-- \/ Yoast SEO plugin. -->","yoast_head_json":{"title":"Vino Domano Chardonnay - Vina Domano - Vinarija Domanica d.o.o.","description":"Elegantna zeleno-\u017euta boja upu\u0107uje na visoku kvalitetu vina Chardonnay. Miris je vo\u0107nog karaktera, a u njemu je nagla\u0161eno tropsko vo\u0107e poput dinje ...","robots":{"index":"index","follow":"follow","max-snippet":"max-snippet:-1","max-image-preview":"max-image-preview:large","max-video-preview":"max-video-preview:-1"},"canonical":"https:\/\/domano.ba\/en\/nasa-vina\/vrhunsko-bijelo-suho-vino\/vino-domano-chardonnay\/","og_locale":"en_US","og_type":"article","og_title":"Vino Domano Chardonnay - Vina Domano - Vinarija Domanica d.o.o.","og_description":"Elegantna zeleno-\u017euta boja upu\u0107uje na visoku kvalitetu vina Chardonnay. Miris je vo\u0107nog karaktera, a u njemu je nagla\u0161eno tropsko vo\u0107e poput dinje ...","og_url":"https:\/\/domano.ba\/en\/nasa-vina\/vrhunsko-bijelo-suho-vino\/vino-domano-chardonnay\/","og_site_name":"Vina Domano - Vinarija Domanica d.o.o.","article_modified_time":"2026-01-16T00:07:48+00:00","og_image":[{"width":1200,"height":1800,"url":"https:\/\/domano.ba\/wp-content\/uploads\/2022\/09\/chardonnay.jpg","type":"image\/jpeg"}],"twitter_card":"summary_large_image","twitter_misc":{"Est. reading time":"2 minutes"},"schema":{"@context":"https:\/\/schema.org","@graph":[{"@type":"WebPage","@id":"https:\/\/domano.ba\/nasa-vina\/vrhunsko-bijelo-suho-vino\/vino-domano-chardonnay\/","url":"https:\/\/domano.ba\/nasa-vina\/vrhunsko-bijelo-suho-vino\/vino-domano-chardonnay\/","name":"Vino Domano Chardonnay - Vina Domano - Vinarija Domanica d.o.o.","isPartOf":{"@id":"https:\/\/domano.ba\/#website"},"primaryImageOfPage":{"@id":"https:\/\/domano.ba\/nasa-vina\/vrhunsko-bijelo-suho-vino\/vino-domano-chardonnay\/#primaryimage"},"image":{"@id":"https:\/\/domano.ba\/nasa-vina\/vrhunsko-bijelo-suho-vino\/vino-domano-chardonnay\/#primaryimage"},"thumbnailUrl":"https:\/\/domano.ba\/wp-content\/uploads\/2022\/09\/chardonnay.jpg","datePublished":"2022-09-05T12:39:41+00:00","dateModified":"2026-01-16T00:07:48+00:00","description":"Elegantna zeleno-\u017euta boja upu\u0107uje na visoku kvalitetu vina Chardonnay. Miris je vo\u0107nog karaktera, a u njemu je nagla\u0161eno tropsko vo\u0107e poput dinje ...","breadcrumb":{"@id":"https:\/\/domano.ba\/nasa-vina\/vrhunsko-bijelo-suho-vino\/vino-domano-chardonnay\/#breadcrumb"},"inLanguage":"en-US","potentialAction":[{"@type":"ReadAction","target":["https:\/\/domano.ba\/nasa-vina\/vrhunsko-bijelo-suho-vino\/vino-domano-chardonnay\/"]}]},{"@type":"ImageObject","inLanguage":"en-US","@id":"https:\/\/domano.ba\/nasa-vina\/vrhunsko-bijelo-suho-vino\/vino-domano-chardonnay\/#primaryimage","url":"https:\/\/domano.ba\/wp-content\/uploads\/2022\/09\/chardonnay.jpg","contentUrl":"https:\/\/domano.ba\/wp-content\/uploads\/2022\/09\/chardonnay.jpg","width":1200,"height":1800,"caption":"Vino Domano Chardonnay - Vrhunsko bijelo suho vino - Vinarija"},{"@type":"BreadcrumbList","@id":"https:\/\/domano.ba\/nasa-vina\/vrhunsko-bijelo-suho-vino\/vino-domano-chardonnay\/#breadcrumb","itemListElement":[{"@type":"ListItem","position":1,"name":"Po\u010detna stranica","item":"https:\/\/domano.ba\/"},{"@type":"ListItem","position":2,"name":"Na\u0161a vina","item":"https:\/\/domano.ba\/nasa-vina\/"},{"@type":"ListItem","position":3,"name":"Vino Domano Chardonnay"}]},{"@type":"WebSite","@id":"https:\/\/domano.ba\/#website","url":"https:\/\/domano.ba\/","name":"Vina Domano - Vinarija Domanica d.o.o.","description":"Vina dubokih korijena - Mostar - \u010capljina","publisher":{"@id":"https:\/\/domano.ba\/#organization"},"potentialAction":[{"@type":"SearchAction","target":{"@type":"EntryPoint","urlTemplate":"https:\/\/domano.ba\/?s={search_term_string}"},"query-input":{"@type":"PropertyValueSpecification","valueRequired":true,"valueName":"search_term_string"}}],"inLanguage":"en-US"},{"@type":"Organization","@id":"https:\/\/domano.ba\/#organization","name":"Vina Domano - Vinarija Domanica d.o.o.","url":"https:\/\/domano.ba\/","logo":{"@type":"ImageObject","inLanguage":"en-US","@id":"https:\/\/domano.ba\/#\/schema\/logo\/image\/","url":"https:\/\/domano.ba\/wp-content\/uploads\/2022\/09\/DOMANO-LOGO-01.png","contentUrl":"https:\/\/domano.ba\/wp-content\/uploads\/2022\/09\/DOMANO-LOGO-01.png","width":1182,"height":1182,"caption":"Vina Domano - Vinarija Domanica d.o.o."},"image":{"@id":"https:\/\/domano.ba\/#\/schema\/logo\/image\/"},"sameAs":["https:\/\/www.instagram.com\/vinadomano\/"]}]}},"_links":{"self":[{"href":"https:\/\/domano.ba\/en\/wp-json\/wp\/v2\/product\/19753","targetHints":{"allow":["GET"]}}],"collection":[{"href":"https:\/\/domano.ba\/en\/wp-json\/wp\/v2\/product"}],"about":[{"href":"https:\/\/domano.ba\/en\/wp-json\/wp\/v2\/types\/product"}],"replies":[{"embeddable":true,"href":"https:\/\/domano.ba\/en\/wp-json\/wp\/v2\/comments?post=19753"}],"wp:featuredmedia":[{"embeddable":true,"href":"https:\/\/domano.ba\/en\/wp-json\/wp\/v2\/media\/20068"}],"wp:attachment":[{"href":"https:\/\/domano.ba\/en\/wp-json\/wp\/v2\/media?parent=19753"}],"wp:term":[{"taxonomy":"product_cat","embeddable":true,"href":"https:\/\/domano.ba\/en\/wp-json\/wp\/v2\/product_cat?post=19753"},{"taxonomy":"product_tag","embeddable":true,"href":"https:\/\/domano.ba\/en\/wp-json\/wp\/v2\/product_tag?post=19753"}],"curies":[{"name":"wp","href":"https:\/\/api.w.org\/{rel}","templated":true}]}}