{"id":19868,"date":"2022-09-07T11:58:55","date_gmt":"2022-09-07T11:58:55","guid":{"rendered":"https:\/\/domano.ba\/?page_id=19868"},"modified":"2022-09-07T12:01:36","modified_gmt":"2022-09-07T12:01:36","slug":"sigurnost-placanja","status":"publish","type":"page","link":"https:\/\/domano.ba\/en\/sigurnost-placanja\/","title":{"rendered":"Payment security"},"content":{"rendered":"<div data-elementor-type=\"wp-page\" data-elementor-id=\"19868\" class=\"elementor elementor-19868\">\n\t\t\t\t\t\t<section class=\"elementor-section elementor-top-section elementor-element elementor-element-aa19c6e elementor-section-boxed elementor-section-height-default elementor-section-height-default sc_fly_static\" data-id=\"aa19c6e\" data-element_type=\"section\" id=\"kusaona\">\n\t\t\t\t\t\t<div class=\"elementor-container elementor-column-gap-extended\">\n\t\t\t\t\t<div class=\"elementor-column elementor-col-100 elementor-top-column elementor-element elementor-element-df3d675 sc_inner_width_none sc_content_align_inherit sc_layouts_column_icons_position_left sc_fly_static\" data-id=\"df3d675\" data-element_type=\"column\">\n\t\t\t<div class=\"elementor-widget-wrap elementor-element-populated\">\n\t\t\t\t\t\t<div class=\"elementor-element elementor-element-ec02593 sc_height_huge sc_fly_static elementor-widget elementor-widget-spacer\" data-id=\"ec02593\" data-element_type=\"widget\" data-widget_type=\"spacer.default\">\n\t\t\t\t<div class=\"elementor-widget-container\">\n\t\t\t\t\t<div class=\"elementor-spacer\">\n\t\t\t<div class=\"elementor-spacer-inner\"><\/div>\n\t\t<\/div>\n\t\t\t\t<\/div>\n\t\t\t\t<\/div>\n\t\t\t\t<div class=\"elementor-element elementor-element-e58f3cc sc_fly_static elementor-widget elementor-widget-text-editor\" data-id=\"e58f3cc\" data-element_type=\"widget\" data-widget_type=\"text-editor.default\">\n\t\t\t\t<div class=\"elementor-widget-container\">\n\t\t\t\t\t\t\t<p><strong>* * * * Credit card payment security<\/strong><\/p><p>The confidentiality of your data is protected and ensured by the use of SSL encryption. Online payment pages are secured using the Secure Socket Layer (SSL) protocol with 128-bit data encryption. SSL encryption is the process of encrypting data to prevent unauthorized access during its transmission.<br \/>This enables safe transfer of information and prevents unauthorized access to data during communication between the user's computer and the WebPay service, and vice versa.<br \/>The WebPay service and financial institutions exchange data using a virtual private network (VPN), which is protected against unauthorized access.<br \/>Monri Payment Gateway is certified according to PCI DSS Level 1 security standard prescribed by Visa and MasterCard rules.<br \/>The merchant does not store credit card numbers and the numbers are not accessible to unauthorized persons.<\/p>\t\t\t\t\t\t<\/div>\n\t\t\t\t<\/div>\n\t\t\t\t<div class=\"elementor-element elementor-element-b4ceebf sc_fly_static elementor-widget elementor-widget-spacer\" data-id=\"b4ceebf\" data-element_type=\"widget\" data-widget_type=\"spacer.default\">\n\t\t\t\t<div class=\"elementor-widget-container\">\n\t\t\t\t\t<div class=\"elementor-spacer\">\n\t\t\t<div class=\"elementor-spacer-inner\"><\/div>\n\t\t<\/div>\n\t\t\t\t<\/div>\n\t\t\t\t<\/div>\n\t\t\t\t<section class=\"elementor-section elementor-inner-section elementor-element elementor-element-cd383f3 elementor-section-boxed elementor-section-height-default elementor-section-height-default sc_fly_static\" data-id=\"cd383f3\" data-element_type=\"section\">\n\t\t\t\t\t\t<div class=\"elementor-container elementor-column-gap-extended\">\n\t\t\t\t\t<div class=\"elementor-column elementor-col-33 elementor-inner-column elementor-element elementor-element-17d9976 sc_inner_width_none sc_content_align_inherit sc_layouts_column_icons_position_left sc_fly_static\" data-id=\"17d9976\" data-element_type=\"column\">\n\t\t\t<div class=\"elementor-widget-wrap elementor-element-populated\">\n\t\t\t\t\t\t<div class=\"elementor-element elementor-element-9fa3148 sc_fly_static elementor-widget elementor-widget-image-gallery\" data-id=\"9fa3148\" data-element_type=\"widget\" data-widget_type=\"image-gallery.default\">\n\t\t\t\t<div class=\"elementor-widget-container\">\n\t\t\t\t\t<div class=\"elementor-image-gallery\">\n\t\t\t<div id='gallery-1' class='gallery galleryid-19868 gallery-columns-4 gallery-size-full'><figure class='gallery-item'>\n\t\t\t<div class='gallery-icon landscape'>\n\t\t\t\t<a data-elementor-open-lightbox=\"yes\" data-elementor-lightbox-slideshow=\"9fa3148\" data-elementor-lightbox-title=\"monri_footer-Custom\" data-e-action-hash=\"#elementor-action%3Aaction%3Dlightbox%26settings%3DeyJpZCI6MTk4NzEsInVybCI6Imh0dHBzOlwvXC9kb21hbm8uYmFcL3dwLWNvbnRlbnRcL3VwbG9hZHNcLzIwMjJcLzA5XC9tb25yaV9mb290ZXItQ3VzdG9tLnBuZyIsInNsaWRlc2hvdyI6IjlmYTMxNDgifQ%3D%3D\" title=\"monri_footer-Custom\" href='https:\/\/domano.ba\/wp-content\/uploads\/2022\/09\/monri_footer-Custom.png'><img decoding=\"async\" width=\"97\" height=\"45\" src=\"https:\/\/domano.ba\/wp-content\/uploads\/2022\/09\/monri_footer-Custom.png\" class=\"attachment-full size-full\" alt=\"monri_footer-Custom\" \/><\/a>\n\t\t\t<\/div><\/figure><figure class='gallery-item'>\n\t\t\t<div class='gallery-icon landscape'>\n\t\t\t\t<a data-elementor-open-lightbox=\"yes\" data-elementor-lightbox-slideshow=\"9fa3148\" data-elementor-lightbox-title=\"mc_securecode_98px_width-Custom\" data-e-action-hash=\"#elementor-action%3Aaction%3Dlightbox%26settings%3DeyJpZCI6MTk4NzAsInVybCI6Imh0dHBzOlwvXC9kb21hbm8uYmFcL3dwLWNvbnRlbnRcL3VwbG9hZHNcLzIwMjJcLzA5XC9tY19zZWN1cmVjb2RlXzk4cHhfd2lkdGgtQ3VzdG9tLnBuZyIsInNsaWRlc2hvdyI6IjlmYTMxNDgifQ%3D%3D\" title=\"mc_securecode_98px_width-Custom\" href='https:\/\/domano.ba\/wp-content\/uploads\/2022\/09\/mc_securecode_98px_width-Custom.png'><img decoding=\"async\" width=\"98\" height=\"45\" src=\"https:\/\/domano.ba\/wp-content\/uploads\/2022\/09\/mc_securecode_98px_width-Custom.png\" class=\"attachment-full size-full\" alt=\"mc_securecode_98px_width-Custom\" \/><\/a>\n\t\t\t<\/div><\/figure><figure class='gallery-item'>\n\t\t\t<div class='gallery-icon landscape'>\n\t\t\t\t<a data-elementor-open-lightbox=\"yes\" data-elementor-lightbox-slideshow=\"9fa3148\" data-elementor-lightbox-title=\"verified_by_visa-Custom\" data-e-action-hash=\"#elementor-action%3Aaction%3Dlightbox%26settings%3DeyJpZCI6MTk4NzIsInVybCI6Imh0dHBzOlwvXC9kb21hbm8uYmFcL3dwLWNvbnRlbnRcL3VwbG9hZHNcLzIwMjJcLzA5XC92ZXJpZmllZF9ieV92aXNhLUN1c3RvbS5qcGciLCJzbGlkZXNob3ciOiI5ZmEzMTQ4In0%3D\" title=\"verified_by_visa-Custom\" href='https:\/\/domano.ba\/wp-content\/uploads\/2022\/09\/verified_by_visa-Custom.jpg'><img decoding=\"async\" width=\"60\" height=\"45\" src=\"https:\/\/domano.ba\/wp-content\/uploads\/2022\/09\/verified_by_visa-Custom.jpg\" class=\"attachment-full size-full\" alt=\"verified_by_visa-Custom\" \/><\/a>\n\t\t\t<\/div><\/figure>\n\t\t<\/div>\n\t\t<\/div>\n\t\t\t\t<\/div>\n\t\t\t\t<\/div>\n\t\t\t\t\t<\/div>\n\t\t<\/div>\n\t\t\t\t<div class=\"elementor-column elementor-col-33 elementor-inner-column elementor-element elementor-element-fe4930a sc_inner_width_none sc_content_align_inherit sc_layouts_column_icons_position_left sc_fly_static\" data-id=\"fe4930a\" data-element_type=\"column\">\n\t\t\t<div class=\"elementor-widget-wrap\">\n\t\t\t\t\t\t\t<\/div>\n\t\t<\/div>\n\t\t\t\t<div class=\"elementor-column elementor-col-33 elementor-inner-column elementor-element elementor-element-409b9fc sc_inner_width_none sc_content_align_inherit sc_layouts_column_icons_position_left sc_fly_static\" data-id=\"409b9fc\" data-element_type=\"column\">\n\t\t\t<div class=\"elementor-widget-wrap\">\n\t\t\t\t\t\t\t<\/div>\n\t\t<\/div>\n\t\t\t\t\t<\/div>\n\t\t<\/section>\n\t\t\t\t\t<\/div>\n\t\t<\/div>\n\t\t\t\t\t<\/div>\n\t\t<\/section>\n\t\t\t\t<section class=\"elementor-section elementor-top-section elementor-element elementor-element-b77c83d elementor-section-full_width elementor-section-height-default elementor-section-height-default sc_fly_static\" data-id=\"b77c83d\" data-element_type=\"section\">\n\t\t\t\t\t\t<div class=\"elementor-container elementor-column-gap-no\">\n\t\t\t\t\t<div class=\"elementor-column elementor-col-100 elementor-top-column elementor-element elementor-element-bfbef20 sc_inner_width_none sc_content_align_inherit sc_layouts_column_icons_position_left sc_fly_static\" data-id=\"bfbef20\" data-element_type=\"column\">\n\t\t\t<div class=\"elementor-widget-wrap elementor-element-populated\">\n\t\t\t\t\t\t<div data-parallax-params=\"{&quot;parallax&quot;:1,&quot;flow&quot;:&quot;default&quot;,&quot;crop&quot;:&quot;none&quot;,&quot;ease&quot;:&quot;power2&quot;,&quot;duration&quot;:1.399999999999999911182158029987476766109466552734375,&quot;delay&quot;:0,&quot;squeeze&quot;:1,&quot;text&quot;:&quot;block&quot;,&quot;text_separate&quot;:0,&quot;text_wrap&quot;:0,&quot;mouse&quot;:1,&quot;mouse_type&quot;:&quot;transform&quot;,&quot;mouse_tilt_amount&quot;:70,&quot;mouse_speed&quot;:10,&quot;mouse_z&quot;:&quot;&quot;,&quot;mouse_handler&quot;:&quot;window&quot;,&quot;range_start&quot;:0,&quot;range_end&quot;:20,&quot;sticky_offset&quot;:0,&quot;lag&quot;:0,&quot;x_start&quot;:0,&quot;x_start_unit&quot;:&quot;px&quot;,&quot;x_end&quot;:0,&quot;x_end_unit&quot;:&quot;px&quot;,&quot;y_start&quot;:0,&quot;y_start_unit&quot;:&quot;px&quot;,&quot;y_end&quot;:0,&quot;y_end_unit&quot;:&quot;px&quot;,&quot;scale_start&quot;:100,&quot;scale_end&quot;:100,&quot;rotate_start&quot;:0,&quot;rotate_end&quot;:0,&quot;opacity_start&quot;:1,&quot;opacity_end&quot;:1,&quot;crop_start&quot;:0,&quot;crop_end&quot;:100}\" class=\"elementor-element elementor-element-a0fc2cf elementor-widget__width-initial elementor-absolute sc_parallax sc_parallax_mouse sc_parallax_type_transform elementor-widget-tablet__width-initial elementor-widget-mobile__width-initial sc_parallax_default sc_fly_static elementor-widget elementor-widget-image\" data-id=\"a0fc2cf\" data-element_type=\"widget\" data-settings=\"{&quot;_position&quot;:&quot;absolute&quot;}\" data-widget_type=\"image.default\">\n\t\t\t\t<div class=\"elementor-widget-container\">\n\t\t\t\t\t\t\t\t\t\t\t\t\t<img loading=\"lazy\" decoding=\"async\" width=\"234\" height=\"245\" src=\"https:\/\/domano.ba\/wp-content\/uploads\/2022\/09\/vina-domano-naslovna-o-nama-list.png\" class=\"attachment-full size-full wp-image-19628\" alt=\"vina-domano-naslovna-o-nama-list\" \/>\t\t\t\t\t\t\t\t\t\t\t\t\t<\/div>\n\t\t\t\t<\/div>\n\t\t\t\t<div class=\"elementor-element elementor-element-df17710 sc_height_huge sc_fly_static elementor-widget elementor-widget-spacer\" data-id=\"df17710\" data-element_type=\"widget\" data-widget_type=\"spacer.default\">\n\t\t\t\t<div class=\"elementor-widget-container\">\n\t\t\t\t\t<div class=\"elementor-spacer\">\n\t\t\t<div class=\"elementor-spacer-inner\"><\/div>\n\t\t<\/div>\n\t\t\t\t<\/div>\n\t\t\t\t<\/div>\n\t\t\t\t\t<\/div>\n\t\t<\/div>\n\t\t\t\t\t<\/div>\n\t\t<\/section>\n\t\t\t\t<\/div>","protected":false},"excerpt":{"rendered":"<p>* * * * Sigurnost pla\u0107anja kreditnim karticama Tajnost Va\u0161ih podataka je za\u0161ti\u0107ena i osigurana&hellip;<\/p>","protected":false},"author":1,"featured_media":0,"parent":0,"menu_order":0,"comment_status":"closed","ping_status":"closed","template":"","meta":{"footnotes":""},"class_list":["post-19868","page","type-page","status-publish","hentry"],"yoast_head":"<!-- This site is optimized with the Yoast SEO plugin v26.9 - https:\/\/yoast.com\/product\/yoast-seo-wordpress\/ -->\n<title>Sigurnost pla\u0107anja - Vina Domano - Vinarija Domanica d.o.o.<\/title>\n<meta name=\"robots\" content=\"index, follow, max-snippet:-1, max-image-preview:large, max-video-preview:-1\" \/>\n<link rel=\"canonical\" href=\"https:\/\/domano.ba\/en\/sigurnost-placanja\/\" \/>\n<meta property=\"og:locale\" content=\"en_US\" \/>\n<meta property=\"og:type\" content=\"article\" \/>\n<meta property=\"og:title\" content=\"Sigurnost pla\u0107anja - Vina Domano - Vinarija Domanica d.o.o.\" \/>\n<meta property=\"og:description\" content=\"* * * * Sigurnost pla\u0107anja kreditnim karticama Tajnost Va\u0161ih podataka je za\u0161ti\u0107ena i osigurana&hellip;\" \/>\n<meta property=\"og:url\" content=\"https:\/\/domano.ba\/en\/sigurnost-placanja\/\" \/>\n<meta property=\"og:site_name\" content=\"Vina Domano - Vinarija Domanica d.o.o.\" \/>\n<meta property=\"article:modified_time\" content=\"2022-09-07T12:01:36+00:00\" \/>\n<meta property=\"og:image\" content=\"https:\/\/domano.ba\/wp-content\/uploads\/2022\/09\/monri_footer-Custom.png\" \/>\n<meta name=\"twitter:card\" content=\"summary_large_image\" \/>\n<meta name=\"twitter:label1\" content=\"Est. reading time\" \/>\n\t<meta name=\"twitter:data1\" content=\"1 minute\" \/>\n<script type=\"application\/ld+json\" class=\"yoast-schema-graph\">{\"@context\":\"https:\/\/schema.org\",\"@graph\":[{\"@type\":\"WebPage\",\"@id\":\"https:\/\/domano.ba\/sigurnost-placanja\/\",\"url\":\"https:\/\/domano.ba\/sigurnost-placanja\/\",\"name\":\"Sigurnost pla\u0107anja - Vina Domano - Vinarija Domanica d.o.o.\",\"isPartOf\":{\"@id\":\"https:\/\/domano.ba\/#website\"},\"primaryImageOfPage\":{\"@id\":\"https:\/\/domano.ba\/sigurnost-placanja\/#primaryimage\"},\"image\":{\"@id\":\"https:\/\/domano.ba\/sigurnost-placanja\/#primaryimage\"},\"thumbnailUrl\":\"https:\/\/domano.ba\/wp-content\/uploads\/2022\/09\/monri_footer-Custom.png\",\"datePublished\":\"2022-09-07T11:58:55+00:00\",\"dateModified\":\"2022-09-07T12:01:36+00:00\",\"breadcrumb\":{\"@id\":\"https:\/\/domano.ba\/sigurnost-placanja\/#breadcrumb\"},\"inLanguage\":\"en-US\",\"potentialAction\":[{\"@type\":\"ReadAction\",\"target\":[\"https:\/\/domano.ba\/sigurnost-placanja\/\"]}]},{\"@type\":\"ImageObject\",\"inLanguage\":\"en-US\",\"@id\":\"https:\/\/domano.ba\/sigurnost-placanja\/#primaryimage\",\"url\":\"https:\/\/domano.ba\/wp-content\/uploads\/2022\/09\/monri_footer-Custom.png\",\"contentUrl\":\"https:\/\/domano.ba\/wp-content\/uploads\/2022\/09\/monri_footer-Custom.png\"},{\"@type\":\"BreadcrumbList\",\"@id\":\"https:\/\/domano.ba\/sigurnost-placanja\/#breadcrumb\",\"itemListElement\":[{\"@type\":\"ListItem\",\"position\":1,\"name\":\"Po\u010detna stranica\",\"item\":\"https:\/\/domano.ba\/\"},{\"@type\":\"ListItem\",\"position\":2,\"name\":\"Sigurnost pla\u0107anja\"}]},{\"@type\":\"WebSite\",\"@id\":\"https:\/\/domano.ba\/#website\",\"url\":\"https:\/\/domano.ba\/\",\"name\":\"Vina Domano - Vinarija Domanica d.o.o.\",\"description\":\"Vina dubokih korijena - Mostar - \u010capljina\",\"publisher\":{\"@id\":\"https:\/\/domano.ba\/#organization\"},\"potentialAction\":[{\"@type\":\"SearchAction\",\"target\":{\"@type\":\"EntryPoint\",\"urlTemplate\":\"https:\/\/domano.ba\/?s={search_term_string}\"},\"query-input\":{\"@type\":\"PropertyValueSpecification\",\"valueRequired\":true,\"valueName\":\"search_term_string\"}}],\"inLanguage\":\"en-US\"},{\"@type\":\"Organization\",\"@id\":\"https:\/\/domano.ba\/#organization\",\"name\":\"Vina Domano - Vinarija Domanica d.o.o.\",\"url\":\"https:\/\/domano.ba\/\",\"logo\":{\"@type\":\"ImageObject\",\"inLanguage\":\"en-US\",\"@id\":\"https:\/\/domano.ba\/#\/schema\/logo\/image\/\",\"url\":\"https:\/\/domano.ba\/wp-content\/uploads\/2022\/09\/DOMANO-LOGO-01.png\",\"contentUrl\":\"https:\/\/domano.ba\/wp-content\/uploads\/2022\/09\/DOMANO-LOGO-01.png\",\"width\":1182,\"height\":1182,\"caption\":\"Vina Domano - Vinarija Domanica d.o.o.\"},\"image\":{\"@id\":\"https:\/\/domano.ba\/#\/schema\/logo\/image\/\"},\"sameAs\":[\"https:\/\/www.instagram.com\/vinadomano\/\"]}]}<\/script>\n<!-- \/ Yoast SEO plugin. -->","yoast_head_json":{"title":"Sigurnost pla\u0107anja - Vina Domano - Vinarija Domanica d.o.o.","robots":{"index":"index","follow":"follow","max-snippet":"max-snippet:-1","max-image-preview":"max-image-preview:large","max-video-preview":"max-video-preview:-1"},"canonical":"https:\/\/domano.ba\/en\/sigurnost-placanja\/","og_locale":"en_US","og_type":"article","og_title":"Sigurnost pla\u0107anja - Vina Domano - Vinarija Domanica d.o.o.","og_description":"* * * * Sigurnost pla\u0107anja kreditnim karticama Tajnost Va\u0161ih podataka je za\u0161ti\u0107ena i osigurana&hellip;","og_url":"https:\/\/domano.ba\/en\/sigurnost-placanja\/","og_site_name":"Vina Domano - Vinarija Domanica d.o.o.","article_modified_time":"2022-09-07T12:01:36+00:00","og_image":[{"url":"https:\/\/domano.ba\/wp-content\/uploads\/2022\/09\/monri_footer-Custom.png","type":"","width":"","height":""}],"twitter_card":"summary_large_image","twitter_misc":{"Est. reading time":"1 minute"},"schema":{"@context":"https:\/\/schema.org","@graph":[{"@type":"WebPage","@id":"https:\/\/domano.ba\/sigurnost-placanja\/","url":"https:\/\/domano.ba\/sigurnost-placanja\/","name":"Sigurnost pla\u0107anja - Vina Domano - Vinarija Domanica d.o.o.","isPartOf":{"@id":"https:\/\/domano.ba\/#website"},"primaryImageOfPage":{"@id":"https:\/\/domano.ba\/sigurnost-placanja\/#primaryimage"},"image":{"@id":"https:\/\/domano.ba\/sigurnost-placanja\/#primaryimage"},"thumbnailUrl":"https:\/\/domano.ba\/wp-content\/uploads\/2022\/09\/monri_footer-Custom.png","datePublished":"2022-09-07T11:58:55+00:00","dateModified":"2022-09-07T12:01:36+00:00","breadcrumb":{"@id":"https:\/\/domano.ba\/sigurnost-placanja\/#breadcrumb"},"inLanguage":"en-US","potentialAction":[{"@type":"ReadAction","target":["https:\/\/domano.ba\/sigurnost-placanja\/"]}]},{"@type":"ImageObject","inLanguage":"en-US","@id":"https:\/\/domano.ba\/sigurnost-placanja\/#primaryimage","url":"https:\/\/domano.ba\/wp-content\/uploads\/2022\/09\/monri_footer-Custom.png","contentUrl":"https:\/\/domano.ba\/wp-content\/uploads\/2022\/09\/monri_footer-Custom.png"},{"@type":"BreadcrumbList","@id":"https:\/\/domano.ba\/sigurnost-placanja\/#breadcrumb","itemListElement":[{"@type":"ListItem","position":1,"name":"Po\u010detna stranica","item":"https:\/\/domano.ba\/"},{"@type":"ListItem","position":2,"name":"Sigurnost pla\u0107anja"}]},{"@type":"WebSite","@id":"https:\/\/domano.ba\/#website","url":"https:\/\/domano.ba\/","name":"Vina Domano - Vinarija Domanica d.o.o.","description":"Vina dubokih korijena - Mostar - \u010capljina","publisher":{"@id":"https:\/\/domano.ba\/#organization"},"potentialAction":[{"@type":"SearchAction","target":{"@type":"EntryPoint","urlTemplate":"https:\/\/domano.ba\/?s={search_term_string}"},"query-input":{"@type":"PropertyValueSpecification","valueRequired":true,"valueName":"search_term_string"}}],"inLanguage":"en-US"},{"@type":"Organization","@id":"https:\/\/domano.ba\/#organization","name":"Vina Domano - Vinarija Domanica d.o.o.","url":"https:\/\/domano.ba\/","logo":{"@type":"ImageObject","inLanguage":"en-US","@id":"https:\/\/domano.ba\/#\/schema\/logo\/image\/","url":"https:\/\/domano.ba\/wp-content\/uploads\/2022\/09\/DOMANO-LOGO-01.png","contentUrl":"https:\/\/domano.ba\/wp-content\/uploads\/2022\/09\/DOMANO-LOGO-01.png","width":1182,"height":1182,"caption":"Vina Domano - Vinarija Domanica d.o.o."},"image":{"@id":"https:\/\/domano.ba\/#\/schema\/logo\/image\/"},"sameAs":["https:\/\/www.instagram.com\/vinadomano\/"]}]}},"_links":{"self":[{"href":"https:\/\/domano.ba\/en\/wp-json\/wp\/v2\/pages\/19868","targetHints":{"allow":["GET"]}}],"collection":[{"href":"https:\/\/domano.ba\/en\/wp-json\/wp\/v2\/pages"}],"about":[{"href":"https:\/\/domano.ba\/en\/wp-json\/wp\/v2\/types\/page"}],"author":[{"embeddable":true,"href":"https:\/\/domano.ba\/en\/wp-json\/wp\/v2\/users\/1"}],"replies":[{"embeddable":true,"href":"https:\/\/domano.ba\/en\/wp-json\/wp\/v2\/comments?post=19868"}],"version-history":[{"count":4,"href":"https:\/\/domano.ba\/en\/wp-json\/wp\/v2\/pages\/19868\/revisions"}],"predecessor-version":[{"id":19875,"href":"https:\/\/domano.ba\/en\/wp-json\/wp\/v2\/pages\/19868\/revisions\/19875"}],"wp:attachment":[{"href":"https:\/\/domano.ba\/en\/wp-json\/wp\/v2\/media?parent=19868"}],"curies":[{"name":"wp","href":"https:\/\/api.w.org\/{rel}","templated":true}]}}