{"id":19857,"date":"2022-09-07T11:50:51","date_gmt":"2022-09-07T11:50:51","guid":{"rendered":"https:\/\/domano.ba\/?page_id=19857"},"modified":"2022-09-07T11:58:17","modified_gmt":"2022-09-07T11:58:17","slug":"uvjeti-kupovine","status":"publish","type":"page","link":"https:\/\/domano.ba\/en\/uvjeti-kupovine\/","title":{"rendered":"Terms of purchase"},"content":{"rendered":"<div data-elementor-type=\"wp-page\" data-elementor-id=\"19857\" class=\"elementor elementor-19857\">\n\t\t\t\t\t\t<section class=\"elementor-section elementor-top-section elementor-element elementor-element-aa19c6e elementor-section-boxed elementor-section-height-default elementor-section-height-default sc_fly_static\" data-id=\"aa19c6e\" data-element_type=\"section\" id=\"kusaona\">\n\t\t\t\t\t\t<div class=\"elementor-container elementor-column-gap-extended\">\n\t\t\t\t\t<div class=\"elementor-column elementor-col-100 elementor-top-column elementor-element elementor-element-df3d675 sc_inner_width_none sc_content_align_inherit sc_layouts_column_icons_position_left sc_fly_static\" data-id=\"df3d675\" data-element_type=\"column\">\n\t\t\t<div class=\"elementor-widget-wrap elementor-element-populated\">\n\t\t\t\t\t\t<div class=\"elementor-element elementor-element-ec02593 sc_height_huge sc_fly_static elementor-widget elementor-widget-spacer\" data-id=\"ec02593\" data-element_type=\"widget\" data-widget_type=\"spacer.default\">\n\t\t\t\t<div class=\"elementor-widget-container\">\n\t\t\t\t\t<div class=\"elementor-spacer\">\n\t\t\t<div class=\"elementor-spacer-inner\"><\/div>\n\t\t<\/div>\n\t\t\t\t<\/div>\n\t\t\t\t<\/div>\n\t\t\t\t<div class=\"elementor-element elementor-element-86f48ae sc_fly_static elementor-widget elementor-widget-trx_sc_title\" data-id=\"86f48ae\" data-element_type=\"widget\" data-widget_type=\"trx_sc_title.default\">\n\t\t\t\t<div class=\"elementor-widget-container\">\n\t\t\t<div\t\tclass=\"sc_title color_style_link2 sc_title_default\" ><span class=\"sc_item_subtitle sc_title_subtitle sc_item_subtitle_above sc_item_title_style_default\">conditions of purchase<\/span><h1 class=\"sc_item_title sc_title_title sc_item_title_style_default sc_item_title_tag\"\n\t\t\t><span class=\"sc_item_title_text\">About the Company<\/span><\/h1><\/div>\t\t<\/div>\n\t\t\t\t<\/div>\n\t\t\t\t<div class=\"elementor-element elementor-element-5a01d71 sc_height_small sc_fly_static elementor-widget elementor-widget-spacer\" data-id=\"5a01d71\" data-element_type=\"widget\" data-widget_type=\"spacer.default\">\n\t\t\t\t<div class=\"elementor-widget-container\">\n\t\t\t\t\t<div class=\"elementor-spacer\">\n\t\t\t<div class=\"elementor-spacer-inner\"><\/div>\n\t\t<\/div>\n\t\t\t\t<\/div>\n\t\t\t\t<\/div>\n\t\t\t\t<div class=\"elementor-element elementor-element-e58f3cc sc_fly_static elementor-widget elementor-widget-text-editor\" data-id=\"e58f3cc\" data-element_type=\"widget\" data-widget_type=\"text-editor.default\">\n\t\t\t\t<div class=\"elementor-widget-container\">\n\t\t\t\t\t\t\t<div>\n<div>\n<div>\n<div>\n<div>\n<div>\n<p><strong>Winery Domanica d.o.o.<\/strong><\/p>\n<p>Domanovi\u0107i bb, 88305,<\/p>\n<p>Domanovi\u0107i, Bosnia and Herzegovina<\/p>\n<p>JIB: 4227217120003, represented by Ivan Pa\u017ein, director. (hereinafter: Contract partner)<\/p>\n<p><\/p>\n<p>Internet address of the Electronic Sales Point:<\/p>\n<p>www.domano.ba<\/p>\n<p>Contact person:&nbsp;<strong>Marin Gagro<\/strong><\/p>\n<p>e-mail:<a href=\"mailto:marin.gagro@domano.ba\">&nbsp;<strong>marin.gagro@domano.ba<\/strong><\/a><\/p>\n<p>Email address for invoice delivery via eAccount:<strong>&nbsp;<a href=\"mailto:racunovodstvo@domano.ba\">racunovodstvo@domano.ba<\/a><\/strong><\/p>\n<p><\/p>\n<p>Payment in installments by card is possible:<br>Unicredit Visa Classic card<br>Diners i Discovery cards<\/p>\n<\/div>\n<\/div>\n<\/div>\n<\/div>\n<\/div>\n<\/div>\n<div>\n<div>\n<div>\n<div>\n<div>\n<div>\n<p>These conditions determine the procedure for ordering, paying, delivering and complaining about the products offered on these pages. Winery Domanica d.o.o. \u2013 www.domano.ba Internet pages can be used for your private use without any fees for use, and according to the following conditions and rules.<br>The seller is Vinarija Domanica d.o.o. \u2013 www.domano.ba, and the customer is a visitor to these pages who fills out an electronic order, sends it to the seller and makes payment via credit card or cash on delivery.<\/p>\n<p><strong>ORDERING<\/strong><br>The customer orders the product or products via the electronic order form.<br>Any person who electronically orders at least one product, fills in the required information and submits the order is considered a customer.<br>All prices are expressed in Convertible Marks, including VAT. The customer additionally has the option of displaying prices in US dollars and euros.<br>The goods are ordered electronically, by clicking on a specific product and saving it in the shopping cart.<br>The goods are considered ordered when the customer chooses and confirms the payment method.<\/p>\n<p><strong>PAYMENT<\/strong><br>Ordered products or services are paid online with one of the following credit cards:<br>MasterCard, Maestro ili Visa.<\/p>\n<p><strong>DELIVERY<\/strong><br>The ordered products are packed in such a way that they are not damaged during normal handling.<br>When taking over, the buyer is obliged to check the condition of the shipment and, in case of damage, immediately report the product to the delivery person (employee of the company making the delivery). The seller waives all responsibility for damage that may occur during delivery.<br>If the buyer does not receive the goods, or the delivery notification, after they have been sent, within the expected time, the buyer has the right to notify the seller about this so that actions can be taken to find the shipment or to send a replacement shipment.<br>If the buyer refuses to receive the ordered goods, the seller has the right to ask the buyer for reimbursement of all costs related to delivery.<br>The seller undertakes to send the shipment to the buyer the moment he receives the confirmation approving the online transaction. After receiving this confirmation, the seller undertakes to send the shipment within 5 (five) working days.<br>After the delivery person (the delivery company) receives the shipment from the seller, the seller is no longer responsible for the further course of delivery and possible<br>delays and problems that may arise in connection with further manipulation and delivery of goods<br>If the buyer chooses the product download option instead of delivery, the seller undertakes to send a notification exclusively in the form of e-mail to the buyer, which will contain download links and instructions. After receiving the e-mail (download notification), the customer can immediately download the product.<\/p>\n<p><strong>COMPLAINTS<\/strong><br>The seller undertakes to deliver a product that is technically correct and corresponds to the product description stated on&nbsp;<span style=\"font-family: Montserrat, sans-serif; font-size: 18px; font-style: normal; font-weight: 400;\">Vinarija Domanica d.o.o. \u2013 www.domano.ba<\/span>. The image that illustrates the product on the website does not have to correspond to the actual appearance of the product, and the customer cannot advertise this segment.<br>In case of technical malfunction of the audio tracks stored on the audio carrier, the seller assumes full responsibility. In case of technical malfunction, the buyer is obliged to advertise the product within 4 (four) working days. After reporting a technical defect, the buyer is obliged to return the technically defective audio transmitter by mail, along with the delivery note, after which the seller will send the buyer a replacement product within 3 (three) working days, free of charge. In the case of the above, the customer has no right to request a refund, but only a replacement product.<br>The seller is not responsible for possible damages and other obligations that are in the domain of the delivery person (the company that performs product delivery).<br>If the buyer chooses the product download option and the buyer is unable to download due to technical problems caused by the seller's server, the seller undertakes to send an email with a new download option, for which the buyer does not bear any costs.<br>In the event that the buyer is not able to perform the download caused by technical problems on the seller's server, the buyer is obliged to contact<br>the seller's sales service, which will offer an adequate solution that will not be available in itself<br>contain no compensation and no further costs from the customer. The customer has no right to request a refund in this situation.<br>In the event that the customer cannot download the product, and the technical problems are not related to the seller, but are caused by the customer, the operator or a third party, the seller bears no responsibility and is not obliged to allow the customer to download or deliver the goods free of charge.<br>The customer is obliged to download the product within 5 (five) working days, after that he will no longer be able to download the product, regardless of the payment made. In this case, the buyer waives any complaint.<\/p>\n<p><strong>COPYRIGHT PROTECTION<\/strong><br>All rights of the publisher and program holder on the recorded and printed work are reserved. He is a publisher and publisher&nbsp;<span style=\"font-family: Montserrat, sans-serif; font-size: 18px; font-style: normal; font-weight: 400;\">Vinarija Domanica d.o.o. \u2013 www.domano.ba<\/span>&nbsp;The buyer undertakes not to reproduce, perform, use for radio diffusion and sell the seller's products or any part of these products without authorization.<\/p>\n<p><strong>GENERAL<\/strong><br><span style=\"font-family: Montserrat, sans-serif; font-size: 18px; font-style: normal; font-weight: 400;\">Vinarija Domanica d.o.o. \u2013 www.domano.ba<\/span>&nbsp;reserves the right to change these terms and conditions. Any changes will be applied to usage&nbsp;<span style=\"font-family: Montserrat, sans-serif; font-size: 18px; font-style: normal; font-weight: 400;\">Vinarija Domanica d.o.o. \u2013 www.domano.ba<\/span>&nbsp;page. The customer is responsible for the accuracy and completeness of the data entered during the purchase.<br>Services provided to you&nbsp;<span style=\"font-family: Montserrat, sans-serif; font-size: 18px; font-style: normal; font-weight: 400;\">Vinarija Domanica d.o.o. \u2013 www.domano.ba<\/span>&nbsp;The online store does not include the costs you incur using computer equipment and services to access our pages.<br><span style=\"font-family: Montserrat, sans-serif; font-size: 18px; font-style: normal; font-weight: 400;\">Vinarija Domanica d.o.o. \u2013 www.domano.ba<\/span>&nbsp;is not responsible for telephone costs, Internet traffic or any other costs that may occur.<br>Although you&nbsp;<span style=\"font-family: Montserrat, sans-serif; font-size: 18px; font-style: normal; font-weight: 400;\">Vinarija Domanica d.o.o. \u2013 www.domano.ba<\/span>&nbsp;strives to provide the best possible service offer,&nbsp;<span style=\"font-family: Montserrat, sans-serif; font-size: 18px; font-style: normal; font-weight: 400;\">Vinarija Domanica d.o.o. \u2013 www.domano.ba<\/span>&nbsp;cannot guarantee that the services on&nbsp;<span style=\"font-family: Montserrat, sans-serif; font-size: 18px; font-style: normal; font-weight: 400;\">Vinarija Domanica d.o.o. \u2013 www.domano.ba<\/span>&nbsp;suit your needs.&nbsp;<span style=\"font-family: Montserrat, sans-serif; font-size: 18px; font-style: normal; font-weight: 400;\">Vinarija Domanica d.o.o. \u2013 www.domano.ba<\/span>&nbsp;nor can it guarantee that the service will be error-free. If an error occurs, please report it to our Contact Center or to the e-mail above so that we can eliminate it as quickly as possible.<\/p>\n<\/div>\n<\/div>\n<\/div>\n<\/div>\n<\/div>\n<\/div>\t\t\t\t\t\t<\/div>\n\t\t\t\t<\/div>\n\t\t\t\t\t<\/div>\n\t\t<\/div>\n\t\t\t\t\t<\/div>\n\t\t<\/section>\n\t\t\t\t<section class=\"elementor-section elementor-top-section elementor-element elementor-element-b77c83d elementor-section-full_width elementor-section-height-default elementor-section-height-default sc_fly_static\" data-id=\"b77c83d\" data-element_type=\"section\">\n\t\t\t\t\t\t<div class=\"elementor-container elementor-column-gap-no\">\n\t\t\t\t\t<div class=\"elementor-column elementor-col-100 elementor-top-column elementor-element elementor-element-bfbef20 sc_inner_width_none sc_content_align_inherit sc_layouts_column_icons_position_left sc_fly_static\" data-id=\"bfbef20\" data-element_type=\"column\">\n\t\t\t<div class=\"elementor-widget-wrap elementor-element-populated\">\n\t\t\t\t\t\t<div data-parallax-params=\"{&quot;parallax&quot;:1,&quot;flow&quot;:&quot;default&quot;,&quot;crop&quot;:&quot;none&quot;,&quot;ease&quot;:&quot;power2&quot;,&quot;duration&quot;:1.399999999999999911182158029987476766109466552734375,&quot;delay&quot;:0,&quot;squeeze&quot;:1,&quot;text&quot;:&quot;block&quot;,&quot;text_separate&quot;:0,&quot;text_wrap&quot;:0,&quot;mouse&quot;:1,&quot;mouse_type&quot;:&quot;transform&quot;,&quot;mouse_tilt_amount&quot;:70,&quot;mouse_speed&quot;:10,&quot;mouse_z&quot;:&quot;&quot;,&quot;mouse_handler&quot;:&quot;window&quot;,&quot;range_start&quot;:0,&quot;range_end&quot;:20,&quot;sticky_offset&quot;:0,&quot;lag&quot;:0,&quot;x_start&quot;:0,&quot;x_start_unit&quot;:&quot;px&quot;,&quot;x_end&quot;:0,&quot;x_end_unit&quot;:&quot;px&quot;,&quot;y_start&quot;:0,&quot;y_start_unit&quot;:&quot;px&quot;,&quot;y_end&quot;:0,&quot;y_end_unit&quot;:&quot;px&quot;,&quot;scale_start&quot;:100,&quot;scale_end&quot;:100,&quot;rotate_start&quot;:0,&quot;rotate_end&quot;:0,&quot;opacity_start&quot;:1,&quot;opacity_end&quot;:1,&quot;crop_start&quot;:0,&quot;crop_end&quot;:100}\" class=\"elementor-element elementor-element-a0fc2cf elementor-widget__width-initial elementor-absolute sc_parallax sc_parallax_mouse sc_parallax_type_transform elementor-widget-tablet__width-initial elementor-widget-mobile__width-initial sc_parallax_default sc_fly_static elementor-widget elementor-widget-image\" data-id=\"a0fc2cf\" data-element_type=\"widget\" data-settings=\"{&quot;_position&quot;:&quot;absolute&quot;}\" data-widget_type=\"image.default\">\n\t\t\t\t<div class=\"elementor-widget-container\">\n\t\t\t\t\t\t\t\t\t\t\t\t\t<img fetchpriority=\"high\" decoding=\"async\" width=\"234\" height=\"245\" src=\"https:\/\/domano.ba\/wp-content\/uploads\/2022\/09\/vina-domano-naslovna-o-nama-list.png\" class=\"attachment-full size-full wp-image-19628\" alt=\"vina-domano-naslovna-o-nama-list\" \/>\t\t\t\t\t\t\t\t\t\t\t\t\t<\/div>\n\t\t\t\t<\/div>\n\t\t\t\t<div class=\"elementor-element elementor-element-df17710 sc_height_huge sc_fly_static elementor-widget elementor-widget-spacer\" data-id=\"df17710\" data-element_type=\"widget\" data-widget_type=\"spacer.default\">\n\t\t\t\t<div class=\"elementor-widget-container\">\n\t\t\t\t\t<div class=\"elementor-spacer\">\n\t\t\t<div class=\"elementor-spacer-inner\"><\/div>\n\t\t<\/div>\n\t\t\t\t<\/div>\n\t\t\t\t<\/div>\n\t\t\t\t\t<\/div>\n\t\t<\/div>\n\t\t\t\t\t<\/div>\n\t\t<\/section>\n\t\t\t\t<\/div>","protected":false},"excerpt":{"rendered":"<p>uvjeti kupovine O Tvrtci Vinarija Domanica d.o.o. \u010capljina Domanovi\u0107i bb, 88305, Domanovi\u0107i, Bosna i Hercegovina&hellip;<\/p>","protected":false},"author":1,"featured_media":0,"parent":0,"menu_order":0,"comment_status":"closed","ping_status":"closed","template":"","meta":{"footnotes":""},"class_list":["post-19857","page","type-page","status-publish","hentry"],"yoast_head":"<!-- This site is optimized with the Yoast SEO plugin v26.9 - https:\/\/yoast.com\/product\/yoast-seo-wordpress\/ -->\n<title>Uvjeti kupovine - Vina Domano - Vinarija Domanica d.o.o.<\/title>\n<meta name=\"robots\" content=\"index, follow, max-snippet:-1, max-image-preview:large, max-video-preview:-1\" \/>\n<link rel=\"canonical\" href=\"https:\/\/domano.ba\/en\/uvjeti-kupovine\/\" \/>\n<meta property=\"og:locale\" content=\"en_US\" \/>\n<meta property=\"og:type\" content=\"article\" \/>\n<meta property=\"og:title\" content=\"Uvjeti kupovine - Vina Domano - Vinarija Domanica d.o.o.\" \/>\n<meta property=\"og:description\" content=\"uvjeti kupovine O Tvrtci Vinarija Domanica d.o.o. \u010capljina Domanovi\u0107i bb, 88305, Domanovi\u0107i, Bosna i Hercegovina&hellip;\" \/>\n<meta property=\"og:url\" content=\"https:\/\/domano.ba\/en\/uvjeti-kupovine\/\" \/>\n<meta property=\"og:site_name\" content=\"Vina Domano - Vinarija Domanica d.o.o.\" \/>\n<meta property=\"article:modified_time\" content=\"2022-09-07T11:58:17+00:00\" \/>\n<meta property=\"og:image\" content=\"https:\/\/domano.ba\/wp-content\/uploads\/2022\/09\/vina-domano-naslovna-o-nama-list.png\" \/>\n<meta name=\"twitter:card\" content=\"summary_large_image\" \/>\n<meta name=\"twitter:label1\" content=\"Est. reading time\" \/>\n\t<meta name=\"twitter:data1\" content=\"6 minutes\" \/>\n<script type=\"application\/ld+json\" class=\"yoast-schema-graph\">{\"@context\":\"https:\/\/schema.org\",\"@graph\":[{\"@type\":\"WebPage\",\"@id\":\"https:\/\/domano.ba\/uvjeti-kupovine\/\",\"url\":\"https:\/\/domano.ba\/uvjeti-kupovine\/\",\"name\":\"Uvjeti kupovine - Vina Domano - Vinarija Domanica d.o.o.\",\"isPartOf\":{\"@id\":\"https:\/\/domano.ba\/#website\"},\"primaryImageOfPage\":{\"@id\":\"https:\/\/domano.ba\/uvjeti-kupovine\/#primaryimage\"},\"image\":{\"@id\":\"https:\/\/domano.ba\/uvjeti-kupovine\/#primaryimage\"},\"thumbnailUrl\":\"https:\/\/domano.ba\/wp-content\/uploads\/2022\/09\/vina-domano-naslovna-o-nama-list.png\",\"datePublished\":\"2022-09-07T11:50:51+00:00\",\"dateModified\":\"2022-09-07T11:58:17+00:00\",\"breadcrumb\":{\"@id\":\"https:\/\/domano.ba\/uvjeti-kupovine\/#breadcrumb\"},\"inLanguage\":\"en-US\",\"potentialAction\":[{\"@type\":\"ReadAction\",\"target\":[\"https:\/\/domano.ba\/uvjeti-kupovine\/\"]}]},{\"@type\":\"ImageObject\",\"inLanguage\":\"en-US\",\"@id\":\"https:\/\/domano.ba\/uvjeti-kupovine\/#primaryimage\",\"url\":\"https:\/\/domano.ba\/wp-content\/uploads\/2022\/09\/vina-domano-naslovna-o-nama-list.png\",\"contentUrl\":\"https:\/\/domano.ba\/wp-content\/uploads\/2022\/09\/vina-domano-naslovna-o-nama-list.png\"},{\"@type\":\"BreadcrumbList\",\"@id\":\"https:\/\/domano.ba\/uvjeti-kupovine\/#breadcrumb\",\"itemListElement\":[{\"@type\":\"ListItem\",\"position\":1,\"name\":\"Po\u010detna stranica\",\"item\":\"https:\/\/domano.ba\/\"},{\"@type\":\"ListItem\",\"position\":2,\"name\":\"Uvjeti kupovine\"}]},{\"@type\":\"WebSite\",\"@id\":\"https:\/\/domano.ba\/#website\",\"url\":\"https:\/\/domano.ba\/\",\"name\":\"Vina Domano - Vinarija Domanica d.o.o.\",\"description\":\"Vina dubokih korijena - Mostar - \u010capljina\",\"publisher\":{\"@id\":\"https:\/\/domano.ba\/#organization\"},\"potentialAction\":[{\"@type\":\"SearchAction\",\"target\":{\"@type\":\"EntryPoint\",\"urlTemplate\":\"https:\/\/domano.ba\/?s={search_term_string}\"},\"query-input\":{\"@type\":\"PropertyValueSpecification\",\"valueRequired\":true,\"valueName\":\"search_term_string\"}}],\"inLanguage\":\"en-US\"},{\"@type\":\"Organization\",\"@id\":\"https:\/\/domano.ba\/#organization\",\"name\":\"Vina Domano - Vinarija Domanica d.o.o.\",\"url\":\"https:\/\/domano.ba\/\",\"logo\":{\"@type\":\"ImageObject\",\"inLanguage\":\"en-US\",\"@id\":\"https:\/\/domano.ba\/#\/schema\/logo\/image\/\",\"url\":\"https:\/\/domano.ba\/wp-content\/uploads\/2022\/09\/DOMANO-LOGO-01.png\",\"contentUrl\":\"https:\/\/domano.ba\/wp-content\/uploads\/2022\/09\/DOMANO-LOGO-01.png\",\"width\":1182,\"height\":1182,\"caption\":\"Vina Domano - Vinarija Domanica d.o.o.\"},\"image\":{\"@id\":\"https:\/\/domano.ba\/#\/schema\/logo\/image\/\"},\"sameAs\":[\"https:\/\/www.instagram.com\/vinadomano\/\"]}]}<\/script>\n<!-- \/ Yoast SEO plugin. -->","yoast_head_json":{"title":"Uvjeti kupovine - Vina Domano - Vinarija Domanica d.o.o.","robots":{"index":"index","follow":"follow","max-snippet":"max-snippet:-1","max-image-preview":"max-image-preview:large","max-video-preview":"max-video-preview:-1"},"canonical":"https:\/\/domano.ba\/en\/uvjeti-kupovine\/","og_locale":"en_US","og_type":"article","og_title":"Uvjeti kupovine - Vina Domano - Vinarija Domanica d.o.o.","og_description":"uvjeti kupovine O Tvrtci Vinarija Domanica d.o.o. \u010capljina Domanovi\u0107i bb, 88305, Domanovi\u0107i, Bosna i Hercegovina&hellip;","og_url":"https:\/\/domano.ba\/en\/uvjeti-kupovine\/","og_site_name":"Vina Domano - Vinarija Domanica d.o.o.","article_modified_time":"2022-09-07T11:58:17+00:00","og_image":[{"url":"https:\/\/domano.ba\/wp-content\/uploads\/2022\/09\/vina-domano-naslovna-o-nama-list.png","type":"","width":"","height":""}],"twitter_card":"summary_large_image","twitter_misc":{"Est. reading time":"6 minutes"},"schema":{"@context":"https:\/\/schema.org","@graph":[{"@type":"WebPage","@id":"https:\/\/domano.ba\/uvjeti-kupovine\/","url":"https:\/\/domano.ba\/uvjeti-kupovine\/","name":"Uvjeti kupovine - Vina Domano - Vinarija Domanica d.o.o.","isPartOf":{"@id":"https:\/\/domano.ba\/#website"},"primaryImageOfPage":{"@id":"https:\/\/domano.ba\/uvjeti-kupovine\/#primaryimage"},"image":{"@id":"https:\/\/domano.ba\/uvjeti-kupovine\/#primaryimage"},"thumbnailUrl":"https:\/\/domano.ba\/wp-content\/uploads\/2022\/09\/vina-domano-naslovna-o-nama-list.png","datePublished":"2022-09-07T11:50:51+00:00","dateModified":"2022-09-07T11:58:17+00:00","breadcrumb":{"@id":"https:\/\/domano.ba\/uvjeti-kupovine\/#breadcrumb"},"inLanguage":"en-US","potentialAction":[{"@type":"ReadAction","target":["https:\/\/domano.ba\/uvjeti-kupovine\/"]}]},{"@type":"ImageObject","inLanguage":"en-US","@id":"https:\/\/domano.ba\/uvjeti-kupovine\/#primaryimage","url":"https:\/\/domano.ba\/wp-content\/uploads\/2022\/09\/vina-domano-naslovna-o-nama-list.png","contentUrl":"https:\/\/domano.ba\/wp-content\/uploads\/2022\/09\/vina-domano-naslovna-o-nama-list.png"},{"@type":"BreadcrumbList","@id":"https:\/\/domano.ba\/uvjeti-kupovine\/#breadcrumb","itemListElement":[{"@type":"ListItem","position":1,"name":"Po\u010detna stranica","item":"https:\/\/domano.ba\/"},{"@type":"ListItem","position":2,"name":"Uvjeti kupovine"}]},{"@type":"WebSite","@id":"https:\/\/domano.ba\/#website","url":"https:\/\/domano.ba\/","name":"Vina Domano - Vinarija Domanica d.o.o.","description":"Vina dubokih korijena - Mostar - \u010capljina","publisher":{"@id":"https:\/\/domano.ba\/#organization"},"potentialAction":[{"@type":"SearchAction","target":{"@type":"EntryPoint","urlTemplate":"https:\/\/domano.ba\/?s={search_term_string}"},"query-input":{"@type":"PropertyValueSpecification","valueRequired":true,"valueName":"search_term_string"}}],"inLanguage":"en-US"},{"@type":"Organization","@id":"https:\/\/domano.ba\/#organization","name":"Vina Domano - Vinarija Domanica d.o.o.","url":"https:\/\/domano.ba\/","logo":{"@type":"ImageObject","inLanguage":"en-US","@id":"https:\/\/domano.ba\/#\/schema\/logo\/image\/","url":"https:\/\/domano.ba\/wp-content\/uploads\/2022\/09\/DOMANO-LOGO-01.png","contentUrl":"https:\/\/domano.ba\/wp-content\/uploads\/2022\/09\/DOMANO-LOGO-01.png","width":1182,"height":1182,"caption":"Vina Domano - Vinarija Domanica d.o.o."},"image":{"@id":"https:\/\/domano.ba\/#\/schema\/logo\/image\/"},"sameAs":["https:\/\/www.instagram.com\/vinadomano\/"]}]}},"_links":{"self":[{"href":"https:\/\/domano.ba\/en\/wp-json\/wp\/v2\/pages\/19857","targetHints":{"allow":["GET"]}}],"collection":[{"href":"https:\/\/domano.ba\/en\/wp-json\/wp\/v2\/pages"}],"about":[{"href":"https:\/\/domano.ba\/en\/wp-json\/wp\/v2\/types\/page"}],"author":[{"embeddable":true,"href":"https:\/\/domano.ba\/en\/wp-json\/wp\/v2\/users\/1"}],"replies":[{"embeddable":true,"href":"https:\/\/domano.ba\/en\/wp-json\/wp\/v2\/comments?post=19857"}],"version-history":[{"count":10,"href":"https:\/\/domano.ba\/en\/wp-json\/wp\/v2\/pages\/19857\/revisions"}],"predecessor-version":[{"id":19867,"href":"https:\/\/domano.ba\/en\/wp-json\/wp\/v2\/pages\/19857\/revisions\/19867"}],"wp:attachment":[{"href":"https:\/\/domano.ba\/en\/wp-json\/wp\/v2\/media?parent=19857"}],"curies":[{"name":"wp","href":"https:\/\/api.w.org\/{rel}","templated":true}]}}